{"id":676,"date":"2017-07-13T22:53:35","date_gmt":"2017-07-13T20:53:35","guid":{"rendered":"http:\/\/sonam.bzh\/?page_id=676"},"modified":"2024-09-16T08:40:01","modified_gmt":"2024-09-16T06:40:01","slug":"fred-gauter","status":"publish","type":"page","link":"https:\/\/sonam.bzh\/br\/ecole-de-musique\/professeurs\/fred-gauter\/","title":{"rendered":"Fred Gauter"},"content":{"rendered":"<p><\/p>\n<ul>\n<li>Kentelio\u00f9 gitar ha gitar-boud<\/li>\n<\/ul>\n<p><img decoding=\"async\" class=\"alignleft wp-image-677 size-full\" style=\"width: 50%\" src=\"http:\/\/sonam.bzh\/WP\/wp-content\/uploads\/2017\/07\/fred-gauter-1.jpg\" alt=\"\" \/><\/p>\n<p>&nbsp;<\/p>\n<p>Evit deraouidi hag evit monet pelloc&rsquo;h \u2013 Soni\u00f1 a-stroll<\/p>\n<p>&nbsp;<\/p>\n<p>Fred Gauter a zo bet \u00e9 studii\u00f1 ar sonerezh e skol Eric Lelann get C\u00e9sarius Alvim ha tapet geta\u00f1 ar BPJEPS &laquo;&nbsp;Ambrougi\u00f1 raktreso\u00f9 arzel amatour&nbsp;&raquo;.<\/p>\n<p>Skiant-prenet en deus bet \u00e9 soni\u00f1 gitar-boud ha gitar \u00e0r leurenno\u00f9 get ur bochad strollado\u00f9 reggae, sonerezh kanet e galleg, sonerezh a vro Vrazil, funk, rock&#8230;<\/p>\n<p>Kelenn a ra ar sonerezh abaoe 2013. Azasaat a ra da bep hani get ur bedagogiezh c&rsquo;hoarius, dre kentelio\u00f9 hiniennel ha prantado\u00f9 a-stroll e tizolay hag e yay \u00e0r-raok an deskourion.<\/p>\n<p>&nbsp;<\/p>\n<p>Monet e darempred dre bostel : \n<div class=\"wpcf7 no-js\" id=\"wpcf7-f678-o2\" lang=\"fr-FR\" dir=\"ltr\" data-wpcf7-id=\"678\">\n<div class=\"screen-reader-response\"><p role=\"status\" aria-live=\"polite\" aria-atomic=\"true\"><\/p> <ul><\/ul><\/div>\n<form action=\"\/br\/wp-json\/wp\/v2\/pages\/676#wpcf7-f678-o2\" method=\"post\" class=\"wpcf7-form init\" aria-label=\"Formulaire de contact\" novalidate=\"novalidate\" data-status=\"init\">\n<fieldset class=\"hidden-fields-container\"><input type=\"hidden\" name=\"_wpcf7\" value=\"678\" \/><input type=\"hidden\" name=\"_wpcf7_version\" value=\"6.1.5\" \/><input type=\"hidden\" name=\"_wpcf7_locale\" value=\"fr_FR\" \/><input type=\"hidden\" name=\"_wpcf7_unit_tag\" value=\"wpcf7-f678-o2\" \/><input type=\"hidden\" name=\"_wpcf7_container_post\" value=\"0\" \/><input type=\"hidden\" name=\"_wpcf7_posted_data_hash\" value=\"\" \/>\n<\/fieldset>\n<table class=\"sonam-form-prof\">\n\t<tr>\n\t\t<th class=\"sfp-right\">\n\t\t\t<p>Anv&nbsp;*&nbsp;<span class=\"wpcf7-form-control-wrap\" data-name=\"your-name\"><input size=\"40\" maxlength=\"400\" class=\"wpcf7-form-control wpcf7-text wpcf7-validates-as-required\" aria-required=\"true\" aria-invalid=\"false\" value=\"\" type=\"text\" name=\"your-name\" \/><\/span><br \/>\nPostel&nbsp;*&nbsp;<span class=\"wpcf7-form-control-wrap\" data-name=\"your-email\"><input size=\"40\" maxlength=\"400\" class=\"wpcf7-form-control wpcf7-email wpcf7-validates-as-required wpcf7-text wpcf7-validates-as-email\" aria-required=\"true\" aria-invalid=\"false\" value=\"\" type=\"email\" name=\"your-email\" \/><\/span>\n\t\t\t<\/p>\n\t\t<\/th>\n\t<\/tr>\n\t<tr>\n\t\t<td >\n\t\t\t<p><span class=\"wpcf7-form-control-wrap\" data-name=\"your-message\"><textarea cols=\"40\" rows=\"3\" maxlength=\"2000\" class=\"wpcf7-form-control wpcf7-textarea\" aria-invalid=\"false\" name=\"your-message\">Ho kemennad...<\/textarea><\/span>\n\t\t\t<\/p>\n\t\t<\/td>\n\t<\/tr>\n\t<tr>\n\t\t<th>\n\t\t\t<p><span id=\"wpcf7-69ecf6167fa88-wrapper\" class=\"wpcf7-form-control-wrap sonamhp-256-wrap\" style=\"display:none !important; visibility:hidden !important;\"><label for=\"wpcf7-69ecf6167fa88-field\" class=\"hp-message\">Veuillez laisser ce champ vide.<\/label><input id=\"wpcf7-69ecf6167fa88-field\"  class=\"wpcf7-form-control wpcf7-text\" type=\"text\" name=\"sonamhp-256\" value=\"\" size=\"40\" tabindex=\"-1\" autocomplete=\"new-password\" \/><\/span><input class=\"wpcf7-form-control wpcf7-submit has-spinner\" type=\"submit\" value=\"Kas\" \/>\n\t\t\t<\/p>\n\t\t<\/th>\n\t<\/tr>\n<\/table><p style=\"display: none !important;\" class=\"akismet-fields-container\" data-prefix=\"_wpcf7_ak_\"><label>&#916;<textarea name=\"_wpcf7_ak_hp_textarea\" cols=\"45\" rows=\"8\" maxlength=\"100\"><\/textarea><\/label><input type=\"hidden\" id=\"ak_js_2\" name=\"_wpcf7_ak_js\" value=\"21\"\/><script type=\"text\/javascript\">\n\/* <![CDATA[ *\/\ndocument.getElementById( \"ak_js_2\" ).setAttribute( \"value\", ( new Date() ).getTime() );\n\/* ]]> *\/\n<\/script>\n<\/p><div class=\"wpcf7-response-output\" aria-hidden=\"true\"><\/div>\n<\/form>\n<\/div>\n<\/p>\n<p><\/p>","protected":false},"excerpt":{"rendered":"<p>Kentelio\u00f9 gitar ha gitar-boud &nbsp; Evit deraouidi hag evit monet pelloc&rsquo;h \u2013 Soni\u00f1 a-stroll &nbsp; Fred Gauter a zo bet \u00e9 studii\u00f1 ar sonerezh e skol Eric Lelann get C\u00e9sarius Alvim ha tapet geta\u00f1 ar BPJEPS &laquo;&nbsp;Ambrougi\u00f1 raktreso\u00f9 arzel amatour&nbsp;&raquo;. Skiant-prenet en deus bet \u00e9 soni\u00f1 gitar-boud ha gitar \u00e0r leurenno\u00f9 get ur bochad strollado\u00f9 [&hellip;]<\/p>\n","protected":false},"author":1,"featured_media":0,"parent":42,"menu_order":0,"comment_status":"closed","ping_status":"closed","template":"","meta":{"_bbp_topic_count":0,"_bbp_reply_count":0,"_bbp_total_topic_count":0,"_bbp_total_reply_count":0,"_bbp_voice_count":0,"_bbp_anonymous_reply_count":0,"_bbp_topic_count_hidden":0,"_bbp_reply_count_hidden":0,"_bbp_forum_subforum_count":0,"ngg_post_thumbnail":0,"footnotes":""},"class_list":["post-676","page","type-page","status-publish","czr-hentry"],"yoast_head":"<!-- This site is optimized with the Yoast SEO plugin v27.4 - https:\/\/yoast.com\/product\/yoast-seo-wordpress\/ -->\n<title>Fred Gauter - Sonam&#039; - Skol Sonerezh<\/title>\n<meta name=\"robots\" content=\"index, follow, max-snippet:-1, max-image-preview:large, max-video-preview:-1\" \/>\n<link rel=\"canonical\" href=\"https:\/\/sonam.bzh\/ecole-de-musique\/professeurs\/fred-gauter\/\" class=\"yoast-seo-meta-tag\" \/>\n<meta property=\"og:locale\" content=\"en_US\" class=\"yoast-seo-meta-tag\" \/>\n<meta property=\"og:type\" content=\"article\" class=\"yoast-seo-meta-tag\" \/>\n<meta property=\"og:title\" content=\"Fred Gauter - Sonam&#039; - Skol Sonerezh\" class=\"yoast-seo-meta-tag\" \/>\n<meta property=\"og:description\" content=\"Kentelio\u00f9 gitar ha gitar-boud &nbsp; Evit deraouidi hag evit monet pelloc&rsquo;h \u2013 Soni\u00f1 a-stroll &nbsp; Fred Gauter a zo bet \u00e9 studii\u00f1 ar sonerezh e skol Eric Lelann get C\u00e9sarius Alvim ha tapet geta\u00f1 ar BPJEPS &laquo;&nbsp;Ambrougi\u00f1 raktreso\u00f9 arzel amatour&nbsp;&raquo;. Skiant-prenet en deus bet \u00e9 soni\u00f1 gitar-boud ha gitar \u00e0r leurenno\u00f9 get ur bochad strollado\u00f9 [&hellip;]\" class=\"yoast-seo-meta-tag\" \/>\n<meta property=\"og:url\" content=\"https:\/\/sonam.bzh\/ecole-de-musique\/professeurs\/fred-gauter\/\" class=\"yoast-seo-meta-tag\" \/>\n<meta property=\"og:site_name\" content=\"Sonam&#039; - Skol Sonerezh\" class=\"yoast-seo-meta-tag\" \/>\n<meta property=\"article:publisher\" content=\"https:\/\/www.facebook.com\/SonamEcoleDeMusique\/\" class=\"yoast-seo-meta-tag\" \/>\n<meta property=\"article:modified_time\" content=\"2024-09-16T06:40:01+00:00\" class=\"yoast-seo-meta-tag\" \/>\n<meta property=\"og:image\" content=\"http:\/\/sonam.bzh\/WP\/wp-content\/uploads\/2017\/07\/fred-gauter-1.jpg\" class=\"yoast-seo-meta-tag\" \/>\n<meta name=\"twitter:card\" content=\"summary_large_image\" class=\"yoast-seo-meta-tag\" \/>\n<meta name=\"twitter:label1\" content=\"Est. reading time\" class=\"yoast-seo-meta-tag\" \/>\n\t<meta name=\"twitter:data1\" content=\"1 minute\" class=\"yoast-seo-meta-tag\" \/>\n<script type=\"application\/ld+json\" class=\"yoast-schema-graph\">{\"@context\":\"https:\\\/\\\/schema.org\",\"@graph\":[{\"@type\":\"WebPage\",\"@id\":\"https:\\\/\\\/sonam.bzh\\\/ecole-de-musique\\\/professeurs\\\/fred-gauter\\\/\",\"url\":\"https:\\\/\\\/sonam.bzh\\\/ecole-de-musique\\\/professeurs\\\/fred-gauter\\\/\",\"name\":\"Fred Gauter - Sonam&#039; - Skol Sonerezh\",\"isPartOf\":{\"@id\":\"https:\\\/\\\/sonam.bzh\\\/#website\"},\"primaryImageOfPage\":{\"@id\":\"https:\\\/\\\/sonam.bzh\\\/ecole-de-musique\\\/professeurs\\\/fred-gauter\\\/#primaryimage\"},\"image\":{\"@id\":\"https:\\\/\\\/sonam.bzh\\\/ecole-de-musique\\\/professeurs\\\/fred-gauter\\\/#primaryimage\"},\"thumbnailUrl\":\"http:\\\/\\\/sonam.bzh\\\/WP\\\/wp-content\\\/uploads\\\/2017\\\/07\\\/fred-gauter-1.jpg\",\"datePublished\":\"2017-07-13T20:53:35+00:00\",\"dateModified\":\"2024-09-16T06:40:01+00:00\",\"breadcrumb\":{\"@id\":\"https:\\\/\\\/sonam.bzh\\\/ecole-de-musique\\\/professeurs\\\/fred-gauter\\\/#breadcrumb\"},\"inLanguage\":\"br\",\"potentialAction\":[{\"@type\":\"ReadAction\",\"target\":[\"https:\\\/\\\/sonam.bzh\\\/ecole-de-musique\\\/professeurs\\\/fred-gauter\\\/\"]}]},{\"@type\":\"ImageObject\",\"inLanguage\":\"br\",\"@id\":\"https:\\\/\\\/sonam.bzh\\\/ecole-de-musique\\\/professeurs\\\/fred-gauter\\\/#primaryimage\",\"url\":\"http:\\\/\\\/sonam.bzh\\\/WP\\\/wp-content\\\/uploads\\\/2017\\\/07\\\/fred-gauter-1.jpg\",\"contentUrl\":\"http:\\\/\\\/sonam.bzh\\\/WP\\\/wp-content\\\/uploads\\\/2017\\\/07\\\/fred-gauter-1.jpg\"},{\"@type\":\"BreadcrumbList\",\"@id\":\"https:\\\/\\\/sonam.bzh\\\/ecole-de-musique\\\/professeurs\\\/fred-gauter\\\/#breadcrumb\",\"itemListElement\":[{\"@type\":\"ListItem\",\"position\":1,\"name\":\"Accueil\",\"item\":\"https:\\\/\\\/sonam.bzh\\\/\"},{\"@type\":\"ListItem\",\"position\":2,\"name\":\"L&rsquo;\u00e9cole de musique Sonam&rsquo;\",\"item\":\"https:\\\/\\\/sonam.bzh\\\/ecole-de-musique\\\/\"},{\"@type\":\"ListItem\",\"position\":3,\"name\":\"Les professeurs\",\"item\":\"https:\\\/\\\/sonam.bzh\\\/ecole-de-musique\\\/professeurs\\\/\"},{\"@type\":\"ListItem\",\"position\":4,\"name\":\"Fred Gauter\"}]},{\"@type\":\"WebSite\",\"@id\":\"https:\\\/\\\/sonam.bzh\\\/#website\",\"url\":\"https:\\\/\\\/sonam.bzh\\\/\",\"name\":\"Sonam - Ecole de Musique\",\"description\":\"Sonam&#039; - Skol Sonerezh\",\"potentialAction\":[{\"@type\":\"SearchAction\",\"target\":{\"@type\":\"EntryPoint\",\"urlTemplate\":\"https:\\\/\\\/sonam.bzh\\\/?s={search_term_string}\"},\"query-input\":{\"@type\":\"PropertyValueSpecification\",\"valueRequired\":true,\"valueName\":\"search_term_string\"}}],\"inLanguage\":\"br\"}]}<\/script>\n<!-- \/ Yoast SEO plugin. -->","yoast_head_json":{"title":"Fred Gauter - Sonam&#039; - Skol Sonerezh","robots":{"index":"index","follow":"follow","max-snippet":"max-snippet:-1","max-image-preview":"max-image-preview:large","max-video-preview":"max-video-preview:-1"},"canonical":"https:\/\/sonam.bzh\/ecole-de-musique\/professeurs\/fred-gauter\/","og_locale":"en_US","og_type":"article","og_title":"Fred Gauter - Sonam&#039; - Skol Sonerezh","og_description":"Kentelio\u00f9 gitar ha gitar-boud &nbsp; Evit deraouidi hag evit monet pelloc&rsquo;h \u2013 Soni\u00f1 a-stroll &nbsp; Fred Gauter a zo bet \u00e9 studii\u00f1 ar sonerezh e skol Eric Lelann get C\u00e9sarius Alvim ha tapet geta\u00f1 ar BPJEPS &laquo;&nbsp;Ambrougi\u00f1 raktreso\u00f9 arzel amatour&nbsp;&raquo;. Skiant-prenet en deus bet \u00e9 soni\u00f1 gitar-boud ha gitar \u00e0r leurenno\u00f9 get ur bochad strollado\u00f9 [&hellip;]","og_url":"https:\/\/sonam.bzh\/ecole-de-musique\/professeurs\/fred-gauter\/","og_site_name":"Sonam&#039; - Skol Sonerezh","article_publisher":"https:\/\/www.facebook.com\/SonamEcoleDeMusique\/","article_modified_time":"2024-09-16T06:40:01+00:00","og_image":[{"url":"http:\/\/sonam.bzh\/WP\/wp-content\/uploads\/2017\/07\/fred-gauter-1.jpg","type":"","width":"","height":""}],"twitter_card":"summary_large_image","twitter_misc":{"Est. reading time":"1 minute"},"schema":{"@context":"https:\/\/schema.org","@graph":[{"@type":"WebPage","@id":"https:\/\/sonam.bzh\/ecole-de-musique\/professeurs\/fred-gauter\/","url":"https:\/\/sonam.bzh\/ecole-de-musique\/professeurs\/fred-gauter\/","name":"Fred Gauter - Sonam&#039; - Skol Sonerezh","isPartOf":{"@id":"https:\/\/sonam.bzh\/#website"},"primaryImageOfPage":{"@id":"https:\/\/sonam.bzh\/ecole-de-musique\/professeurs\/fred-gauter\/#primaryimage"},"image":{"@id":"https:\/\/sonam.bzh\/ecole-de-musique\/professeurs\/fred-gauter\/#primaryimage"},"thumbnailUrl":"http:\/\/sonam.bzh\/WP\/wp-content\/uploads\/2017\/07\/fred-gauter-1.jpg","datePublished":"2017-07-13T20:53:35+00:00","dateModified":"2024-09-16T06:40:01+00:00","breadcrumb":{"@id":"https:\/\/sonam.bzh\/ecole-de-musique\/professeurs\/fred-gauter\/#breadcrumb"},"inLanguage":"br","potentialAction":[{"@type":"ReadAction","target":["https:\/\/sonam.bzh\/ecole-de-musique\/professeurs\/fred-gauter\/"]}]},{"@type":"ImageObject","inLanguage":"br","@id":"https:\/\/sonam.bzh\/ecole-de-musique\/professeurs\/fred-gauter\/#primaryimage","url":"http:\/\/sonam.bzh\/WP\/wp-content\/uploads\/2017\/07\/fred-gauter-1.jpg","contentUrl":"http:\/\/sonam.bzh\/WP\/wp-content\/uploads\/2017\/07\/fred-gauter-1.jpg"},{"@type":"BreadcrumbList","@id":"https:\/\/sonam.bzh\/ecole-de-musique\/professeurs\/fred-gauter\/#breadcrumb","itemListElement":[{"@type":"ListItem","position":1,"name":"Accueil","item":"https:\/\/sonam.bzh\/"},{"@type":"ListItem","position":2,"name":"L&rsquo;\u00e9cole de musique Sonam&rsquo;","item":"https:\/\/sonam.bzh\/ecole-de-musique\/"},{"@type":"ListItem","position":3,"name":"Les professeurs","item":"https:\/\/sonam.bzh\/ecole-de-musique\/professeurs\/"},{"@type":"ListItem","position":4,"name":"Fred Gauter"}]},{"@type":"WebSite","@id":"https:\/\/sonam.bzh\/#website","url":"https:\/\/sonam.bzh\/","name":"Sonam - Ecole de Musique","description":"Sonam&#039; - Skol Sonerezh","potentialAction":[{"@type":"SearchAction","target":{"@type":"EntryPoint","urlTemplate":"https:\/\/sonam.bzh\/?s={search_term_string}"},"query-input":{"@type":"PropertyValueSpecification","valueRequired":true,"valueName":"search_term_string"}}],"inLanguage":"br"}]}},"jetpack_sharing_enabled":true,"_links":{"self":[{"href":"https:\/\/sonam.bzh\/br\/wp-json\/wp\/v2\/pages\/676","targetHints":{"allow":["GET"]}}],"collection":[{"href":"https:\/\/sonam.bzh\/br\/wp-json\/wp\/v2\/pages"}],"about":[{"href":"https:\/\/sonam.bzh\/br\/wp-json\/wp\/v2\/types\/page"}],"author":[{"embeddable":true,"href":"https:\/\/sonam.bzh\/br\/wp-json\/wp\/v2\/users\/1"}],"replies":[{"embeddable":true,"href":"https:\/\/sonam.bzh\/br\/wp-json\/wp\/v2\/comments?post=676"}],"version-history":[{"count":0,"href":"https:\/\/sonam.bzh\/br\/wp-json\/wp\/v2\/pages\/676\/revisions"}],"up":[{"embeddable":true,"href":"https:\/\/sonam.bzh\/br\/wp-json\/wp\/v2\/pages\/42"}],"wp:attachment":[{"href":"https:\/\/sonam.bzh\/br\/wp-json\/wp\/v2\/media?parent=676"}],"curies":[{"name":"wp","href":"https:\/\/api.w.org\/{rel}","templated":true}]}}