{"id":670,"date":"2017-07-10T22:35:58","date_gmt":"2017-07-10T20:35:58","guid":{"rendered":"http:\/\/sonam.bzh\/?page_id=670"},"modified":"2023-09-08T20:48:30","modified_gmt":"2023-09-08T18:48:30","slug":"anne-mercier","status":"publish","type":"page","link":"https:\/\/sonam.bzh\/br\/ecole-de-musique\/professeurs\/anne-mercier\/","title":{"rendered":"Anne Mercier"},"content":{"rendered":"<p><\/p>\n<ul>\n<li>Kentelio\u00f9 piano hag akordeo\u00f1s kromatek<\/li>\n<\/ul>\n<p><img decoding=\"async\" class=\"alignleft wp-image-672 size-medium\" style=\"width: 50%\" src=\"http:\/\/sonam.bzh\/WP\/wp-content\/uploads\/2017\/07\/anne-mercier-1-e1499719141235.jpg\" alt=\"\" \/> <strong>Kentelio\u00f9 piano<\/strong><\/p>\n<p>Gwerzo ez on \u00e9 kelenn piano. A-bep sort sonerezh a ginnigan (klasel, jazz, sonerezhio\u00f9 a-vrema\u00f1, sonerezh-filmo\u00f9) Gober a ran get hentenno\u00f9 disha\u00f1val evit an deraouidi, doc&rsquo;h oad, barregezh ha heto\u00f9 pep deskard, mar bez. Teknik ar soni\u00f1-kevret a vo kelennet d&rsquo;ar re a faot dezhe, kroget e vo get klotado\u00f9 aes, evit bout katapl da gani\u00f1 pe soni\u00f1 get sonourion arall. Roet vo o goulenn d&rsquo;an deskarded a garhe labourat ur sonenn a blij dezhe, evit ar blijadur da soni\u00f1.<\/p>\n<p><strong>Kentelio\u00f9 akordeo\u00f1s kromatek<\/strong><\/p>\n<p>Un ta\u00f1va a vo roet a bep sort sonerezhio\u00f9 (jazz, klasel, hengounel, diseurto\u00f9) Sonet &lsquo;m eus e strollado\u00f9-disort, kerlenno\u00f9 keltiek, abadenno\u00f9 a bep sort (bodo\u00f9, kreizenno\u00f9 evit an dud ampechet, gouelio\u00f9&#8230;) Adal c&rsquo;hwezh vlez e c&rsquo;heller krogi\u00f1 ha betag&#8230; akordeo\u00f1so\u00f9 a bep stumm a vo kinniget, doc&rsquo;h ment pep deskard.<\/p>\n<p>&nbsp;<\/p>\n<p>Monet e darempred dre bostel : \n<div class=\"wpcf7 no-js\" id=\"wpcf7-f671-o2\" lang=\"fr-FR\" dir=\"ltr\" data-wpcf7-id=\"671\">\n<div class=\"screen-reader-response\"><p role=\"status\" aria-live=\"polite\" aria-atomic=\"true\"><\/p> <ul><\/ul><\/div>\n<form action=\"\/br\/wp-json\/wp\/v2\/pages\/670#wpcf7-f671-o2\" method=\"post\" class=\"wpcf7-form init\" aria-label=\"Formulaire de contact\" novalidate=\"novalidate\" data-status=\"init\">\n<fieldset class=\"hidden-fields-container\"><input type=\"hidden\" name=\"_wpcf7\" value=\"671\" \/><input type=\"hidden\" name=\"_wpcf7_version\" value=\"6.1.6\" \/><input type=\"hidden\" name=\"_wpcf7_locale\" value=\"fr_FR\" \/><input type=\"hidden\" name=\"_wpcf7_unit_tag\" value=\"wpcf7-f671-o2\" \/><input type=\"hidden\" name=\"_wpcf7_container_post\" value=\"0\" \/><input type=\"hidden\" name=\"_wpcf7_posted_data_hash\" value=\"\" \/>\n<\/fieldset>\n<table class=\"sonam-form-prof\">\n\t<tr>\n\t\t<th class=\"sfp-right\">\n\t\t\t<p>Anv&nbsp;*&nbsp;<span class=\"wpcf7-form-control-wrap\" data-name=\"your-name\"><input size=\"40\" maxlength=\"400\" class=\"wpcf7-form-control wpcf7-text wpcf7-validates-as-required\" aria-required=\"true\" aria-invalid=\"false\" value=\"\" type=\"text\" name=\"your-name\" \/><\/span><br \/>\nPostel&nbsp;*&nbsp;<span class=\"wpcf7-form-control-wrap\" data-name=\"your-email\"><input size=\"40\" maxlength=\"400\" class=\"wpcf7-form-control wpcf7-email wpcf7-validates-as-required wpcf7-text wpcf7-validates-as-email\" aria-required=\"true\" aria-invalid=\"false\" value=\"\" type=\"email\" name=\"your-email\" \/><\/span>\n\t\t\t<\/p>\n\t\t<\/th>\n\t<\/tr>\n\t<tr>\n\t\t<td >\n\t\t\t<p><span class=\"wpcf7-form-control-wrap\" data-name=\"your-message\"><textarea cols=\"40\" rows=\"3\" maxlength=\"2000\" class=\"wpcf7-form-control wpcf7-textarea\" aria-invalid=\"false\" name=\"your-message\">Ho kemennad...<\/textarea><\/span>\n\t\t\t<\/p>\n\t\t<\/td>\n\t<\/tr>\n\t<tr>\n\t\t<th>\n\t\t\t<p><span id=\"wpcf7-6a0a048b6e864-wrapper\" class=\"wpcf7-form-control-wrap sonamhp-256-wrap\" style=\"display: block;\n\t\t    width: 0px;\n\t\t    height: 0px;\n\t\t    padding: 0px;\n\t\t    border: 1px solid transparent;\n\t\t    display: block;\n\t\t    overflow: hidden;\n\t\t    \"><input type=\"hidden\" name=\"sonamhp-256-random-hash\" value=\"74995157\"><label\n\t\t    for=\"wpcf7-6a0a048b6e864-field\"\n\t\t    class=\"hp-message\"\n        >Veuillez laisser ce champ vide.<\/label><input\n\t    id=\"wpcf7-6a0a048b6e864-field\"\n\t    \n\t    class=\"wpcf7-form-control wpcf7-text\"\n\t    type=\"text\"\n\t    name=\"vwbip7prkbdi\"\n\t    value=\"\"\n\t    size=\"40\"\n\t    autocomplete=\"new-password\"\n\t    tabindex=\"1000\"\n    \/><\/span><input class=\"wpcf7-form-control wpcf7-submit has-spinner\" type=\"submit\" value=\"Kas\" \/>\n\t\t\t<\/p>\n\t\t<\/th>\n\t<\/tr>\n<\/table><p style=\"display: none !important;\" class=\"akismet-fields-container\" data-prefix=\"_wpcf7_ak_\"><label>&#916;<textarea name=\"_wpcf7_ak_hp_textarea\" cols=\"45\" rows=\"8\" maxlength=\"100\"><\/textarea><\/label><input type=\"hidden\" id=\"ak_js_2\" name=\"_wpcf7_ak_js\" value=\"191\"\/><script type=\"text\/javascript\">\n\/* <![CDATA[ *\/\ndocument.getElementById( \"ak_js_2\" ).setAttribute( \"value\", ( new Date() ).getTime() );\n\/* ]]> *\/\n<\/script>\n<\/p><div class=\"wpcf7-response-output\" aria-hidden=\"true\"><\/div>\n<\/form>\n<\/div>\n<\/p>\n<p><\/p>","protected":false},"excerpt":{"rendered":"<p>Kentelio\u00f9 piano hag akordeo\u00f1s kromatek Kentelio\u00f9 piano Gwerzo ez on \u00e9 kelenn piano. A-bep sort sonerezh a ginnigan (klasel, jazz, sonerezhio\u00f9 a-vrema\u00f1, sonerezh-filmo\u00f9) Gober a ran get hentenno\u00f9 disha\u00f1val evit an deraouidi, doc&rsquo;h oad, barregezh ha heto\u00f9 pep deskard, mar bez. Teknik ar soni\u00f1-kevret a vo kelennet d&rsquo;ar re a faot dezhe, kroget e vo [&hellip;]<\/p>\n","protected":false},"author":1,"featured_media":0,"parent":42,"menu_order":0,"comment_status":"closed","ping_status":"closed","template":"","meta":{"_bbp_topic_count":0,"_bbp_reply_count":0,"_bbp_total_topic_count":0,"_bbp_total_reply_count":0,"_bbp_voice_count":0,"_bbp_anonymous_reply_count":0,"_bbp_topic_count_hidden":0,"_bbp_reply_count_hidden":0,"_bbp_forum_subforum_count":0,"ngg_post_thumbnail":0,"footnotes":""},"class_list":["post-670","page","type-page","status-publish","czr-hentry"],"yoast_head":"<!-- This site is optimized with the Yoast SEO plugin v27.6 - https:\/\/yoast.com\/product\/yoast-seo-wordpress\/ -->\n<title>Anne Mercier - Sonam&#039; - Skol Sonerezh<\/title>\n<meta name=\"robots\" content=\"index, follow, max-snippet:-1, max-image-preview:large, max-video-preview:-1\" \/>\n<link rel=\"canonical\" href=\"https:\/\/sonam.bzh\/ecole-de-musique\/professeurs\/anne-mercier\/\" class=\"yoast-seo-meta-tag\" \/>\n<meta property=\"og:locale\" content=\"en_US\" class=\"yoast-seo-meta-tag\" \/>\n<meta property=\"og:type\" content=\"article\" class=\"yoast-seo-meta-tag\" \/>\n<meta property=\"og:title\" content=\"Anne Mercier - Sonam&#039; - Skol Sonerezh\" class=\"yoast-seo-meta-tag\" \/>\n<meta property=\"og:description\" content=\"Kentelio\u00f9 piano hag akordeo\u00f1s kromatek Kentelio\u00f9 piano Gwerzo ez on \u00e9 kelenn piano. A-bep sort sonerezh a ginnigan (klasel, jazz, sonerezhio\u00f9 a-vrema\u00f1, sonerezh-filmo\u00f9) Gober a ran get hentenno\u00f9 disha\u00f1val evit an deraouidi, doc&rsquo;h oad, barregezh ha heto\u00f9 pep deskard, mar bez. Teknik ar soni\u00f1-kevret a vo kelennet d&rsquo;ar re a faot dezhe, kroget e vo [&hellip;]\" class=\"yoast-seo-meta-tag\" \/>\n<meta property=\"og:url\" content=\"https:\/\/sonam.bzh\/ecole-de-musique\/professeurs\/anne-mercier\/\" class=\"yoast-seo-meta-tag\" \/>\n<meta property=\"og:site_name\" content=\"Sonam&#039; - Skol Sonerezh\" class=\"yoast-seo-meta-tag\" \/>\n<meta property=\"article:publisher\" content=\"https:\/\/www.facebook.com\/SonamEcoleDeMusique\/\" class=\"yoast-seo-meta-tag\" \/>\n<meta property=\"article:modified_time\" content=\"2023-09-08T18:48:30+00:00\" class=\"yoast-seo-meta-tag\" \/>\n<meta property=\"og:image\" content=\"http:\/\/sonam.bzh\/WP\/wp-content\/uploads\/2017\/07\/anne-mercier-1-e1499719141235.jpg\" class=\"yoast-seo-meta-tag\" \/>\n<meta name=\"twitter:card\" content=\"summary_large_image\" class=\"yoast-seo-meta-tag\" \/>\n<meta name=\"twitter:label1\" content=\"Est. reading time\" class=\"yoast-seo-meta-tag\" \/>\n\t<meta name=\"twitter:data1\" content=\"2 minutes\" class=\"yoast-seo-meta-tag\" \/>\n<script type=\"application\/ld+json\" class=\"yoast-schema-graph\">{\"@context\":\"https:\\\/\\\/schema.org\",\"@graph\":[{\"@type\":\"WebPage\",\"@id\":\"https:\\\/\\\/sonam.bzh\\\/ecole-de-musique\\\/professeurs\\\/anne-mercier\\\/\",\"url\":\"https:\\\/\\\/sonam.bzh\\\/ecole-de-musique\\\/professeurs\\\/anne-mercier\\\/\",\"name\":\"Anne Mercier - Sonam&#039; - Skol Sonerezh\",\"isPartOf\":{\"@id\":\"https:\\\/\\\/sonam.bzh\\\/#website\"},\"primaryImageOfPage\":{\"@id\":\"https:\\\/\\\/sonam.bzh\\\/ecole-de-musique\\\/professeurs\\\/anne-mercier\\\/#primaryimage\"},\"image\":{\"@id\":\"https:\\\/\\\/sonam.bzh\\\/ecole-de-musique\\\/professeurs\\\/anne-mercier\\\/#primaryimage\"},\"thumbnailUrl\":\"http:\\\/\\\/sonam.bzh\\\/WP\\\/wp-content\\\/uploads\\\/2017\\\/07\\\/anne-mercier-1-e1499719141235.jpg\",\"datePublished\":\"2017-07-10T20:35:58+00:00\",\"dateModified\":\"2023-09-08T18:48:30+00:00\",\"breadcrumb\":{\"@id\":\"https:\\\/\\\/sonam.bzh\\\/ecole-de-musique\\\/professeurs\\\/anne-mercier\\\/#breadcrumb\"},\"inLanguage\":\"br\",\"potentialAction\":[{\"@type\":\"ReadAction\",\"target\":[\"https:\\\/\\\/sonam.bzh\\\/ecole-de-musique\\\/professeurs\\\/anne-mercier\\\/\"]}]},{\"@type\":\"ImageObject\",\"inLanguage\":\"br\",\"@id\":\"https:\\\/\\\/sonam.bzh\\\/ecole-de-musique\\\/professeurs\\\/anne-mercier\\\/#primaryimage\",\"url\":\"http:\\\/\\\/sonam.bzh\\\/WP\\\/wp-content\\\/uploads\\\/2017\\\/07\\\/anne-mercier-1-e1499719141235.jpg\",\"contentUrl\":\"http:\\\/\\\/sonam.bzh\\\/WP\\\/wp-content\\\/uploads\\\/2017\\\/07\\\/anne-mercier-1-e1499719141235.jpg\"},{\"@type\":\"BreadcrumbList\",\"@id\":\"https:\\\/\\\/sonam.bzh\\\/ecole-de-musique\\\/professeurs\\\/anne-mercier\\\/#breadcrumb\",\"itemListElement\":[{\"@type\":\"ListItem\",\"position\":1,\"name\":\"Accueil\",\"item\":\"https:\\\/\\\/sonam.bzh\\\/\"},{\"@type\":\"ListItem\",\"position\":2,\"name\":\"L&rsquo;\u00e9cole de musique Sonam&rsquo;\",\"item\":\"https:\\\/\\\/sonam.bzh\\\/ecole-de-musique\\\/\"},{\"@type\":\"ListItem\",\"position\":3,\"name\":\"Les professeurs\",\"item\":\"https:\\\/\\\/sonam.bzh\\\/ecole-de-musique\\\/professeurs\\\/\"},{\"@type\":\"ListItem\",\"position\":4,\"name\":\"Anne Mercier\"}]},{\"@type\":\"WebSite\",\"@id\":\"https:\\\/\\\/sonam.bzh\\\/#website\",\"url\":\"https:\\\/\\\/sonam.bzh\\\/\",\"name\":\"Sonam - Ecole de Musique\",\"description\":\"Sonam&#039; - Skol Sonerezh\",\"potentialAction\":[{\"@type\":\"SearchAction\",\"target\":{\"@type\":\"EntryPoint\",\"urlTemplate\":\"https:\\\/\\\/sonam.bzh\\\/?s={search_term_string}\"},\"query-input\":{\"@type\":\"PropertyValueSpecification\",\"valueRequired\":true,\"valueName\":\"search_term_string\"}}],\"inLanguage\":\"br\"}]}<\/script>\n<!-- \/ Yoast SEO plugin. -->","yoast_head_json":{"title":"Anne Mercier - Sonam&#039; - Skol Sonerezh","robots":{"index":"index","follow":"follow","max-snippet":"max-snippet:-1","max-image-preview":"max-image-preview:large","max-video-preview":"max-video-preview:-1"},"canonical":"https:\/\/sonam.bzh\/ecole-de-musique\/professeurs\/anne-mercier\/","og_locale":"en_US","og_type":"article","og_title":"Anne Mercier - Sonam&#039; - Skol Sonerezh","og_description":"Kentelio\u00f9 piano hag akordeo\u00f1s kromatek Kentelio\u00f9 piano Gwerzo ez on \u00e9 kelenn piano. A-bep sort sonerezh a ginnigan (klasel, jazz, sonerezhio\u00f9 a-vrema\u00f1, sonerezh-filmo\u00f9) Gober a ran get hentenno\u00f9 disha\u00f1val evit an deraouidi, doc&rsquo;h oad, barregezh ha heto\u00f9 pep deskard, mar bez. Teknik ar soni\u00f1-kevret a vo kelennet d&rsquo;ar re a faot dezhe, kroget e vo [&hellip;]","og_url":"https:\/\/sonam.bzh\/ecole-de-musique\/professeurs\/anne-mercier\/","og_site_name":"Sonam&#039; - Skol Sonerezh","article_publisher":"https:\/\/www.facebook.com\/SonamEcoleDeMusique\/","article_modified_time":"2023-09-08T18:48:30+00:00","og_image":[{"url":"http:\/\/sonam.bzh\/WP\/wp-content\/uploads\/2017\/07\/anne-mercier-1-e1499719141235.jpg","type":"","width":"","height":""}],"twitter_card":"summary_large_image","twitter_misc":{"Est. reading time":"2 minutes"},"schema":{"@context":"https:\/\/schema.org","@graph":[{"@type":"WebPage","@id":"https:\/\/sonam.bzh\/ecole-de-musique\/professeurs\/anne-mercier\/","url":"https:\/\/sonam.bzh\/ecole-de-musique\/professeurs\/anne-mercier\/","name":"Anne Mercier - Sonam&#039; - Skol Sonerezh","isPartOf":{"@id":"https:\/\/sonam.bzh\/#website"},"primaryImageOfPage":{"@id":"https:\/\/sonam.bzh\/ecole-de-musique\/professeurs\/anne-mercier\/#primaryimage"},"image":{"@id":"https:\/\/sonam.bzh\/ecole-de-musique\/professeurs\/anne-mercier\/#primaryimage"},"thumbnailUrl":"http:\/\/sonam.bzh\/WP\/wp-content\/uploads\/2017\/07\/anne-mercier-1-e1499719141235.jpg","datePublished":"2017-07-10T20:35:58+00:00","dateModified":"2023-09-08T18:48:30+00:00","breadcrumb":{"@id":"https:\/\/sonam.bzh\/ecole-de-musique\/professeurs\/anne-mercier\/#breadcrumb"},"inLanguage":"br","potentialAction":[{"@type":"ReadAction","target":["https:\/\/sonam.bzh\/ecole-de-musique\/professeurs\/anne-mercier\/"]}]},{"@type":"ImageObject","inLanguage":"br","@id":"https:\/\/sonam.bzh\/ecole-de-musique\/professeurs\/anne-mercier\/#primaryimage","url":"http:\/\/sonam.bzh\/WP\/wp-content\/uploads\/2017\/07\/anne-mercier-1-e1499719141235.jpg","contentUrl":"http:\/\/sonam.bzh\/WP\/wp-content\/uploads\/2017\/07\/anne-mercier-1-e1499719141235.jpg"},{"@type":"BreadcrumbList","@id":"https:\/\/sonam.bzh\/ecole-de-musique\/professeurs\/anne-mercier\/#breadcrumb","itemListElement":[{"@type":"ListItem","position":1,"name":"Accueil","item":"https:\/\/sonam.bzh\/"},{"@type":"ListItem","position":2,"name":"L&rsquo;\u00e9cole de musique Sonam&rsquo;","item":"https:\/\/sonam.bzh\/ecole-de-musique\/"},{"@type":"ListItem","position":3,"name":"Les professeurs","item":"https:\/\/sonam.bzh\/ecole-de-musique\/professeurs\/"},{"@type":"ListItem","position":4,"name":"Anne Mercier"}]},{"@type":"WebSite","@id":"https:\/\/sonam.bzh\/#website","url":"https:\/\/sonam.bzh\/","name":"Sonam - Ecole de Musique","description":"Sonam&#039; - Skol Sonerezh","potentialAction":[{"@type":"SearchAction","target":{"@type":"EntryPoint","urlTemplate":"https:\/\/sonam.bzh\/?s={search_term_string}"},"query-input":{"@type":"PropertyValueSpecification","valueRequired":true,"valueName":"search_term_string"}}],"inLanguage":"br"}]}},"jetpack_sharing_enabled":true,"_links":{"self":[{"href":"https:\/\/sonam.bzh\/br\/wp-json\/wp\/v2\/pages\/670","targetHints":{"allow":["GET"]}}],"collection":[{"href":"https:\/\/sonam.bzh\/br\/wp-json\/wp\/v2\/pages"}],"about":[{"href":"https:\/\/sonam.bzh\/br\/wp-json\/wp\/v2\/types\/page"}],"author":[{"embeddable":true,"href":"https:\/\/sonam.bzh\/br\/wp-json\/wp\/v2\/users\/1"}],"replies":[{"embeddable":true,"href":"https:\/\/sonam.bzh\/br\/wp-json\/wp\/v2\/comments?post=670"}],"version-history":[{"count":0,"href":"https:\/\/sonam.bzh\/br\/wp-json\/wp\/v2\/pages\/670\/revisions"}],"up":[{"embeddable":true,"href":"https:\/\/sonam.bzh\/br\/wp-json\/wp\/v2\/pages\/42"}],"wp:attachment":[{"href":"https:\/\/sonam.bzh\/br\/wp-json\/wp\/v2\/media?parent=670"}],"curies":[{"name":"wp","href":"https:\/\/api.w.org\/{rel}","templated":true}]}}