{"id":46,"date":"2016-06-06T14:23:00","date_gmt":"2016-06-06T12:23:00","guid":{"rendered":"http:\/\/sonam.bzh\/?page_id=46"},"modified":"2026-04-21T15:20:16","modified_gmt":"2026-04-21T13:20:16","slug":"nicolas-syz","status":"publish","type":"page","link":"https:\/\/sonam.bzh\/br\/ecole-de-musique\/professeurs\/nicolas-syz\/","title":{"rendered":"Nicolas Syz"},"content":{"rendered":"<p><\/p>\n<ul>\n<li>Kentelio\u00f9 bombard, binio\u00f9-kozh pe klarinetenn e Kervignag ha Lokmikaelig<\/li>\n<li><a href=\"http:\/\/sonam.bzh\/br\/ecole-de-musique\/cours-et-ateliers\/ateliers-collectifs\/\">Ataliero\u00f9 sonerezh breizhek<\/a><\/li>\n<li><a href=\"http:\/\/sonam.bzh\/br\/ecole-de-musique\/cours-et-ateliers\/ateliers-collectifs\/\">Ataliero\u00f9 dizolei\u00f1 ar sonerezh<\/a><\/li>\n<\/ul>\n<p><img decoding=\"async\" class=\"alignleft\" style=\"width: 49%\" src=\"http:\/\/sonam.bzh\/WP\/wp-content\/uploads\/2016\/06\/image1-300x217.jpg\" \/><\/p>\n<p>Ema Nikolaz Syz \u00e9 kelenn e Kervignag a-c\u2019houde 2002. Tapet eo dezho\u00f1 an Diplom-Stad evit bout kelennour \u00e0r ar sonerezh hag ar benveger hengounel.<\/p>\n<p>Lies eo e varregezh , soni\u00f1 a ra a-goublad, binio\u00f9-bombard, get Nicolas Denis (Pladenn &laquo;&nbsp;Deziradell&nbsp;&raquo; e 2014), er gouelio\u00f9 istoarel get ar strollad Curragh, get ar gerlenn Boked er lann ag an Arvor peotramant get ar bagad &laquo;&nbsp;Kevrenn Alre&nbsp;&raquo; ag an Alre get e glarinetenn.<\/p>\n<p>Sonet en deus bet ivez en un tamm mat a strollado\u00f9 evel &laquo;&nbsp;Dubble Youn Syzth\u00e8me&nbsp;&raquo;, &laquo;&nbsp;Syz-Moisson&nbsp;&raquo;, &laquo;&nbsp;Syz-Le Cam&nbsp;&raquo;, bagad Porzh-Loeiz&#8230;. Un tamm tro en deus graet ivez e sonerezh bro-Vrazil hag er folk amerikan.<\/p>\n<p>Diazezet eo e gelenn \u00e0r ar pleustri\u00f1. Newazh gellet vo deski\u00f1 un tammig bennak geto\u00f1 di\u00e0r ar skrivi\u00f1-sonerezh.<\/p>\n<\/p>\n<ul>\n<li>Kentelio\u00f9 bombard, binio\u00f9-kozh pe klarinetenn e Kervignag ha Lokmikaelig<\/li>\n<li><a href=\"http:\/\/sonam.bzh\/br\/ecole-de-musique\/cours-et-ateliers\/ateliers-collectifs\/\">Ataliero\u00f9 sonerezh breizhek<\/a><\/li>\n<li><a href=\"http:\/\/sonam.bzh\/br\/ecole-de-musique\/cours-et-ateliers\/ateliers-collectifs\/\">Ataliero\u00f9 dizolei\u00f1 ar sonerezh<\/a><\/li>\n<\/ul>\n<p><img decoding=\"async\" class=\"alignleft\" style=\"width: 49%\" src=\"http:\/\/sonam.bzh\/WP\/wp-content\/uploads\/2016\/06\/image1-300x217.jpg\" \/><\/p>\n<p>Ema Nikolaz Syz \u00e9 kelenn e Kervignag a-c\u2019houde 2002. Tapet eo dezho\u00f1 an Diplom-Stad evit bout kelennour \u00e0r ar sonerezh hag ar benveger hengounel.<\/p>\n<p>Lies eo e varregezh , soni\u00f1 a ra a-goublad, binio\u00f9-bombard, get Nicolas Denis (Pladenn &laquo;&nbsp;Deziradell&nbsp;&raquo; e 2014), er gouelio\u00f9 istoarel get ar strollad Curragh, get ar gerlenn Boked er lann ag an Arvor peotramant get ar bagad &laquo;&nbsp;Kevrenn Alre&nbsp;&raquo; ag an Alre get e glarinetenn.<\/p>\n<p>Sonet en deus bet ivez en un tamm mat a strollado\u00f9 evel &laquo;&nbsp;Dubble Youn Syzth\u00e8me&nbsp;&raquo;, &laquo;&nbsp;Syz-Moisson&nbsp;&raquo;, &laquo;&nbsp;Syz-Le Cam&nbsp;&raquo;, bagad Porzh-Loeiz&#8230;. Un tamm tro en deus graet ivez e sonerezh bro-Vrazil hag er folk amerikan.<\/p>\n<p>Diazezet eo e gelenn \u00e0r ar pleustri\u00f1. Newazh gellet vo deski\u00f1 un tammig bennak geto\u00f1 di\u00e0r ar skrivi\u00f1-sonerezh.<\/p>\n<p><\/p>","protected":false},"excerpt":{"rendered":"<p>Kentelio\u00f9 bombard, binio\u00f9-kozh pe klarinetenn e Kervignag ha Lokmikaelig Ataliero\u00f9 sonerezh breizhek Ataliero\u00f9 dizolei\u00f1 ar sonerezh Ema Nikolaz Syz \u00e9 kelenn e Kervignag a-c\u2019houde 2002. Tapet eo dezho\u00f1 an Diplom-Stad evit bout kelennour \u00e0r ar sonerezh hag ar benveger hengounel. Lies eo e varregezh , soni\u00f1 a ra a-goublad, binio\u00f9-bombard, get Nicolas Denis (Pladenn &laquo;&nbsp;Deziradell&nbsp;&raquo; [&hellip;]<\/p>\n","protected":false},"author":6,"featured_media":0,"parent":42,"menu_order":0,"comment_status":"closed","ping_status":"closed","template":"","meta":{"_bbp_topic_count":0,"_bbp_reply_count":0,"_bbp_total_topic_count":0,"_bbp_total_reply_count":0,"_bbp_voice_count":0,"_bbp_anonymous_reply_count":0,"_bbp_topic_count_hidden":0,"_bbp_reply_count_hidden":0,"_bbp_forum_subforum_count":0,"ngg_post_thumbnail":0,"footnotes":""},"class_list":["post-46","page","type-page","status-publish","czr-hentry"],"yoast_head":"<!-- This site is optimized with the Yoast SEO plugin v27.6 - https:\/\/yoast.com\/product\/yoast-seo-wordpress\/ -->\n<title>Nicolas Syz - Sonam&#039; - Skol Sonerezh<\/title>\n<meta name=\"robots\" content=\"index, follow, max-snippet:-1, max-image-preview:large, max-video-preview:-1\" \/>\n<link rel=\"canonical\" href=\"https:\/\/sonam.bzh\/ecole-de-musique\/professeurs\/nicolas-syz\/\" class=\"yoast-seo-meta-tag\" \/>\n<meta property=\"og:locale\" content=\"en_US\" class=\"yoast-seo-meta-tag\" \/>\n<meta property=\"og:type\" content=\"article\" class=\"yoast-seo-meta-tag\" \/>\n<meta property=\"og:title\" content=\"Nicolas Syz - Sonam&#039; - Skol Sonerezh\" class=\"yoast-seo-meta-tag\" \/>\n<meta property=\"og:description\" content=\"Kentelio\u00f9 bombard, binio\u00f9-kozh pe klarinetenn e Kervignag ha Lokmikaelig Ataliero\u00f9 sonerezh breizhek Ataliero\u00f9 dizolei\u00f1 ar sonerezh Ema Nikolaz Syz \u00e9 kelenn e Kervignag a-c\u2019houde 2002. Tapet eo dezho\u00f1 an Diplom-Stad evit bout kelennour \u00e0r ar sonerezh hag ar benveger hengounel. Lies eo e varregezh , soni\u00f1 a ra a-goublad, binio\u00f9-bombard, get Nicolas Denis (Pladenn &laquo;&nbsp;Deziradell&nbsp;&raquo; [&hellip;]\" class=\"yoast-seo-meta-tag\" \/>\n<meta property=\"og:url\" content=\"https:\/\/sonam.bzh\/ecole-de-musique\/professeurs\/nicolas-syz\/\" class=\"yoast-seo-meta-tag\" \/>\n<meta property=\"og:site_name\" content=\"Sonam&#039; - Skol Sonerezh\" class=\"yoast-seo-meta-tag\" \/>\n<meta property=\"article:publisher\" content=\"https:\/\/www.facebook.com\/SonamEcoleDeMusique\/\" class=\"yoast-seo-meta-tag\" \/>\n<meta property=\"article:modified_time\" content=\"2026-04-21T13:20:16+00:00\" class=\"yoast-seo-meta-tag\" \/>\n<meta property=\"og:image\" content=\"https:\/\/sonam.bzh\/WP\/wp-content\/uploads\/2026\/04\/NikoSyzClar_Cornouaille2019.jpg\" class=\"yoast-seo-meta-tag\" \/>\n\t<meta property=\"og:image:width\" content=\"1348\" class=\"yoast-seo-meta-tag\" \/>\n\t<meta property=\"og:image:height\" content=\"900\" class=\"yoast-seo-meta-tag\" \/>\n\t<meta property=\"og:image:type\" content=\"image\/jpeg\" class=\"yoast-seo-meta-tag\" \/>\n<meta name=\"twitter:card\" content=\"summary_large_image\" class=\"yoast-seo-meta-tag\" \/>\n<meta name=\"twitter:label1\" content=\"Est. reading time\" class=\"yoast-seo-meta-tag\" \/>\n\t<meta name=\"twitter:data1\" content=\"2 minutes\" class=\"yoast-seo-meta-tag\" \/>\n<script type=\"application\/ld+json\" class=\"yoast-schema-graph\">{\"@context\":\"https:\\\/\\\/schema.org\",\"@graph\":[{\"@type\":\"WebPage\",\"@id\":\"https:\\\/\\\/sonam.bzh\\\/ecole-de-musique\\\/professeurs\\\/nicolas-syz\\\/\",\"url\":\"https:\\\/\\\/sonam.bzh\\\/ecole-de-musique\\\/professeurs\\\/nicolas-syz\\\/\",\"name\":\"Nicolas Syz - Sonam&#039; - Skol Sonerezh\",\"isPartOf\":{\"@id\":\"https:\\\/\\\/sonam.bzh\\\/#website\"},\"primaryImageOfPage\":{\"@id\":\"https:\\\/\\\/sonam.bzh\\\/ecole-de-musique\\\/professeurs\\\/nicolas-syz\\\/#primaryimage\"},\"image\":{\"@id\":\"https:\\\/\\\/sonam.bzh\\\/ecole-de-musique\\\/professeurs\\\/nicolas-syz\\\/#primaryimage\"},\"thumbnailUrl\":\"https:\\\/\\\/sonam.bzh\\\/WP\\\/wp-content\\\/uploads\\\/2026\\\/04\\\/NikoSyzClar_Cornouaille2019-300x200.jpg\",\"datePublished\":\"2016-06-06T12:23:00+00:00\",\"dateModified\":\"2026-04-21T13:20:16+00:00\",\"breadcrumb\":{\"@id\":\"https:\\\/\\\/sonam.bzh\\\/ecole-de-musique\\\/professeurs\\\/nicolas-syz\\\/#breadcrumb\"},\"inLanguage\":\"br\",\"potentialAction\":[{\"@type\":\"ReadAction\",\"target\":[\"https:\\\/\\\/sonam.bzh\\\/ecole-de-musique\\\/professeurs\\\/nicolas-syz\\\/\"]}]},{\"@type\":\"ImageObject\",\"inLanguage\":\"br\",\"@id\":\"https:\\\/\\\/sonam.bzh\\\/ecole-de-musique\\\/professeurs\\\/nicolas-syz\\\/#primaryimage\",\"url\":\"https:\\\/\\\/sonam.bzh\\\/WP\\\/wp-content\\\/uploads\\\/2026\\\/04\\\/NikoSyzClar_Cornouaille2019-300x200.jpg\",\"contentUrl\":\"https:\\\/\\\/sonam.bzh\\\/WP\\\/wp-content\\\/uploads\\\/2026\\\/04\\\/NikoSyzClar_Cornouaille2019-300x200.jpg\"},{\"@type\":\"BreadcrumbList\",\"@id\":\"https:\\\/\\\/sonam.bzh\\\/ecole-de-musique\\\/professeurs\\\/nicolas-syz\\\/#breadcrumb\",\"itemListElement\":[{\"@type\":\"ListItem\",\"position\":1,\"name\":\"Accueil\",\"item\":\"https:\\\/\\\/sonam.bzh\\\/\"},{\"@type\":\"ListItem\",\"position\":2,\"name\":\"L&rsquo;\u00e9cole de musique Sonam&rsquo;\",\"item\":\"https:\\\/\\\/sonam.bzh\\\/ecole-de-musique\\\/\"},{\"@type\":\"ListItem\",\"position\":3,\"name\":\"Les professeurs\",\"item\":\"https:\\\/\\\/sonam.bzh\\\/ecole-de-musique\\\/professeurs\\\/\"},{\"@type\":\"ListItem\",\"position\":4,\"name\":\"Nicolas Syz\"}]},{\"@type\":\"WebSite\",\"@id\":\"https:\\\/\\\/sonam.bzh\\\/#website\",\"url\":\"https:\\\/\\\/sonam.bzh\\\/\",\"name\":\"Sonam - Ecole de Musique\",\"description\":\"Sonam&#039; - Skol Sonerezh\",\"potentialAction\":[{\"@type\":\"SearchAction\",\"target\":{\"@type\":\"EntryPoint\",\"urlTemplate\":\"https:\\\/\\\/sonam.bzh\\\/?s={search_term_string}\"},\"query-input\":{\"@type\":\"PropertyValueSpecification\",\"valueRequired\":true,\"valueName\":\"search_term_string\"}}],\"inLanguage\":\"br\"}]}<\/script>\n<!-- \/ Yoast SEO plugin. -->","yoast_head_json":{"title":"Nicolas Syz - Sonam&#039; - Skol Sonerezh","robots":{"index":"index","follow":"follow","max-snippet":"max-snippet:-1","max-image-preview":"max-image-preview:large","max-video-preview":"max-video-preview:-1"},"canonical":"https:\/\/sonam.bzh\/ecole-de-musique\/professeurs\/nicolas-syz\/","og_locale":"en_US","og_type":"article","og_title":"Nicolas Syz - Sonam&#039; - Skol Sonerezh","og_description":"Kentelio\u00f9 bombard, binio\u00f9-kozh pe klarinetenn e Kervignag ha Lokmikaelig Ataliero\u00f9 sonerezh breizhek Ataliero\u00f9 dizolei\u00f1 ar sonerezh Ema Nikolaz Syz \u00e9 kelenn e Kervignag a-c\u2019houde 2002. Tapet eo dezho\u00f1 an Diplom-Stad evit bout kelennour \u00e0r ar sonerezh hag ar benveger hengounel. Lies eo e varregezh , soni\u00f1 a ra a-goublad, binio\u00f9-bombard, get Nicolas Denis (Pladenn &laquo;&nbsp;Deziradell&nbsp;&raquo; [&hellip;]","og_url":"https:\/\/sonam.bzh\/ecole-de-musique\/professeurs\/nicolas-syz\/","og_site_name":"Sonam&#039; - Skol Sonerezh","article_publisher":"https:\/\/www.facebook.com\/SonamEcoleDeMusique\/","article_modified_time":"2026-04-21T13:20:16+00:00","og_image":[{"width":1348,"height":900,"url":"https:\/\/sonam.bzh\/WP\/wp-content\/uploads\/2026\/04\/NikoSyzClar_Cornouaille2019.jpg","type":"image\/jpeg"}],"twitter_card":"summary_large_image","twitter_misc":{"Est. reading time":"2 minutes"},"schema":{"@context":"https:\/\/schema.org","@graph":[{"@type":"WebPage","@id":"https:\/\/sonam.bzh\/ecole-de-musique\/professeurs\/nicolas-syz\/","url":"https:\/\/sonam.bzh\/ecole-de-musique\/professeurs\/nicolas-syz\/","name":"Nicolas Syz - Sonam&#039; - Skol Sonerezh","isPartOf":{"@id":"https:\/\/sonam.bzh\/#website"},"primaryImageOfPage":{"@id":"https:\/\/sonam.bzh\/ecole-de-musique\/professeurs\/nicolas-syz\/#primaryimage"},"image":{"@id":"https:\/\/sonam.bzh\/ecole-de-musique\/professeurs\/nicolas-syz\/#primaryimage"},"thumbnailUrl":"https:\/\/sonam.bzh\/WP\/wp-content\/uploads\/2026\/04\/NikoSyzClar_Cornouaille2019-300x200.jpg","datePublished":"2016-06-06T12:23:00+00:00","dateModified":"2026-04-21T13:20:16+00:00","breadcrumb":{"@id":"https:\/\/sonam.bzh\/ecole-de-musique\/professeurs\/nicolas-syz\/#breadcrumb"},"inLanguage":"br","potentialAction":[{"@type":"ReadAction","target":["https:\/\/sonam.bzh\/ecole-de-musique\/professeurs\/nicolas-syz\/"]}]},{"@type":"ImageObject","inLanguage":"br","@id":"https:\/\/sonam.bzh\/ecole-de-musique\/professeurs\/nicolas-syz\/#primaryimage","url":"https:\/\/sonam.bzh\/WP\/wp-content\/uploads\/2026\/04\/NikoSyzClar_Cornouaille2019-300x200.jpg","contentUrl":"https:\/\/sonam.bzh\/WP\/wp-content\/uploads\/2026\/04\/NikoSyzClar_Cornouaille2019-300x200.jpg"},{"@type":"BreadcrumbList","@id":"https:\/\/sonam.bzh\/ecole-de-musique\/professeurs\/nicolas-syz\/#breadcrumb","itemListElement":[{"@type":"ListItem","position":1,"name":"Accueil","item":"https:\/\/sonam.bzh\/"},{"@type":"ListItem","position":2,"name":"L&rsquo;\u00e9cole de musique Sonam&rsquo;","item":"https:\/\/sonam.bzh\/ecole-de-musique\/"},{"@type":"ListItem","position":3,"name":"Les professeurs","item":"https:\/\/sonam.bzh\/ecole-de-musique\/professeurs\/"},{"@type":"ListItem","position":4,"name":"Nicolas Syz"}]},{"@type":"WebSite","@id":"https:\/\/sonam.bzh\/#website","url":"https:\/\/sonam.bzh\/","name":"Sonam - Ecole de Musique","description":"Sonam&#039; - Skol Sonerezh","potentialAction":[{"@type":"SearchAction","target":{"@type":"EntryPoint","urlTemplate":"https:\/\/sonam.bzh\/?s={search_term_string}"},"query-input":{"@type":"PropertyValueSpecification","valueRequired":true,"valueName":"search_term_string"}}],"inLanguage":"br"}]}},"jetpack_sharing_enabled":true,"_links":{"self":[{"href":"https:\/\/sonam.bzh\/br\/wp-json\/wp\/v2\/pages\/46","targetHints":{"allow":["GET"]}}],"collection":[{"href":"https:\/\/sonam.bzh\/br\/wp-json\/wp\/v2\/pages"}],"about":[{"href":"https:\/\/sonam.bzh\/br\/wp-json\/wp\/v2\/types\/page"}],"author":[{"embeddable":true,"href":"https:\/\/sonam.bzh\/br\/wp-json\/wp\/v2\/users\/6"}],"replies":[{"embeddable":true,"href":"https:\/\/sonam.bzh\/br\/wp-json\/wp\/v2\/comments?post=46"}],"version-history":[{"count":0,"href":"https:\/\/sonam.bzh\/br\/wp-json\/wp\/v2\/pages\/46\/revisions"}],"up":[{"embeddable":true,"href":"https:\/\/sonam.bzh\/br\/wp-json\/wp\/v2\/pages\/42"}],"wp:attachment":[{"href":"https:\/\/sonam.bzh\/br\/wp-json\/wp\/v2\/media?parent=46"}],"curies":[{"name":"wp","href":"https:\/\/api.w.org\/{rel}","templated":true}]}}