{"id":358,"date":"2016-07-07T22:29:04","date_gmt":"2016-07-07T20:29:04","guid":{"rendered":"http:\/\/sonam.bzh\/?page_id=358"},"modified":"2025-06-17T21:49:47","modified_gmt":"2025-06-17T19:49:47","slug":"cours-de-guitare","status":"publish","type":"page","link":"https:\/\/sonam.bzh\/br\/instruments\/cours-de-guitare\/","title":{"rendered":"Kentelio\u00f9 gitar"},"content":{"rendered":"<p><\/p>\n<table>\n<tbody>\n<tr>\n<td><a href=\"http:\/\/sonam.bzh\/br\/ecole-de-musique\/professeurs\/marc-jacquier\/\"><img loading=\"lazy\" decoding=\"async\" class=\"alignnone size-full wp-image-196\" src=\"http:\/\/sonam.bzh\/WP\/wp-content\/uploads\/2016\/06\/thumbs_marc-jacquier.jpg\" alt=\"Marc Jacquier\" width=\"240\" height=\"160\" \/><\/a><\/td>\n<td>\n<h2><a href=\"http:\/\/sonam.bzh\/br\/ecole-de-musique\/professeurs\/marc-jacquier\/\">Marc Jacquier<\/a><\/h2>\n<\/td>\n<\/tr>\n<tr>\n<td><a href=\"http:\/\/sonam.bzh\/ecole-de-musique\/professeurs\/sebastien-gocsei\/\"><img loading=\"lazy\" decoding=\"async\" class=\"alignnone size-full wp-image-196\" src=\"http:\/\/sonam.bzh\/WP\/wp-content\/uploads\/2020\/07\/thumbs_sebastien-gocsei.jpg\" alt=\"S\u00e9bastien Gocse\u00ef\" width=\"240\" height=\"160\" \/><\/a><\/td>\n<td>\n<h2><a href=\"http:\/\/sonam.bzh\/ecole-de-musique\/professeurs\/sebastien-gocsei\/\">S\u00e9bastien Gocse\u00ef<\/a><\/h2>\n<\/td>\n<\/tr>\n<tr>\n<td><a href=\"http:\/\/sonam.bzh\/ecole-de-musique\/professeurs\/solene-marrec\/\"><img loading=\"lazy\" decoding=\"async\" class=\"alignnone size-full wp-image-196\" src=\"http:\/\/sonam.bzh\/WP\/wp-content\/uploads\/2018\/06\/thumbs_solene-marrec.jpg\" alt=\"Sol\u00e8ne Marrec\" width=\"240\" height=\"160\" \/><\/a><\/td>\n<td>\n<h2><a href=\"http:\/\/sonam.bzh\/ecole-de-musique\/professeurs\/solene-marrec\/\">Sol\u00e8ne Marrec<\/a><\/h2>\n<\/td>\n<\/tr>\n<tr>\n<td><a href=\"http:\/\/sonam.bzh\/br\/ecole-de-musique\/professeurs\/fred-gauter\/\"><img loading=\"lazy\" decoding=\"async\" class=\"alignnone size-full wp-image-357\" src=\"http:\/\/sonam.bzh\/WP\/wp-content\/uploads\/2017\/07\/thumbs_fred-gauter.jpg\" alt=\"Fred Gauter\" width=\"240\" height=\"160\" \/><\/a><\/td>\n<td>\n<h2><a href=\"http:\/\/sonam.bzh\/br\/ecole-de-musique\/professeurs\/fred-gauter\/\">Fred Gauter<\/a><\/h2>\n<\/td>\n<\/tr>\n<tr>\n<td><a href=\"http:\/\/sonam.bzh\/br\/ecole-de-musique\/professeurs\/michel-leal-martinez\/\"><img loading=\"lazy\" decoding=\"async\" class=\"alignnone size-full wp-image-357\" src=\"http:\/\/sonam.bzh\/WP\/wp-content\/uploads\/2017\/09\/thumbs_michel-leal-martinez.jpg\" alt=\"Michel Leal Martinez\" width=\"240\" height=\"160\" \/><\/a><\/td>\n<td>\n<h2><a href=\"http:\/\/sonam.bzh\/br\/ecole-de-musique\/professeurs\/michel-leal-martinez\/\">Michel Leal Martinez<\/a><\/h2>\n<\/td>\n<\/tr>\n<\/tbody>\n<\/table>\n<p><\/p>","protected":false},"excerpt":{"rendered":"<p>Marc Jacquier S\u00e9bastien Gocse\u00ef Sol\u00e8ne Marrec Fred Gauter Michel Leal Martinez<\/p>\n","protected":false},"author":1,"featured_media":0,"parent":328,"menu_order":0,"comment_status":"closed","ping_status":"closed","template":"","meta":{"_bbp_topic_count":0,"_bbp_reply_count":0,"_bbp_total_topic_count":0,"_bbp_total_reply_count":0,"_bbp_voice_count":0,"_bbp_anonymous_reply_count":0,"_bbp_topic_count_hidden":0,"_bbp_reply_count_hidden":0,"_bbp_forum_subforum_count":0,"ngg_post_thumbnail":0,"footnotes":""},"class_list":["post-358","page","type-page","status-publish","czr-hentry"],"yoast_head":"<!-- This site is optimized with the Yoast SEO plugin v27.6 - https:\/\/yoast.com\/product\/yoast-seo-wordpress\/ -->\n<title>Kentelio\u00f9 gitar - Sonam&#039; - Skol Sonerezh<\/title>\n<meta name=\"robots\" content=\"index, follow, max-snippet:-1, max-image-preview:large, max-video-preview:-1\" \/>\n<link rel=\"canonical\" href=\"https:\/\/sonam.bzh\/instruments\/cours-de-guitare\/\" class=\"yoast-seo-meta-tag\" \/>\n<meta property=\"og:locale\" content=\"en_US\" class=\"yoast-seo-meta-tag\" \/>\n<meta property=\"og:type\" content=\"article\" class=\"yoast-seo-meta-tag\" \/>\n<meta property=\"og:title\" content=\"Kentelio\u00f9 gitar - Sonam&#039; - Skol Sonerezh\" class=\"yoast-seo-meta-tag\" \/>\n<meta property=\"og:description\" content=\"Marc Jacquier S\u00e9bastien Gocse\u00ef Sol\u00e8ne Marrec Fred Gauter Michel Leal Martinez\" class=\"yoast-seo-meta-tag\" \/>\n<meta property=\"og:url\" content=\"https:\/\/sonam.bzh\/instruments\/cours-de-guitare\/\" class=\"yoast-seo-meta-tag\" \/>\n<meta property=\"og:site_name\" content=\"Sonam&#039; - Skol Sonerezh\" class=\"yoast-seo-meta-tag\" \/>\n<meta property=\"article:publisher\" content=\"https:\/\/www.facebook.com\/SonamEcoleDeMusique\/\" class=\"yoast-seo-meta-tag\" \/>\n<meta property=\"article:modified_time\" content=\"2025-06-17T19:49:47+00:00\" class=\"yoast-seo-meta-tag\" \/>\n<meta property=\"og:image\" content=\"https:\/\/sonam.bzh\/WP\/wp-content\/uploads\/2025\/06\/Laurent-Le-Meur-300x300.jpg\" class=\"yoast-seo-meta-tag\" \/>\n<meta name=\"twitter:card\" content=\"summary_large_image\" class=\"yoast-seo-meta-tag\" \/>\n<meta name=\"twitter:label1\" content=\"Est. reading time\" class=\"yoast-seo-meta-tag\" \/>\n\t<meta name=\"twitter:data1\" content=\"1 minute\" class=\"yoast-seo-meta-tag\" \/>\n<script type=\"application\/ld+json\" class=\"yoast-schema-graph\">{\"@context\":\"https:\\\/\\\/schema.org\",\"@graph\":[{\"@type\":\"WebPage\",\"@id\":\"https:\\\/\\\/sonam.bzh\\\/instruments\\\/cours-de-guitare\\\/\",\"url\":\"https:\\\/\\\/sonam.bzh\\\/instruments\\\/cours-de-guitare\\\/\",\"name\":\"Kentelio\u00f9 gitar - Sonam&#039; - Skol Sonerezh\",\"isPartOf\":{\"@id\":\"https:\\\/\\\/sonam.bzh\\\/#website\"},\"primaryImageOfPage\":{\"@id\":\"https:\\\/\\\/sonam.bzh\\\/instruments\\\/cours-de-guitare\\\/#primaryimage\"},\"image\":{\"@id\":\"https:\\\/\\\/sonam.bzh\\\/instruments\\\/cours-de-guitare\\\/#primaryimage\"},\"thumbnailUrl\":\"https:\\\/\\\/sonam.bzh\\\/WP\\\/wp-content\\\/uploads\\\/2025\\\/06\\\/Laurent-Le-Meur-300x300.jpg\",\"datePublished\":\"2016-07-07T20:29:04+00:00\",\"dateModified\":\"2025-06-17T19:49:47+00:00\",\"breadcrumb\":{\"@id\":\"https:\\\/\\\/sonam.bzh\\\/instruments\\\/cours-de-guitare\\\/#breadcrumb\"},\"inLanguage\":\"br\",\"potentialAction\":[{\"@type\":\"ReadAction\",\"target\":[\"https:\\\/\\\/sonam.bzh\\\/instruments\\\/cours-de-guitare\\\/\"]}]},{\"@type\":\"ImageObject\",\"inLanguage\":\"br\",\"@id\":\"https:\\\/\\\/sonam.bzh\\\/instruments\\\/cours-de-guitare\\\/#primaryimage\",\"url\":\"https:\\\/\\\/sonam.bzh\\\/WP\\\/wp-content\\\/uploads\\\/2025\\\/06\\\/Laurent-Le-Meur-300x300.jpg\",\"contentUrl\":\"https:\\\/\\\/sonam.bzh\\\/WP\\\/wp-content\\\/uploads\\\/2025\\\/06\\\/Laurent-Le-Meur-300x300.jpg\"},{\"@type\":\"BreadcrumbList\",\"@id\":\"https:\\\/\\\/sonam.bzh\\\/instruments\\\/cours-de-guitare\\\/#breadcrumb\",\"itemListElement\":[{\"@type\":\"ListItem\",\"position\":1,\"name\":\"Accueil\",\"item\":\"https:\\\/\\\/sonam.bzh\\\/\"},{\"@type\":\"ListItem\",\"position\":2,\"name\":\"Les cours d&rsquo;instruments\",\"item\":\"https:\\\/\\\/sonam.bzh\\\/instruments\\\/\"},{\"@type\":\"ListItem\",\"position\":3,\"name\":\"Cours de Guitare\"}]},{\"@type\":\"WebSite\",\"@id\":\"https:\\\/\\\/sonam.bzh\\\/#website\",\"url\":\"https:\\\/\\\/sonam.bzh\\\/\",\"name\":\"Sonam - Ecole de Musique\",\"description\":\"Sonam&#039; - Skol Sonerezh\",\"potentialAction\":[{\"@type\":\"SearchAction\",\"target\":{\"@type\":\"EntryPoint\",\"urlTemplate\":\"https:\\\/\\\/sonam.bzh\\\/?s={search_term_string}\"},\"query-input\":{\"@type\":\"PropertyValueSpecification\",\"valueRequired\":true,\"valueName\":\"search_term_string\"}}],\"inLanguage\":\"br\"}]}<\/script>\n<!-- \/ Yoast SEO plugin. -->","yoast_head_json":{"title":"Kentelio\u00f9 gitar - Sonam&#039; - Skol Sonerezh","robots":{"index":"index","follow":"follow","max-snippet":"max-snippet:-1","max-image-preview":"max-image-preview:large","max-video-preview":"max-video-preview:-1"},"canonical":"https:\/\/sonam.bzh\/instruments\/cours-de-guitare\/","og_locale":"en_US","og_type":"article","og_title":"Kentelio\u00f9 gitar - Sonam&#039; - Skol Sonerezh","og_description":"Marc Jacquier S\u00e9bastien Gocse\u00ef Sol\u00e8ne Marrec Fred Gauter Michel Leal Martinez","og_url":"https:\/\/sonam.bzh\/instruments\/cours-de-guitare\/","og_site_name":"Sonam&#039; - Skol Sonerezh","article_publisher":"https:\/\/www.facebook.com\/SonamEcoleDeMusique\/","article_modified_time":"2025-06-17T19:49:47+00:00","og_image":[{"url":"https:\/\/sonam.bzh\/WP\/wp-content\/uploads\/2025\/06\/Laurent-Le-Meur-300x300.jpg","type":"","width":"","height":""}],"twitter_card":"summary_large_image","twitter_misc":{"Est. reading time":"1 minute"},"schema":{"@context":"https:\/\/schema.org","@graph":[{"@type":"WebPage","@id":"https:\/\/sonam.bzh\/instruments\/cours-de-guitare\/","url":"https:\/\/sonam.bzh\/instruments\/cours-de-guitare\/","name":"Kentelio\u00f9 gitar - Sonam&#039; - Skol Sonerezh","isPartOf":{"@id":"https:\/\/sonam.bzh\/#website"},"primaryImageOfPage":{"@id":"https:\/\/sonam.bzh\/instruments\/cours-de-guitare\/#primaryimage"},"image":{"@id":"https:\/\/sonam.bzh\/instruments\/cours-de-guitare\/#primaryimage"},"thumbnailUrl":"https:\/\/sonam.bzh\/WP\/wp-content\/uploads\/2025\/06\/Laurent-Le-Meur-300x300.jpg","datePublished":"2016-07-07T20:29:04+00:00","dateModified":"2025-06-17T19:49:47+00:00","breadcrumb":{"@id":"https:\/\/sonam.bzh\/instruments\/cours-de-guitare\/#breadcrumb"},"inLanguage":"br","potentialAction":[{"@type":"ReadAction","target":["https:\/\/sonam.bzh\/instruments\/cours-de-guitare\/"]}]},{"@type":"ImageObject","inLanguage":"br","@id":"https:\/\/sonam.bzh\/instruments\/cours-de-guitare\/#primaryimage","url":"https:\/\/sonam.bzh\/WP\/wp-content\/uploads\/2025\/06\/Laurent-Le-Meur-300x300.jpg","contentUrl":"https:\/\/sonam.bzh\/WP\/wp-content\/uploads\/2025\/06\/Laurent-Le-Meur-300x300.jpg"},{"@type":"BreadcrumbList","@id":"https:\/\/sonam.bzh\/instruments\/cours-de-guitare\/#breadcrumb","itemListElement":[{"@type":"ListItem","position":1,"name":"Accueil","item":"https:\/\/sonam.bzh\/"},{"@type":"ListItem","position":2,"name":"Les cours d&rsquo;instruments","item":"https:\/\/sonam.bzh\/instruments\/"},{"@type":"ListItem","position":3,"name":"Cours de Guitare"}]},{"@type":"WebSite","@id":"https:\/\/sonam.bzh\/#website","url":"https:\/\/sonam.bzh\/","name":"Sonam - Ecole de Musique","description":"Sonam&#039; - Skol Sonerezh","potentialAction":[{"@type":"SearchAction","target":{"@type":"EntryPoint","urlTemplate":"https:\/\/sonam.bzh\/?s={search_term_string}"},"query-input":{"@type":"PropertyValueSpecification","valueRequired":true,"valueName":"search_term_string"}}],"inLanguage":"br"}]}},"jetpack_sharing_enabled":true,"_links":{"self":[{"href":"https:\/\/sonam.bzh\/br\/wp-json\/wp\/v2\/pages\/358","targetHints":{"allow":["GET"]}}],"collection":[{"href":"https:\/\/sonam.bzh\/br\/wp-json\/wp\/v2\/pages"}],"about":[{"href":"https:\/\/sonam.bzh\/br\/wp-json\/wp\/v2\/types\/page"}],"author":[{"embeddable":true,"href":"https:\/\/sonam.bzh\/br\/wp-json\/wp\/v2\/users\/1"}],"replies":[{"embeddable":true,"href":"https:\/\/sonam.bzh\/br\/wp-json\/wp\/v2\/comments?post=358"}],"version-history":[{"count":0,"href":"https:\/\/sonam.bzh\/br\/wp-json\/wp\/v2\/pages\/358\/revisions"}],"up":[{"embeddable":true,"href":"https:\/\/sonam.bzh\/br\/wp-json\/wp\/v2\/pages\/328"}],"wp:attachment":[{"href":"https:\/\/sonam.bzh\/br\/wp-json\/wp\/v2\/media?parent=358"}],"curies":[{"name":"wp","href":"https:\/\/api.w.org\/{rel}","templated":true}]}}