{"id":2052,"date":"2026-02-07T16:17:40","date_gmt":"2026-02-07T15:17:40","guid":{"rendered":"https:\/\/sonam.bzh\/?page_id=2052"},"modified":"2026-02-26T22:08:22","modified_gmt":"2026-02-26T21:08:22","slug":"festitrad-concours-de-musique","status":"publish","type":"page","link":"https:\/\/sonam.bzh\/br\/festitrad-concours-de-musique\/","title":{"rendered":"(Fran\u00e7ais) Festitrad&rsquo; : concours de musique"},"content":{"rendered":"<p class=\"qtranxs-available-languages-message qtranxs-available-languages-message-br\">non disponible For the sake of viewer convenience, the content is shown below in the alternative language. You may click the link to switch the active language.<\/p><p><\/p>\n<h2 style=\"text-align: center\"><span style=\"color: #008000\"><span style=\"font-family: Calibri, sans-serif\"><b>CONCOURS DE MUSIQUE<img loading=\"lazy\" decoding=\"async\" class=\"wp-image-2056 alignleft\" src=\"https:\/\/sonam.bzh\/WP\/wp-content\/uploads\/2026\/02\/Europe_s_engage_RVB-248x300.jpg\" alt=\"\" width=\"88\" height=\"106\" srcset=\"https:\/\/sonam.bzh\/WP\/wp-content\/uploads\/2026\/02\/Europe_s_engage_RVB-248x300.jpg 248w, https:\/\/sonam.bzh\/WP\/wp-content\/uploads\/2026\/02\/Europe_s_engage_RVB-768x930.jpg 768w, https:\/\/sonam.bzh\/WP\/wp-content\/uploads\/2026\/02\/Europe_s_engage_RVB-600x726.jpg 600w, https:\/\/sonam.bzh\/WP\/wp-content\/uploads\/2026\/02\/Europe_s_engage_RVB.jpg 802w\" sizes=\"auto, (max-width: 88px) 100vw, 88px\" \/><\/b><\/span><\/span><\/h2>\n<p>&nbsp;<\/p>\n<p style=\"text-align: center\"><img loading=\"lazy\" decoding=\"async\" class=\"wp-image-1477 alignleft\" src=\"https:\/\/sonam.bzh\/WP\/wp-content\/uploads\/2023\/07\/Aubin-et-Eliot-2-300x200.jpg\" alt=\"\" width=\"185\" height=\"123\" srcset=\"https:\/\/sonam.bzh\/WP\/wp-content\/uploads\/2023\/07\/Aubin-et-Eliot-2-300x200.jpg 300w, https:\/\/sonam.bzh\/WP\/wp-content\/uploads\/2023\/07\/Aubin-et-Eliot-2-1024x683.jpg 1024w, https:\/\/sonam.bzh\/WP\/wp-content\/uploads\/2023\/07\/Aubin-et-Eliot-2-768x512.jpg 768w, https:\/\/sonam.bzh\/WP\/wp-content\/uploads\/2023\/07\/Aubin-et-Eliot-2-1536x1024.jpg 1536w, https:\/\/sonam.bzh\/WP\/wp-content\/uploads\/2023\/07\/Aubin-et-Eliot-2-2048x1365.jpg 2048w\" sizes=\"auto, (max-width: 185px) 100vw, 185px\" \/><img loading=\"lazy\" decoding=\"async\" class=\"wp-image-2040 alignright\" src=\"https:\/\/sonam.bzh\/WP\/wp-content\/uploads\/2026\/01\/Le-Cloirec-300x200.jpg\" alt=\"\" width=\"184\" height=\"122\" srcset=\"https:\/\/sonam.bzh\/WP\/wp-content\/uploads\/2026\/01\/Le-Cloirec-300x200.jpg 300w, https:\/\/sonam.bzh\/WP\/wp-content\/uploads\/2026\/01\/Le-Cloirec-768x512.jpg 768w, https:\/\/sonam.bzh\/WP\/wp-content\/uploads\/2026\/01\/Le-Cloirec-600x400.jpg 600w, https:\/\/sonam.bzh\/WP\/wp-content\/uploads\/2026\/01\/Le-Cloirec.jpg 1024w\" sizes=\"auto, (max-width: 184px) 100vw, 184px\" \/><span style=\"color: #0000ff\"><strong><span style=\"font-family: Calibri, sans-serif\">Inscription pour les sonneurs (repas offert)<\/span><\/strong><\/span><\/p>\n<p style=\"text-align: center\"><strong><span style=\"font-family: Calibri, sans-serif\">&nbsp;<a href=\"https:\/\/framaforms.org\/concours-de-sonneurs-duos-libres-28-mars-2026-a-ste-helene-56-1770321750\">https:\/\/framaforms.org\/concours-de-sonneurs-duos-libres-28-mars-2026-a-ste-helene-56-1770321750<\/a><\/span><\/strong><\/p>\n<p>&nbsp;<\/p>\n<h3>&nbsp;<\/h3>\n<h3><span style=\"color: #0000ff;font-family: Calibri, sans-serif\"><em>Kenstrivadeg<\/em><b> \/ Concours cornemuse-bombarde&nbsp; &#8211; biniou-bombarde<\/b><\/span><\/h3>\n<p style=\"text-align: justify\"><span style=\"font-family: Calibri, sans-serif\">Pour donner de la place \u00e0 tous pour s&rsquo;exprimer ! Il sera demand\u00e9 une marche , une m\u00e9lodie, une danse&#8230;du pays vannetais evel just!<\/span><\/p>\n<p><span style=\"font-family: Calibri, sans-serif\"><strong>Public concern\u00e9<\/strong> : tout le monde est bienvenu<\/span><\/p>\n<p><span style=\"font-family: Calibri, sans-serif\"><strong>Lieu<\/strong> : Place de la mairie OU espace ext\u00e9rieur Beg er lann<\/span><\/p>\n<p><span style=\"font-family: Calibri, sans-serif\"><strong>Horaires<\/strong> : 11h marche et m\u00e9lodie, 14h danse<\/span><\/p>\n<p><span style=\"font-family: Calibri, sans-serif\"><strong>Tarif&nbsp;<\/strong>: gratuit. Inscription pour les sonneurs (repas offert):&nbsp;<\/span><\/p>\n<p>&nbsp;<\/p>\n<h3><span style=\"color: #0000ff;font-family: Calibri, sans-serif\"><em>Kenstrivadeg<\/em><em>daouado\u00f9<\/em><b>\/ concours duos libres<\/b><\/span><\/h3>\n<p style=\"text-align: justify\"><span style=\"font-family: Calibri, sans-serif\">Pour donner de la place \u00e0 tous pour s&rsquo;exprimer! Il sera demand\u00e9 10 minutes de musique traditionnelle ou dans le style du terroir vannetais<\/span><\/p>\n<p><span style=\"font-family: Calibri, sans-serif\"><strong>Public concern\u00e9<\/strong> : tout le monde est bienvenu<\/span><\/p>\n<p><span style=\"font-family: Calibri, sans-serif\"><strong>Lieu<\/strong> : Espace ext\u00e9rieur Beg er Lann<\/span><\/p>\n<p><span style=\"font-family: Calibri, sans-serif\"><strong>Horaires<\/strong> : 18h-19h30<\/span><\/p>\n<p><span style=\"font-family: Calibri, sans-serif\"><strong>Tarif&nbsp;<\/strong>: gratuit<\/span><\/p>\n<p><\/p>","protected":false},"excerpt":{"rendered":"<p>non disponible For the sake of viewer convenience, the content is shown below in the alternative language. You may click the link to switch the active language. CONCOURS DE MUSIQUE &nbsp; Inscription pour les sonneurs (repas offert) &nbsp;https:\/\/framaforms.org\/concours-de-sonneurs-duos-libres-28-mars-2026-a-ste-helene-56-1770321750 &nbsp; &nbsp; Kenstrivadeg \/ Concours cornemuse-bombarde&nbsp; &#8211; biniou-bombarde Pour donner de la place \u00e0 tous pour s&rsquo;exprimer [&hellip;]<\/p>\n","protected":false},"author":300,"featured_media":0,"parent":0,"menu_order":0,"comment_status":"closed","ping_status":"closed","template":"","meta":{"_bbp_topic_count":0,"_bbp_reply_count":0,"_bbp_total_topic_count":0,"_bbp_total_reply_count":0,"_bbp_voice_count":0,"_bbp_anonymous_reply_count":0,"_bbp_topic_count_hidden":0,"_bbp_reply_count_hidden":0,"_bbp_forum_subforum_count":0,"ngg_post_thumbnail":0,"footnotes":""},"class_list":["post-2052","page","type-page","status-publish","czr-hentry"],"yoast_head":"<!-- This site is optimized with the Yoast SEO plugin v27.5 - https:\/\/yoast.com\/product\/yoast-seo-wordpress\/ -->\n<title>(Fran\u00e7ais) Festitrad&#039; : concours de musique - Sonam&#039; - Skol Sonerezh<\/title>\n<meta name=\"robots\" content=\"index, follow, max-snippet:-1, max-image-preview:large, max-video-preview:-1\" \/>\n<link rel=\"canonical\" href=\"https:\/\/sonam.bzh\/festitrad-concours-de-musique\/\" class=\"yoast-seo-meta-tag\" \/>\n<meta property=\"og:locale\" content=\"en_US\" class=\"yoast-seo-meta-tag\" \/>\n<meta property=\"og:type\" content=\"article\" class=\"yoast-seo-meta-tag\" \/>\n<meta property=\"og:title\" content=\"(Fran\u00e7ais) Festitrad&#039; : concours de musique - Sonam&#039; - Skol Sonerezh\" class=\"yoast-seo-meta-tag\" \/>\n<meta property=\"og:description\" content=\"non disponible For the sake of viewer convenience, the content is shown below in the alternative language. You may click the link to switch the active language. CONCOURS DE MUSIQUE &nbsp; Inscription pour les sonneurs (repas offert) &nbsp;https:\/\/framaforms.org\/concours-de-sonneurs-duos-libres-28-mars-2026-a-ste-helene-56-1770321750 &nbsp; &nbsp; Kenstrivadeg \/ Concours cornemuse-bombarde&nbsp; &#8211; biniou-bombarde Pour donner de la place \u00e0 tous pour s&rsquo;exprimer [&hellip;]\" class=\"yoast-seo-meta-tag\" \/>\n<meta property=\"og:url\" content=\"https:\/\/sonam.bzh\/festitrad-concours-de-musique\/\" class=\"yoast-seo-meta-tag\" \/>\n<meta property=\"og:site_name\" content=\"Sonam&#039; - Skol Sonerezh\" class=\"yoast-seo-meta-tag\" \/>\n<meta property=\"article:publisher\" content=\"https:\/\/www.facebook.com\/SonamEcoleDeMusique\/\" class=\"yoast-seo-meta-tag\" \/>\n<meta property=\"article:modified_time\" content=\"2026-02-26T21:08:22+00:00\" class=\"yoast-seo-meta-tag\" \/>\n<meta property=\"og:image\" content=\"https:\/\/sonam.bzh\/WP\/wp-content\/uploads\/2026\/02\/Europe_s_engage_RVB.jpg\" class=\"yoast-seo-meta-tag\" \/>\n\t<meta property=\"og:image:width\" content=\"802\" class=\"yoast-seo-meta-tag\" \/>\n\t<meta property=\"og:image:height\" content=\"971\" class=\"yoast-seo-meta-tag\" \/>\n\t<meta property=\"og:image:type\" content=\"image\/jpeg\" class=\"yoast-seo-meta-tag\" \/>\n<meta name=\"twitter:card\" content=\"summary_large_image\" class=\"yoast-seo-meta-tag\" \/>\n<meta name=\"twitter:label1\" content=\"Est. reading time\" class=\"yoast-seo-meta-tag\" \/>\n\t<meta name=\"twitter:data1\" content=\"2 minutes\" class=\"yoast-seo-meta-tag\" \/>\n<script type=\"application\/ld+json\" class=\"yoast-schema-graph\">{\"@context\":\"https:\\\/\\\/schema.org\",\"@graph\":[{\"@type\":\"WebPage\",\"@id\":\"https:\\\/\\\/sonam.bzh\\\/festitrad-concours-de-musique\\\/\",\"url\":\"https:\\\/\\\/sonam.bzh\\\/festitrad-concours-de-musique\\\/\",\"name\":\"(Fran\u00e7ais) Festitrad' : concours de musique - Sonam&#039; - Skol Sonerezh\",\"isPartOf\":{\"@id\":\"https:\\\/\\\/sonam.bzh\\\/#website\"},\"primaryImageOfPage\":{\"@id\":\"https:\\\/\\\/sonam.bzh\\\/festitrad-concours-de-musique\\\/#primaryimage\"},\"image\":{\"@id\":\"https:\\\/\\\/sonam.bzh\\\/festitrad-concours-de-musique\\\/#primaryimage\"},\"thumbnailUrl\":\"https:\\\/\\\/sonam.bzh\\\/WP\\\/wp-content\\\/uploads\\\/2026\\\/02\\\/Europe_s_engage_RVB-248x300.jpg\",\"datePublished\":\"2026-02-07T15:17:40+00:00\",\"dateModified\":\"2026-02-26T21:08:22+00:00\",\"breadcrumb\":{\"@id\":\"https:\\\/\\\/sonam.bzh\\\/festitrad-concours-de-musique\\\/#breadcrumb\"},\"inLanguage\":\"br\",\"potentialAction\":[{\"@type\":\"ReadAction\",\"target\":[\"https:\\\/\\\/sonam.bzh\\\/festitrad-concours-de-musique\\\/\"]}]},{\"@type\":\"ImageObject\",\"inLanguage\":\"br\",\"@id\":\"https:\\\/\\\/sonam.bzh\\\/festitrad-concours-de-musique\\\/#primaryimage\",\"url\":\"https:\\\/\\\/sonam.bzh\\\/WP\\\/wp-content\\\/uploads\\\/2026\\\/02\\\/Europe_s_engage_RVB-248x300.jpg\",\"contentUrl\":\"https:\\\/\\\/sonam.bzh\\\/WP\\\/wp-content\\\/uploads\\\/2026\\\/02\\\/Europe_s_engage_RVB-248x300.jpg\"},{\"@type\":\"BreadcrumbList\",\"@id\":\"https:\\\/\\\/sonam.bzh\\\/festitrad-concours-de-musique\\\/#breadcrumb\",\"itemListElement\":[{\"@type\":\"ListItem\",\"position\":1,\"name\":\"Accueil\",\"item\":\"https:\\\/\\\/sonam.bzh\\\/\"},{\"@type\":\"ListItem\",\"position\":2,\"name\":\"Festitrad&rsquo; : concours de musique\"}]},{\"@type\":\"WebSite\",\"@id\":\"https:\\\/\\\/sonam.bzh\\\/#website\",\"url\":\"https:\\\/\\\/sonam.bzh\\\/\",\"name\":\"Sonam - Ecole de Musique\",\"description\":\"Sonam&#039; - Skol Sonerezh\",\"potentialAction\":[{\"@type\":\"SearchAction\",\"target\":{\"@type\":\"EntryPoint\",\"urlTemplate\":\"https:\\\/\\\/sonam.bzh\\\/?s={search_term_string}\"},\"query-input\":{\"@type\":\"PropertyValueSpecification\",\"valueRequired\":true,\"valueName\":\"search_term_string\"}}],\"inLanguage\":\"br\"}]}<\/script>\n<!-- \/ Yoast SEO plugin. -->","yoast_head_json":{"title":"(Fran\u00e7ais) Festitrad' : concours de musique - Sonam&#039; - Skol Sonerezh","robots":{"index":"index","follow":"follow","max-snippet":"max-snippet:-1","max-image-preview":"max-image-preview:large","max-video-preview":"max-video-preview:-1"},"canonical":"https:\/\/sonam.bzh\/festitrad-concours-de-musique\/","og_locale":"en_US","og_type":"article","og_title":"(Fran\u00e7ais) Festitrad' : concours de musique - Sonam&#039; - Skol Sonerezh","og_description":"non disponible For the sake of viewer convenience, the content is shown below in the alternative language. You may click the link to switch the active language. CONCOURS DE MUSIQUE &nbsp; Inscription pour les sonneurs (repas offert) &nbsp;https:\/\/framaforms.org\/concours-de-sonneurs-duos-libres-28-mars-2026-a-ste-helene-56-1770321750 &nbsp; &nbsp; Kenstrivadeg \/ Concours cornemuse-bombarde&nbsp; &#8211; biniou-bombarde Pour donner de la place \u00e0 tous pour s&rsquo;exprimer [&hellip;]","og_url":"https:\/\/sonam.bzh\/festitrad-concours-de-musique\/","og_site_name":"Sonam&#039; - Skol Sonerezh","article_publisher":"https:\/\/www.facebook.com\/SonamEcoleDeMusique\/","article_modified_time":"2026-02-26T21:08:22+00:00","og_image":[{"width":802,"height":971,"url":"https:\/\/sonam.bzh\/WP\/wp-content\/uploads\/2026\/02\/Europe_s_engage_RVB.jpg","type":"image\/jpeg"}],"twitter_card":"summary_large_image","twitter_misc":{"Est. reading time":"2 minutes"},"schema":{"@context":"https:\/\/schema.org","@graph":[{"@type":"WebPage","@id":"https:\/\/sonam.bzh\/festitrad-concours-de-musique\/","url":"https:\/\/sonam.bzh\/festitrad-concours-de-musique\/","name":"(Fran\u00e7ais) Festitrad' : concours de musique - Sonam&#039; - Skol Sonerezh","isPartOf":{"@id":"https:\/\/sonam.bzh\/#website"},"primaryImageOfPage":{"@id":"https:\/\/sonam.bzh\/festitrad-concours-de-musique\/#primaryimage"},"image":{"@id":"https:\/\/sonam.bzh\/festitrad-concours-de-musique\/#primaryimage"},"thumbnailUrl":"https:\/\/sonam.bzh\/WP\/wp-content\/uploads\/2026\/02\/Europe_s_engage_RVB-248x300.jpg","datePublished":"2026-02-07T15:17:40+00:00","dateModified":"2026-02-26T21:08:22+00:00","breadcrumb":{"@id":"https:\/\/sonam.bzh\/festitrad-concours-de-musique\/#breadcrumb"},"inLanguage":"br","potentialAction":[{"@type":"ReadAction","target":["https:\/\/sonam.bzh\/festitrad-concours-de-musique\/"]}]},{"@type":"ImageObject","inLanguage":"br","@id":"https:\/\/sonam.bzh\/festitrad-concours-de-musique\/#primaryimage","url":"https:\/\/sonam.bzh\/WP\/wp-content\/uploads\/2026\/02\/Europe_s_engage_RVB-248x300.jpg","contentUrl":"https:\/\/sonam.bzh\/WP\/wp-content\/uploads\/2026\/02\/Europe_s_engage_RVB-248x300.jpg"},{"@type":"BreadcrumbList","@id":"https:\/\/sonam.bzh\/festitrad-concours-de-musique\/#breadcrumb","itemListElement":[{"@type":"ListItem","position":1,"name":"Accueil","item":"https:\/\/sonam.bzh\/"},{"@type":"ListItem","position":2,"name":"Festitrad&rsquo; : concours de musique"}]},{"@type":"WebSite","@id":"https:\/\/sonam.bzh\/#website","url":"https:\/\/sonam.bzh\/","name":"Sonam - Ecole de Musique","description":"Sonam&#039; - Skol Sonerezh","potentialAction":[{"@type":"SearchAction","target":{"@type":"EntryPoint","urlTemplate":"https:\/\/sonam.bzh\/?s={search_term_string}"},"query-input":{"@type":"PropertyValueSpecification","valueRequired":true,"valueName":"search_term_string"}}],"inLanguage":"br"}]}},"jetpack_sharing_enabled":true,"_links":{"self":[{"href":"https:\/\/sonam.bzh\/br\/wp-json\/wp\/v2\/pages\/2052","targetHints":{"allow":["GET"]}}],"collection":[{"href":"https:\/\/sonam.bzh\/br\/wp-json\/wp\/v2\/pages"}],"about":[{"href":"https:\/\/sonam.bzh\/br\/wp-json\/wp\/v2\/types\/page"}],"author":[{"embeddable":true,"href":"https:\/\/sonam.bzh\/br\/wp-json\/wp\/v2\/users\/300"}],"replies":[{"embeddable":true,"href":"https:\/\/sonam.bzh\/br\/wp-json\/wp\/v2\/comments?post=2052"}],"version-history":[{"count":0,"href":"https:\/\/sonam.bzh\/br\/wp-json\/wp\/v2\/pages\/2052\/revisions"}],"wp:attachment":[{"href":"https:\/\/sonam.bzh\/br\/wp-json\/wp\/v2\/media?parent=2052"}],"curies":[{"name":"wp","href":"https:\/\/api.w.org\/{rel}","templated":true}]}}