{"id":2050,"date":"2026-02-07T15:48:07","date_gmt":"2026-02-07T14:48:07","guid":{"rendered":"https:\/\/sonam.bzh\/?page_id=2050"},"modified":"2026-02-26T13:03:15","modified_gmt":"2026-02-26T12:03:15","slug":"festitrad-chant-danses-traditionnelles-et-autres-chemins-artistiques","status":"publish","type":"page","link":"https:\/\/sonam.bzh\/br\/festitrad-chant-danses-traditionnelles-et-autres-chemins-artistiques\/","title":{"rendered":"(Fran\u00e7ais) Festitrad&rsquo; : chant, danses traditionnelles et autres chemins artistiques"},"content":{"rendered":"<p class=\"qtranxs-available-languages-message qtranxs-available-languages-message-br\">non disponible For the sake of viewer convenience, the content is shown below in the alternative language. You may click the link to switch the active language.<\/p><p><\/p>\n<h2 style=\"text-align: center\"><span style=\"color: #008000\"><b>CHANT, DANSES TRADITIONNELLES<img loading=\"lazy\" decoding=\"async\" class=\"wp-image-2056 alignleft\" src=\"https:\/\/sonam.bzh\/WP\/wp-content\/uploads\/2026\/02\/Europe_s_engage_RVB-248x300.jpg\" alt=\"\" width=\"105\" height=\"126\" srcset=\"https:\/\/sonam.bzh\/WP\/wp-content\/uploads\/2026\/02\/Europe_s_engage_RVB-248x300.jpg 248w, https:\/\/sonam.bzh\/WP\/wp-content\/uploads\/2026\/02\/Europe_s_engage_RVB-768x930.jpg 768w, https:\/\/sonam.bzh\/WP\/wp-content\/uploads\/2026\/02\/Europe_s_engage_RVB-600x726.jpg 600w, https:\/\/sonam.bzh\/WP\/wp-content\/uploads\/2026\/02\/Europe_s_engage_RVB.jpg 802w\" sizes=\"auto, (max-width: 105px) 100vw, 105px\" \/><\/b><\/span><\/h2>\n<h2 style=\"text-align: center\"><span style=\"color: #008000\"><strong>ET AUTRES CHEMINS ARTISTIQUES<\/strong><\/span><\/h2>\n<p>&nbsp;<\/p>\n<h3><span style=\"color: #0000ff\"><em>Stal sonenno\u00f9 Breizh evit ar vugale \/&nbsp;<\/em><\/span><b class=\"\"><span style=\"color: #ff0000\"><span style=\"color: #0000ff\">Atelier chant pour enfants<\/span><img loading=\"lazy\" decoding=\"async\" class=\"size-medium wp-image-2045 alignright\" src=\"https:\/\/sonam.bzh\/WP\/wp-content\/uploads\/2026\/02\/IMG-20250924-WA0012-1-300x155.jpg\" alt=\"\" width=\"300\" height=\"155\" srcset=\"https:\/\/sonam.bzh\/WP\/wp-content\/uploads\/2026\/02\/IMG-20250924-WA0012-1-300x155.jpg 300w, https:\/\/sonam.bzh\/WP\/wp-content\/uploads\/2026\/02\/IMG-20250924-WA0012-1-600x311.jpg 600w, https:\/\/sonam.bzh\/WP\/wp-content\/uploads\/2026\/02\/IMG-20250924-WA0012-1.jpg 647w\" sizes=\"auto, (max-width: 300px) 100vw, 300px\" \/><\/span><\/b><\/h3>\n<p>Propos\u00e9 avec&nbsp;<strong><span style=\"color: #993366\">Elodie Jaffr\u00e9<\/span>.&nbsp;<\/strong>Chanteuse professionnelle, elle est animatrice de l\u2019atelier mensuel d\u00e9di\u00e9 aux enfants \u00e0 l\u2019\u00e9cole de musique.&nbsp; Elle anime r\u00e9guli\u00e8rement en Bretagne des stages et est ancienne professeure des \u00e9coles. Cet atelier permettra aux enfants de d\u00e9couvrir des chansons&nbsp; bretonnes, progresser en expression vocale, prendre plaisir \u00e0 chanter ensemble. Une petite restitution publique sera propos\u00e9e.<\/p>\n<p style=\"text-align: center\">Pour \u00e9couter Elodie Jaffr\u00e9 :&nbsp;<a href=\"https:\/\/www.bing.com\/videos\/riverview\/relatedvideo?q=Awena+Lucas&amp;mid=DE959507E3EFF996E83FDE959507E3EFF996E83F&amp;churl=https%3a%2f%2fwww.youtube.com%2fchannel%2fUCVQPlan_PbhIf41KoU0-Yug&amp;FORM=VIRE\">Elodie Jaffr\u00e9 et Awena Lucas-\u00ab Pachpi \u00bb<\/a><\/p>\n<p><strong>Public concern\u00e9<\/strong>&nbsp;: enfants \u00e0 partir de 6 ans<\/p>\n<p><strong>Lieu<\/strong>&nbsp;: Maison des Associations de Sainte H\u00e9l\u00e8ne<\/p>\n<p><strong>Horaires&nbsp;<\/strong>: Atelier -14h30-15h50, restitution \u00e0 17h15 en introduction du \u00ab P\u2019tit bal \u00bb<\/p>\n<p><strong>Tarif&nbsp;<\/strong>: atelier gratuit, places limit\u00e9es,<strong>&nbsp;<span style=\"color: #ff00ff\">s\u2019inscrire ici<\/span><\/strong>&nbsp;:<span style=\"color: #ff00ff\">&nbsp;<a style=\"color: #ff00ff\" href=\"https:\/\/framaforms.org\/atelier-de-chant-pour-enfants-avec-elodie-jaffre-1770375310\">Atelier chant pour enfants avec Elodie Jaffr\u00e9<\/a><\/span><\/p>\n<p>&nbsp;<\/p>\n<h3><span style=\"color: #0000ff\"><em>Stal Da\u00f1so\u00f9 Breizh evit ar vugale\/&nbsp;<\/em><b>Atelier danses bretonnes pour enfants&nbsp;<\/b><\/span><\/h3>\n<p><img loading=\"lazy\" decoding=\"async\" class=\"size-medium wp-image-1585 alignleft\" src=\"https:\/\/sonam.bzh\/WP\/wp-content\/uploads\/2024\/02\/enfants_danse_bretonne-300x188.jpg\" alt=\"\" width=\"300\" height=\"188\" srcset=\"https:\/\/sonam.bzh\/WP\/wp-content\/uploads\/2024\/02\/enfants_danse_bretonne-300x188.jpg 300w, https:\/\/sonam.bzh\/WP\/wp-content\/uploads\/2024\/02\/enfants_danse_bretonne-768x480.jpg 768w, https:\/\/sonam.bzh\/WP\/wp-content\/uploads\/2024\/02\/enfants_danse_bretonne.jpg 960w\" sizes=\"auto, (max-width: 300px) 100vw, 300px\" \/><\/p>\n<p>Propos\u00e9 par&nbsp;<span style=\"color: #993366\"><strong>An Drouz Vor<\/strong><\/span> (cercle celtique de Port-Louis), cet atelier permettra aux enfants de d\u00e9couvrir ou de&nbsp; perfectionner la pratique de la danse bretonne. L\u2019initiation sera assur\u00e9e par Lucille Garrigue, chor\u00e9graphe du groupe&nbsp; et anim\u00e9e musicalement par des enfants musiciens de l\u2019\u00e9cole de musique Sonam\u2019 et du Bagad de Kervignac. Une petite restitution publique est pr\u00e9vue vers 17h.<\/p>\n<p>&nbsp;<\/p>\n<p>&nbsp;<\/p>\n<p>&nbsp;<\/p>\n<p><span class=\"\"><strong>Public concern\u00e9<\/strong> : enfants \u00e0 partir de 5 ans<img loading=\"lazy\" decoding=\"async\" class=\" wp-image-1842 alignright\" src=\"https:\/\/sonam.bzh\/WP\/wp-content\/uploads\/2025\/02\/ADV-287x300.jpg\" alt=\"\" width=\"118\" height=\"123\" srcset=\"https:\/\/sonam.bzh\/WP\/wp-content\/uploads\/2025\/02\/ADV-287x300.jpg 287w, https:\/\/sonam.bzh\/WP\/wp-content\/uploads\/2025\/02\/ADV.jpg 500w\" sizes=\"auto, (max-width: 118px) 100vw, 118px\" \/><\/span><\/p>\n<p><strong>Lieu<\/strong>&nbsp;: Maison des Associations de Sainte H\u00e9l\u00e8ne<\/p>\n<p><strong>Horaires&nbsp;<\/strong>: Atelier 16h-17h, restitution \u00e0 17h en introduction du \u00ab P\u2019tit bal \u00bb<\/p>\n<p><strong>Tarif&nbsp;<\/strong>: atelier gratuit, places limit\u00e9es,<span style=\"color: #ff00ff\"><strong>&nbsp;s\u2019inscrire ici<\/strong> :<a style=\"color: #ff00ff\" href=\"https:\/\/framaforms.org\/atelier-danse-bretonne-pour-enfants-avec-lucile-garrigue-1770559040\">&nbsp;Inscriptions ateliers danse enfants avec Lucile Garrigue<\/a><\/span><\/p>\n<h3>&nbsp;<\/h3>\n<h3><span style=\"color: #0000ff\"><em>Ar festig<\/em><b><em>&nbsp;\/&nbsp;<\/em><\/b><\/span><b class=\"\"><span style=\"color: #ff0000\"><span style=\"color: #0000ff\">Le p\u2019tit bal<\/span><img loading=\"lazy\" decoding=\"async\" class=\"size-medium wp-image-2046 alignright\" src=\"https:\/\/sonam.bzh\/WP\/wp-content\/uploads\/2026\/02\/IMG_20251213_191118-258x300.jpg\" alt=\"\" width=\"258\" height=\"300\" srcset=\"https:\/\/sonam.bzh\/WP\/wp-content\/uploads\/2026\/02\/IMG_20251213_191118-258x300.jpg 258w, https:\/\/sonam.bzh\/WP\/wp-content\/uploads\/2026\/02\/IMG_20251213_191118-881x1024.jpg 881w, https:\/\/sonam.bzh\/WP\/wp-content\/uploads\/2026\/02\/IMG_20251213_191118-768x893.jpg 768w, https:\/\/sonam.bzh\/WP\/wp-content\/uploads\/2026\/02\/IMG_20251213_191118-600x697.jpg 600w, https:\/\/sonam.bzh\/WP\/wp-content\/uploads\/2026\/02\/IMG_20251213_191118-1321x1536.jpg 1321w, https:\/\/sonam.bzh\/WP\/wp-content\/uploads\/2026\/02\/IMG_20251213_191118.jpg 1613w\" sizes=\"auto, (max-width: 258px) 100vw, 258px\" \/><\/span><\/b><\/h3>\n<p>Anim\u00e9 par&nbsp;<strong><span style=\"color: #008000\">S\u00e9bastien G\u00f6csei<\/span> , enseignant et musicien intervenant dans les \u00e9coles pour l\u2019\u00e9cole de musique,<\/strong>&nbsp;le \u00ab&nbsp;P\u2019tit bal&nbsp;\u00bb est l\u2019occasion pour les enfants de d\u00e9couvrir ou partager quelques danses du r\u00e9pertoire pratiqu\u00e9 par S\u00e9bastien. Un temps familial avec un intervenant exp\u00e9riment\u00e9, bien connu des \u00e9coles du territoire.<\/p>\n<p><strong>Public concern\u00e9<\/strong>&nbsp;: enfants \u00e0 partir de 5 ans<\/p>\n<p><strong>Lieu<\/strong>&nbsp;: sc\u00e8ne ext\u00e9rieure devant Beg er lann<\/p>\n<p><strong>Horaires&nbsp;<\/strong>: 17h30-18h15<\/p>\n<p><strong>Tarif&nbsp;<\/strong>: gratuit, pour faciliter l&rsquo;organisation,<span style=\"color: #ff00ff\">&nbsp;<strong>s\u2019inscrire ici<\/strong>:<a style=\"color: #ff00ff\" href=\"https:\/\/framaforms.org\/ptit-bal-pour-enfants-avec-sebastien-gocsei-1770559695\"> P&rsquo;tit bal pour enfants<\/a><\/span><\/p>\n<h3>&nbsp;<\/h3>\n<h3><span style=\"color: #0000ff\"><em>Stal Da\u00f1so\u00f9 ar bed \/&nbsp;<\/em><b>Atelier Danse du monde<\/b><\/span><\/h3>\n<p>Cet atelier,<span style=\"color: #008000\">&nbsp;<strong>anim\u00e9 par St\u00e9phane Rio<\/strong><\/span>, vous fera voyager au del\u00e0 de la Bretagne. Vous pourrez vous initier \u00e0 des danses venues d\u2019\u00c9cosse ou d\u2019Europe centrale : une fa\u00e7on de s\u2019ouvrir \u00e0 d\u2019autres cultures et d\u2019autres musiques.&nbsp;<\/p>\n<p>St\u00e9phane est animateur de danse \u00e0 Port-Louis (An DRouz Vor), Plouay (Kas a barh), etc\u2026<\/p>\n<p><span class=\"\"><strong>Public concern\u00e9&nbsp;<\/strong>: adolescents et adultes<img loading=\"lazy\" decoding=\"async\" class=\"size-medium wp-image-1849 alignright\" src=\"https:\/\/sonam.bzh\/WP\/wp-content\/uploads\/2025\/02\/MiniGala2019_bandeau-300x107.jpg\" alt=\"\" width=\"300\" height=\"107\" srcset=\"https:\/\/sonam.bzh\/WP\/wp-content\/uploads\/2025\/02\/MiniGala2019_bandeau-300x107.jpg 300w, https:\/\/sonam.bzh\/WP\/wp-content\/uploads\/2025\/02\/MiniGala2019_bandeau-1024x366.jpg 1024w, https:\/\/sonam.bzh\/WP\/wp-content\/uploads\/2025\/02\/MiniGala2019_bandeau-768x274.jpg 768w, https:\/\/sonam.bzh\/WP\/wp-content\/uploads\/2025\/02\/MiniGala2019_bandeau-600x214.jpg 600w, https:\/\/sonam.bzh\/WP\/wp-content\/uploads\/2025\/02\/MiniGala2019_bandeau.jpg 1170w\" sizes=\"auto, (max-width: 300px) 100vw, 300px\" \/><\/span><\/p>\n<p><strong>Lieu<\/strong>&nbsp;: Salle Beg er lann de Sainte-H\u00e9l\u00e8ne<\/p>\n<p><strong>Horaires<\/strong>&nbsp;:&nbsp;10h-12h (accueil d\u00e8s 9h30)<\/p>\n<p><strong>Tarif<\/strong> : participation libre, places limit\u00e9es,<span style=\"color: #ff00ff\">&nbsp;<strong>s\u2019inscrire ici<\/strong> : <a style=\"color: #ff00ff\" href=\"https:\/\/framaforms.org\/danses-du-monde-avec-stephane-rio-1770559948\">Danses du monde<\/a><\/span><\/p>\n<h3>&nbsp;<\/h3>\n<h3><span style=\"color: #0000ff\"><em>Dizoloi\u00f1 binvio\u00f9 seni\u00f1&nbsp;<\/em><b>\/ D\u00e9couverte :<\/b><b>&nbsp;pr\u00e9sentation\/initiation aux instruments<\/b><\/span><\/h3>\n<p>Des enseignants et jeunes musiciens de l\u2019\u00e9cole de musique vous feront d\u00e9couvrir, \u00e0 vous et vos enfants, l\u2019accord\u00e9on diatonique, le saxophone, la clarinette. Vous pourrez rencontrer \u00e0 cette occasion les enseignants Brewen Le Guellec, Nicolas Syz et Gweltaz Rault .<\/p>\n<p><strong>Lieux :&nbsp;<\/strong>chapiteau ext\u00e9rieur ou&nbsp; MDA Sainte-H\u00e9l\u00e8ne<\/p>\n<p><img loading=\"lazy\" decoding=\"async\" class=\"size-medium wp-image-1781 alignright\" src=\"https:\/\/sonam.bzh\/WP\/wp-content\/uploads\/2024\/10\/IMG_20230621_190614-2-300x231.jpg\" alt=\"\" width=\"300\" height=\"231\" srcset=\"https:\/\/sonam.bzh\/WP\/wp-content\/uploads\/2024\/10\/IMG_20230621_190614-2-300x231.jpg 300w, https:\/\/sonam.bzh\/WP\/wp-content\/uploads\/2024\/10\/IMG_20230621_190614-2-1024x787.jpg 1024w, https:\/\/sonam.bzh\/WP\/wp-content\/uploads\/2024\/10\/IMG_20230621_190614-2-768x591.jpg 768w, https:\/\/sonam.bzh\/WP\/wp-content\/uploads\/2024\/10\/IMG_20230621_190614-2-1536x1181.jpg 1536w, https:\/\/sonam.bzh\/WP\/wp-content\/uploads\/2024\/10\/IMG_20230621_190614-2-2048x1575.jpg 2048w\" sizes=\"auto, (max-width: 300px) 100vw, 300px\" \/><\/p>\n<p><strong>Horaires&nbsp;<\/strong>:<\/p>\n<ul>\n<li>10h30-11h : saxophone<\/li>\n<li>13h30-14h : accord\u00e9on diatonique<\/li>\n<li>16h15-16h45 : clarinette<\/li>\n<li>17h15-17h45 : accord\u00e9on diatonique<\/li>\n<li>18h15-18h45 :&nbsp; saxophone<\/li>\n<\/ul>\n<p><strong>Public :<\/strong>&nbsp;Enfants et adultes<\/p>\n<p><strong>Tarif<\/strong>&nbsp;: gratuit<\/p>\n<p>&nbsp;<\/p>\n<h3><span style=\"color: #0000ff\"><em>Stalio\u00f9 ar greizenn \u00ab&nbsp;Arzho\u00f9 ha beza\u00f1&nbsp;\u00bb<\/em><b>&nbsp;\/ Ateliers \u00ab&nbsp;Arts et \u00eatre&nbsp;\u00bb<\/b><\/span><\/h3>\n<p><strong>&nbsp;<span style=\"color: #0000ff\">Deux ateliers pour aller autrement vers \u00ab&nbsp;l\u2019art et \u00eatre&nbsp;\u00bb adapt\u00e9s \u00e0 tous :<\/span><\/strong><\/p>\n<ul>\n<li><span style=\"color: #993366\"><strong>Cr\u00e9ation graphique<\/strong>&nbsp;<\/span>: Julianne HUCHON et Bernard LE LUDEC &nbsp;proposeront un espace de cr\u00e9ation avec une approche d\u2019arth\u00e9rapie pour cr\u00e9er de petites \u0153uvres graphiques avec les m\u00e9dium dessin, peinture, collage et mosa\u00efque.<\/li>\n<\/ul>\n<p><strong>Places limit\u00e9es<\/strong>,<span style=\"color: #ff00ff\"><strong>&nbsp;s\u2019inscrire ici<\/strong>&nbsp;:&nbsp;<a style=\"color: #ff00ff\" href=\"https:\/\/framaforms.org\/creation-graphique-avec-julianne-huchon-et-bernard-le-ludec-1770560575\">Inscriptions cr\u00e9ation graphique avec Julianne Huchon et Bernard Le Ludec<\/a><\/span><\/p>\n<p><img loading=\"lazy\" decoding=\"async\" class=\"size-medium wp-image-2047 alignright\" src=\"https:\/\/sonam.bzh\/WP\/wp-content\/uploads\/2026\/02\/625125972_10161843678506022_8521255873269488931_n-300x157.jpg\" alt=\"\" width=\"300\" height=\"157\" srcset=\"https:\/\/sonam.bzh\/WP\/wp-content\/uploads\/2026\/02\/625125972_10161843678506022_8521255873269488931_n-300x157.jpg 300w, https:\/\/sonam.bzh\/WP\/wp-content\/uploads\/2026\/02\/625125972_10161843678506022_8521255873269488931_n.jpg 526w\" sizes=\"auto, (max-width: 300px) 100vw, 300px\" \/><\/p>\n<ul>\n<li><span style=\"color: #993366\"><strong>Musicoth\u00e9rapie active et relaxation sonore<\/strong><\/span>&nbsp;avec Cyrille BOUTBIEN&nbsp;<b>:<\/b>&nbsp;ateliers d\u2019expression rythmiques et sonores avec possibilit\u00e9 de petite relaxation sonore en fonction des&nbsp;besoins ressentis et exprim\u00e9s.&nbsp;Atelier ouvert \u00e0 tout public \u00e0 partir de 5 ans ( accompagn\u00e9 si besoin ) . S\u00e9ance de 45 \u00e0 50 mn en fonction des groupes. Atelier \u00e0 14h \u2013 15h et 16h. Maximum 6 personnes par atelier.<\/li>\n<\/ul>\n<p><strong>Places limit\u00e9es<\/strong>&nbsp;:&nbsp;<span style=\"color: #ff00ff\"><strong>S\u2019inscrire ici<\/strong>&nbsp;:&nbsp;<a style=\"color: #ff00ff\" href=\"https:\/\/framaforms.org\/musicotherapie-active-et-relaxation-sonore-avec-cyrille-boutbien-1770560999\">Inscriptions musicoth\u00e9rapie active et relaxation sonore avec Cyrille Boutbien<\/a><\/span><\/p>\n<p><strong>Public concern\u00e9<\/strong>&nbsp;: enfants, adultes, particuli\u00e8rement accessibles aux situations de handicaps.<\/p>\n<p><strong>Lieu<\/strong>&nbsp;: \u00e9cole St Joseph (centre bourg)<\/p>\n<p><strong>Tarif&nbsp;<\/strong>: gratuit, places limit\u00e9es \u00e0 6 personnes par cr\u00e9neaux.<\/p>\n<p>&nbsp;<\/p>\n<h3><span style=\"color: #0000ff\"><b>Atelier \u00aborgue sensoriel\u00bb<\/b><\/span><\/h3>\n<p>Propos\u00e9 par&nbsp;<strong>Roselyne Dauneau du Conservatoire de Lorient.&nbsp;<\/strong><\/p>\n<p>L\u2019orgue sensoriel est l\u2019un des outils d\u00e9velopp\u00e9 pour rendre la pratique artistique musicale accessible \u00e0 tous\u2026venez le d\u00e9couvrir !<\/p>\n<p><strong>Public concern\u00e9<\/strong> : enfants, adultes, particuli\u00e8rement accessibles aux situations de handicaps.&nbsp;<\/p>\n<p><strong>Lieu<\/strong>&nbsp;: Biblioth\u00e8que de Sainte H\u00e9l\u00e8ne<\/p>\n<p><strong>Horaires&nbsp;<\/strong>: ateliers \u00e0 14h et 15h. Un cr\u00e9neau peut \u00eatre rajout\u00e9 en fonction de la demande.<\/p>\n<p><strong>Tarif&nbsp;<\/strong>: atelier gratuit, places limit\u00e9es,<span style=\"color: #ff00ff\"> <strong>s\u2019inscrire ici :<\/strong><a style=\"color: #ff00ff\" href=\"https:\/\/framaforms.org\/decouverte-de-lorgue-sensoriel-1770561404\">&nbsp;Inscriptions d\u00e9couverte de l\u2019orgue sensoriel<\/a><\/span><\/p>\n<h3 style=\"text-align: center\"><em><strong><span style=\"color: #ff6600\">Renseignements sur l&rsquo;ensemble de ces propositions :<\/span><\/strong><\/em><\/h3>\n<p style=\"text-align: center\"><em><strong><span style=\"color: #ff6600\">contact@sonam.bzh &#8211; 07 54 36 94 54<\/span><\/strong><\/em><\/p>\n<p><\/p>","protected":false},"excerpt":{"rendered":"<p>non disponible For the sake of viewer convenience, the content is shown below in the alternative language. You may click the link to switch the active language. CHANT, DANSES TRADITIONNELLES ET AUTRES CHEMINS ARTISTIQUES &nbsp; Stal sonenno\u00f9 Breizh evit ar vugale \/&nbsp;Atelier chant pour enfants Propos\u00e9 avec&nbsp;Elodie Jaffr\u00e9.&nbsp;Chanteuse professionnelle, elle est animatrice de l\u2019atelier mensuel [&hellip;]<\/p>\n","protected":false},"author":300,"featured_media":0,"parent":0,"menu_order":0,"comment_status":"closed","ping_status":"closed","template":"","meta":{"_bbp_topic_count":0,"_bbp_reply_count":0,"_bbp_total_topic_count":0,"_bbp_total_reply_count":0,"_bbp_voice_count":0,"_bbp_anonymous_reply_count":0,"_bbp_topic_count_hidden":0,"_bbp_reply_count_hidden":0,"_bbp_forum_subforum_count":0,"ngg_post_thumbnail":0,"footnotes":""},"class_list":["post-2050","page","type-page","status-publish","czr-hentry"],"yoast_head":"<!-- This site is optimized with the Yoast SEO plugin v27.5 - https:\/\/yoast.com\/product\/yoast-seo-wordpress\/ -->\n<title>(Fran\u00e7ais) Festitrad&#039; : chant, danses traditionnelles et autres chemins artistiques - Sonam&#039; - Skol Sonerezh<\/title>\n<meta name=\"robots\" content=\"index, follow, max-snippet:-1, max-image-preview:large, max-video-preview:-1\" \/>\n<link rel=\"canonical\" href=\"https:\/\/sonam.bzh\/festitrad-chant-danses-traditionnelles-et-autres-chemins-artistiques\/\" class=\"yoast-seo-meta-tag\" \/>\n<meta property=\"og:locale\" content=\"en_US\" class=\"yoast-seo-meta-tag\" \/>\n<meta property=\"og:type\" content=\"article\" class=\"yoast-seo-meta-tag\" \/>\n<meta property=\"og:title\" content=\"(Fran\u00e7ais) Festitrad&#039; : chant, danses traditionnelles et autres chemins artistiques - Sonam&#039; - Skol Sonerezh\" class=\"yoast-seo-meta-tag\" \/>\n<meta property=\"og:description\" content=\"non disponible For the sake of viewer convenience, the content is shown below in the alternative language. You may click the link to switch the active language. CHANT, DANSES TRADITIONNELLES ET AUTRES CHEMINS ARTISTIQUES &nbsp; Stal sonenno\u00f9 Breizh evit ar vugale \/&nbsp;Atelier chant pour enfants Propos\u00e9 avec&nbsp;Elodie Jaffr\u00e9.&nbsp;Chanteuse professionnelle, elle est animatrice de l\u2019atelier mensuel [&hellip;]\" class=\"yoast-seo-meta-tag\" \/>\n<meta property=\"og:url\" content=\"https:\/\/sonam.bzh\/festitrad-chant-danses-traditionnelles-et-autres-chemins-artistiques\/\" class=\"yoast-seo-meta-tag\" \/>\n<meta property=\"og:site_name\" content=\"Sonam&#039; - Skol Sonerezh\" class=\"yoast-seo-meta-tag\" \/>\n<meta property=\"article:publisher\" content=\"https:\/\/www.facebook.com\/SonamEcoleDeMusique\/\" class=\"yoast-seo-meta-tag\" \/>\n<meta property=\"article:modified_time\" content=\"2026-02-26T12:03:15+00:00\" class=\"yoast-seo-meta-tag\" \/>\n<meta property=\"og:image\" content=\"https:\/\/sonam.bzh\/WP\/wp-content\/uploads\/2026\/02\/Europe_s_engage_RVB.jpg\" class=\"yoast-seo-meta-tag\" \/>\n\t<meta property=\"og:image:width\" content=\"802\" class=\"yoast-seo-meta-tag\" \/>\n\t<meta property=\"og:image:height\" content=\"971\" class=\"yoast-seo-meta-tag\" \/>\n\t<meta property=\"og:image:type\" content=\"image\/jpeg\" class=\"yoast-seo-meta-tag\" \/>\n<meta name=\"twitter:card\" content=\"summary_large_image\" class=\"yoast-seo-meta-tag\" \/>\n<meta name=\"twitter:label1\" content=\"Est. reading time\" class=\"yoast-seo-meta-tag\" \/>\n\t<meta name=\"twitter:data1\" content=\"6 minutes\" class=\"yoast-seo-meta-tag\" \/>\n<script type=\"application\/ld+json\" class=\"yoast-schema-graph\">{\"@context\":\"https:\\\/\\\/schema.org\",\"@graph\":[{\"@type\":\"WebPage\",\"@id\":\"https:\\\/\\\/sonam.bzh\\\/festitrad-chant-danses-traditionnelles-et-autres-chemins-artistiques\\\/\",\"url\":\"https:\\\/\\\/sonam.bzh\\\/festitrad-chant-danses-traditionnelles-et-autres-chemins-artistiques\\\/\",\"name\":\"(Fran\u00e7ais) Festitrad' : chant, danses traditionnelles et autres chemins artistiques - Sonam&#039; - Skol Sonerezh\",\"isPartOf\":{\"@id\":\"https:\\\/\\\/sonam.bzh\\\/#website\"},\"primaryImageOfPage\":{\"@id\":\"https:\\\/\\\/sonam.bzh\\\/festitrad-chant-danses-traditionnelles-et-autres-chemins-artistiques\\\/#primaryimage\"},\"image\":{\"@id\":\"https:\\\/\\\/sonam.bzh\\\/festitrad-chant-danses-traditionnelles-et-autres-chemins-artistiques\\\/#primaryimage\"},\"thumbnailUrl\":\"https:\\\/\\\/sonam.bzh\\\/WP\\\/wp-content\\\/uploads\\\/2026\\\/02\\\/Europe_s_engage_RVB-248x300.jpg\",\"datePublished\":\"2026-02-07T14:48:07+00:00\",\"dateModified\":\"2026-02-26T12:03:15+00:00\",\"breadcrumb\":{\"@id\":\"https:\\\/\\\/sonam.bzh\\\/festitrad-chant-danses-traditionnelles-et-autres-chemins-artistiques\\\/#breadcrumb\"},\"inLanguage\":\"br\",\"potentialAction\":[{\"@type\":\"ReadAction\",\"target\":[\"https:\\\/\\\/sonam.bzh\\\/festitrad-chant-danses-traditionnelles-et-autres-chemins-artistiques\\\/\"]}]},{\"@type\":\"ImageObject\",\"inLanguage\":\"br\",\"@id\":\"https:\\\/\\\/sonam.bzh\\\/festitrad-chant-danses-traditionnelles-et-autres-chemins-artistiques\\\/#primaryimage\",\"url\":\"https:\\\/\\\/sonam.bzh\\\/WP\\\/wp-content\\\/uploads\\\/2026\\\/02\\\/Europe_s_engage_RVB-248x300.jpg\",\"contentUrl\":\"https:\\\/\\\/sonam.bzh\\\/WP\\\/wp-content\\\/uploads\\\/2026\\\/02\\\/Europe_s_engage_RVB-248x300.jpg\"},{\"@type\":\"BreadcrumbList\",\"@id\":\"https:\\\/\\\/sonam.bzh\\\/festitrad-chant-danses-traditionnelles-et-autres-chemins-artistiques\\\/#breadcrumb\",\"itemListElement\":[{\"@type\":\"ListItem\",\"position\":1,\"name\":\"Accueil\",\"item\":\"https:\\\/\\\/sonam.bzh\\\/\"},{\"@type\":\"ListItem\",\"position\":2,\"name\":\"Festitrad&rsquo; : chant, danses traditionnelles et autres chemins artistiques\"}]},{\"@type\":\"WebSite\",\"@id\":\"https:\\\/\\\/sonam.bzh\\\/#website\",\"url\":\"https:\\\/\\\/sonam.bzh\\\/\",\"name\":\"Sonam - Ecole de Musique\",\"description\":\"Sonam&#039; - Skol Sonerezh\",\"potentialAction\":[{\"@type\":\"SearchAction\",\"target\":{\"@type\":\"EntryPoint\",\"urlTemplate\":\"https:\\\/\\\/sonam.bzh\\\/?s={search_term_string}\"},\"query-input\":{\"@type\":\"PropertyValueSpecification\",\"valueRequired\":true,\"valueName\":\"search_term_string\"}}],\"inLanguage\":\"br\"}]}<\/script>\n<!-- \/ Yoast SEO plugin. -->","yoast_head_json":{"title":"(Fran\u00e7ais) Festitrad' : chant, danses traditionnelles et autres chemins artistiques - Sonam&#039; - Skol Sonerezh","robots":{"index":"index","follow":"follow","max-snippet":"max-snippet:-1","max-image-preview":"max-image-preview:large","max-video-preview":"max-video-preview:-1"},"canonical":"https:\/\/sonam.bzh\/festitrad-chant-danses-traditionnelles-et-autres-chemins-artistiques\/","og_locale":"en_US","og_type":"article","og_title":"(Fran\u00e7ais) Festitrad' : chant, danses traditionnelles et autres chemins artistiques - Sonam&#039; - Skol Sonerezh","og_description":"non disponible For the sake of viewer convenience, the content is shown below in the alternative language. You may click the link to switch the active language. CHANT, DANSES TRADITIONNELLES ET AUTRES CHEMINS ARTISTIQUES &nbsp; Stal sonenno\u00f9 Breizh evit ar vugale \/&nbsp;Atelier chant pour enfants Propos\u00e9 avec&nbsp;Elodie Jaffr\u00e9.&nbsp;Chanteuse professionnelle, elle est animatrice de l\u2019atelier mensuel [&hellip;]","og_url":"https:\/\/sonam.bzh\/festitrad-chant-danses-traditionnelles-et-autres-chemins-artistiques\/","og_site_name":"Sonam&#039; - Skol Sonerezh","article_publisher":"https:\/\/www.facebook.com\/SonamEcoleDeMusique\/","article_modified_time":"2026-02-26T12:03:15+00:00","og_image":[{"width":802,"height":971,"url":"https:\/\/sonam.bzh\/WP\/wp-content\/uploads\/2026\/02\/Europe_s_engage_RVB.jpg","type":"image\/jpeg"}],"twitter_card":"summary_large_image","twitter_misc":{"Est. reading time":"6 minutes"},"schema":{"@context":"https:\/\/schema.org","@graph":[{"@type":"WebPage","@id":"https:\/\/sonam.bzh\/festitrad-chant-danses-traditionnelles-et-autres-chemins-artistiques\/","url":"https:\/\/sonam.bzh\/festitrad-chant-danses-traditionnelles-et-autres-chemins-artistiques\/","name":"(Fran\u00e7ais) Festitrad' : chant, danses traditionnelles et autres chemins artistiques - Sonam&#039; - Skol Sonerezh","isPartOf":{"@id":"https:\/\/sonam.bzh\/#website"},"primaryImageOfPage":{"@id":"https:\/\/sonam.bzh\/festitrad-chant-danses-traditionnelles-et-autres-chemins-artistiques\/#primaryimage"},"image":{"@id":"https:\/\/sonam.bzh\/festitrad-chant-danses-traditionnelles-et-autres-chemins-artistiques\/#primaryimage"},"thumbnailUrl":"https:\/\/sonam.bzh\/WP\/wp-content\/uploads\/2026\/02\/Europe_s_engage_RVB-248x300.jpg","datePublished":"2026-02-07T14:48:07+00:00","dateModified":"2026-02-26T12:03:15+00:00","breadcrumb":{"@id":"https:\/\/sonam.bzh\/festitrad-chant-danses-traditionnelles-et-autres-chemins-artistiques\/#breadcrumb"},"inLanguage":"br","potentialAction":[{"@type":"ReadAction","target":["https:\/\/sonam.bzh\/festitrad-chant-danses-traditionnelles-et-autres-chemins-artistiques\/"]}]},{"@type":"ImageObject","inLanguage":"br","@id":"https:\/\/sonam.bzh\/festitrad-chant-danses-traditionnelles-et-autres-chemins-artistiques\/#primaryimage","url":"https:\/\/sonam.bzh\/WP\/wp-content\/uploads\/2026\/02\/Europe_s_engage_RVB-248x300.jpg","contentUrl":"https:\/\/sonam.bzh\/WP\/wp-content\/uploads\/2026\/02\/Europe_s_engage_RVB-248x300.jpg"},{"@type":"BreadcrumbList","@id":"https:\/\/sonam.bzh\/festitrad-chant-danses-traditionnelles-et-autres-chemins-artistiques\/#breadcrumb","itemListElement":[{"@type":"ListItem","position":1,"name":"Accueil","item":"https:\/\/sonam.bzh\/"},{"@type":"ListItem","position":2,"name":"Festitrad&rsquo; : chant, danses traditionnelles et autres chemins artistiques"}]},{"@type":"WebSite","@id":"https:\/\/sonam.bzh\/#website","url":"https:\/\/sonam.bzh\/","name":"Sonam - Ecole de Musique","description":"Sonam&#039; - Skol Sonerezh","potentialAction":[{"@type":"SearchAction","target":{"@type":"EntryPoint","urlTemplate":"https:\/\/sonam.bzh\/?s={search_term_string}"},"query-input":{"@type":"PropertyValueSpecification","valueRequired":true,"valueName":"search_term_string"}}],"inLanguage":"br"}]}},"jetpack_sharing_enabled":true,"_links":{"self":[{"href":"https:\/\/sonam.bzh\/br\/wp-json\/wp\/v2\/pages\/2050","targetHints":{"allow":["GET"]}}],"collection":[{"href":"https:\/\/sonam.bzh\/br\/wp-json\/wp\/v2\/pages"}],"about":[{"href":"https:\/\/sonam.bzh\/br\/wp-json\/wp\/v2\/types\/page"}],"author":[{"embeddable":true,"href":"https:\/\/sonam.bzh\/br\/wp-json\/wp\/v2\/users\/300"}],"replies":[{"embeddable":true,"href":"https:\/\/sonam.bzh\/br\/wp-json\/wp\/v2\/comments?post=2050"}],"version-history":[{"count":0,"href":"https:\/\/sonam.bzh\/br\/wp-json\/wp\/v2\/pages\/2050\/revisions"}],"wp:attachment":[{"href":"https:\/\/sonam.bzh\/br\/wp-json\/wp\/v2\/media?parent=2050"}],"curies":[{"name":"wp","href":"https:\/\/api.w.org\/{rel}","templated":true}]}}