{"id":1690,"date":"2024-09-15T17:17:15","date_gmt":"2024-09-15T15:17:15","guid":{"rendered":"https:\/\/sonam.bzh\/?page_id=1690"},"modified":"2025-08-21T19:12:10","modified_gmt":"2025-08-21T17:12:10","slug":"stages-2","status":"publish","type":"page","link":"https:\/\/sonam.bzh\/br\/stages-2\/","title":{"rendered":"Stages"},"content":{"rendered":"<p class=\"qtranxs-available-languages-message qtranxs-available-languages-message-br\">non disponible For the sake of viewer convenience, the content is shown below in the alternative language. You may click the link to switch the active language.<\/p><p><\/p>\n<h3 style=\"text-align: center;\"><span style=\"color: #ff0000;\"><strong>Les stages \u00e0 l&rsquo;\u00e9cole de musique<\/strong><\/span><\/h3>\n<p style=\"text-align: center;\"><em>&laquo;&nbsp;Le stage de musique, de chant, c&rsquo;est un peu un moment hors du temps : on stoppe son quotidien. Pratique individuelle, collective, bienveillance, partage et entraide sont les points forts des stages. C&rsquo;est le moment de prendre un temps pour soi&#8230;et de faire de belles rencontres !&nbsp;&raquo;<\/em><\/p>\n<h3 style=\"text-align: center;\">L&rsquo;\u00e9cole de musique Sonam&rsquo; propose <strong><span style=\"color: #800080;\">des stages dans des formats vari\u00e9s.<\/span><\/strong><\/h3>\n<h3 style=\"text-align: center;\">Ces stages sont accessibles \u00e0 tous.<\/h3>\n<table style=\"border-collapse: collapse; border-color: #000000; border-style: solid;\">\n<tbody>\n<tr style=\"background-color: #dcdc1e;\">\n<th style=\"width: 111.152%; background-color: #dcdc1e; border-color: #000000; border-style: solid; text-align: center;\" colspan=\"2\">\n<h2><span style=\"color: #008000;\"><strong>Stages r\u00e9guliers<\/strong><\/span><\/h2>\n<\/th>\n<\/tr>\n<tr>\n<td style=\"width: 50%; border-color: #000000; border-style: solid;\">\n<ul style=\"font-size: 17px;\">\n<li>\n<h3><a href=\"https:\/\/sonam.bzh\/2025\/06\/14\/voix-en-chantier-avec-charles-quimbert\/\"><span style=\"color: #000000;\">&laquo;&nbsp;Voix en chantier&nbsp;&raquo; : <\/span><\/a><\/h3>\n<\/li>\n<\/ul>\n<h3 style=\"text-align: center;\"><span style=\"color: #000000;\">Cycle un samedi par mois &#8211; Chant adulte<\/span><\/h3>\n<\/td>\n<td style=\"width: 61.1515%; border-color: #000000; border-style: solid;\">\n<ul style=\"font-size: 17px;\">\n<li>\n<h3><a href=\"https:\/\/sonam.bzh\/2024\/07\/10\/brezhoneg-stal-kan-e-brezhoneg-evit-ar-vugale-get-elodie-jaffre\/\"><span style=\"color: #000000;\">&laquo;&nbsp;Chant en breton pour enfants&nbsp;&raquo; : <\/span><\/a><\/h3>\n<\/li>\n<\/ul>\n<h3 style=\"text-align: center;\"><span style=\"color: #000000;\">Cycle un mercredi matin par mois &#8211; Chant enfant<\/span><\/h3>\n<\/td>\n<\/tr>\n<tr>\n<td style=\"width: 50%; border-color: #000000; border-style: solid;\">\n<ul>\n<li>\n<h3><a href=\"https:\/\/sonam.bzh\/2025\/06\/23\/diato-lmatin-avec-gael-runigo-un-cycle-de-6-ateliers-daccordeon-diatonique-mensuel\/\"><span style=\"color: #000000;\">&laquo;&nbsp;Diato l&rsquo;matin&nbsp;&raquo; : <\/span><\/a><\/h3>\n<\/li>\n<\/ul>\n<h3 style=\"text-align: center;\"><span style=\"color: #000000;\">Cycle de 6 ateliers &#8211; Accord\u00e9on diatonique<\/span><\/h3>\n<\/td>\n<td style=\"width: 61.1515%; border-color: #000000; border-style: solid;\">\n<h3><span style=\"color: #000000;\"> <img loading=\"lazy\" decoding=\"async\" class=\"size-medium wp-image-1704 aligncenter\" src=\"https:\/\/sonam.bzh\/WP\/wp-content\/uploads\/2024\/09\/IMG_20240204_111249-300x123.jpg\" alt=\"\" width=\"300\" height=\"123\" srcset=\"https:\/\/sonam.bzh\/WP\/wp-content\/uploads\/2024\/09\/IMG_20240204_111249-300x123.jpg 300w, https:\/\/sonam.bzh\/WP\/wp-content\/uploads\/2024\/09\/IMG_20240204_111249-1024x421.jpg 1024w, https:\/\/sonam.bzh\/WP\/wp-content\/uploads\/2024\/09\/IMG_20240204_111249-768x316.jpg 768w, https:\/\/sonam.bzh\/WP\/wp-content\/uploads\/2024\/09\/IMG_20240204_111249-1536x632.jpg 1536w, https:\/\/sonam.bzh\/WP\/wp-content\/uploads\/2024\/09\/IMG_20240204_111249-2048x842.jpg 2048w\" sizes=\"auto, (max-width: 300px) 100vw, 300px\" \/><\/span><\/h3>\n<\/td>\n<\/tr>\n<\/tbody>\n<\/table>\n<table style=\"border-collapse: collapse; border-color: #000000; border-style: solid;\">\n<tbody>\n<tr style=\"background-color: #dcdc1e;\">\n<td style=\"width: 903.984px; background-color: #dcdc1e; text-align: center;\">\n<h2><span style=\"color: #008000;\"><strong>Stages ponctuels<\/strong><\/span><\/h2>\n<\/td>\n<\/tr>\n<tr>\n<td style=\"border-color: #000000; border-style: solid; width: 903.984px;\">\n<h3 style=\"text-align: center;\"><span style=\"color: #000000;\">Des stages ponctuels, \u00e0 la semaine ou \u00e0 la journ\u00e9e, peuvent \u00eatre propos\u00e9s <\/span><\/h3>\n<h3 style=\"text-align: center;\"><span style=\"color: #000000;\">pendant les vacances scolaires ou le week-end<\/span><\/h3>\n<h3 style=\"text-align: center;\"><span style=\"color: #000000;\">(stages d&rsquo;initiation au cajon, ukul\u00e9l\u00e9, stages avec des artistes&#8230;)<\/span><\/h3>\n<h3 style=\"text-align: center;\"><span style=\"color: #000000;\">N&rsquo;h\u00e9sitez pas \u00e0 suivre l&rsquo;actualit\u00e9 du site et\/ou les r\u00e9seaux sociaux pour en prendre connaissance et vous renseigner : 07 54 36 94 54&nbsp; &#8211; contact@sonam.bzh<\/span><\/h3>\n<\/td>\n<\/tr>\n<\/tbody>\n<\/table>\n<p><img loading=\"lazy\" decoding=\"async\" class=\"alignnone size-medium wp-image-1703\" src=\"https:\/\/sonam.bzh\/WP\/wp-content\/uploads\/2024\/09\/IMG-20240324-WA0042-300x159.jpg\" alt=\"\" width=\"300\" height=\"159\" srcset=\"https:\/\/sonam.bzh\/WP\/wp-content\/uploads\/2024\/09\/IMG-20240324-WA0042-300x159.jpg 300w, https:\/\/sonam.bzh\/WP\/wp-content\/uploads\/2024\/09\/IMG-20240324-WA0042-1024x543.jpg 1024w, https:\/\/sonam.bzh\/WP\/wp-content\/uploads\/2024\/09\/IMG-20240324-WA0042-768x407.jpg 768w, https:\/\/sonam.bzh\/WP\/wp-content\/uploads\/2024\/09\/IMG-20240324-WA0042-1536x814.jpg 1536w, https:\/\/sonam.bzh\/WP\/wp-content\/uploads\/2024\/09\/IMG-20240324-WA0042.jpg 1664w\" sizes=\"auto, (max-width: 300px) 100vw, 300px\" \/>&nbsp; <img loading=\"lazy\" decoding=\"async\" class=\" wp-image-1702 alignright\" src=\"https:\/\/sonam.bzh\/WP\/wp-content\/uploads\/2024\/09\/IMG_20240323_150727-300x141.jpg\" alt=\"\" width=\"317\" height=\"149\" srcset=\"https:\/\/sonam.bzh\/WP\/wp-content\/uploads\/2024\/09\/IMG_20240323_150727-300x141.jpg 300w, https:\/\/sonam.bzh\/WP\/wp-content\/uploads\/2024\/09\/IMG_20240323_150727-1024x480.jpg 1024w, https:\/\/sonam.bzh\/WP\/wp-content\/uploads\/2024\/09\/IMG_20240323_150727-768x360.jpg 768w, https:\/\/sonam.bzh\/WP\/wp-content\/uploads\/2024\/09\/IMG_20240323_150727-1536x721.jpg 1536w, https:\/\/sonam.bzh\/WP\/wp-content\/uploads\/2024\/09\/IMG_20240323_150727-2048x961.jpg 2048w\" sizes=\"auto, (max-width: 317px) 100vw, 317px\" \/><\/p>\n<p><\/p>","protected":false},"excerpt":{"rendered":"<p>non disponible For the sake of viewer convenience, the content is shown below in the alternative language. You may click the link to switch the active language. Les stages \u00e0 l&rsquo;\u00e9cole de musique &laquo;&nbsp;Le stage de musique, de chant, c&rsquo;est un peu un moment hors du temps : on stoppe son quotidien. Pratique individuelle, collective, [&hellip;]<\/p>\n","protected":false},"author":6,"featured_media":0,"parent":0,"menu_order":0,"comment_status":"closed","ping_status":"closed","template":"","meta":{"_bbp_topic_count":0,"_bbp_reply_count":0,"_bbp_total_topic_count":0,"_bbp_total_reply_count":0,"_bbp_voice_count":0,"_bbp_anonymous_reply_count":0,"_bbp_topic_count_hidden":0,"_bbp_reply_count_hidden":0,"_bbp_forum_subforum_count":0,"ngg_post_thumbnail":0,"footnotes":""},"class_list":["post-1690","page","type-page","status-publish","czr-hentry"],"yoast_head":"<!-- This site is optimized with the Yoast SEO plugin v27.5 - https:\/\/yoast.com\/product\/yoast-seo-wordpress\/ -->\n<title>Stages - Sonam&#039; - Skol Sonerezh<\/title>\n<meta name=\"robots\" content=\"index, follow, max-snippet:-1, max-image-preview:large, max-video-preview:-1\" \/>\n<link rel=\"canonical\" href=\"https:\/\/sonam.bzh\/stages-2\/\" class=\"yoast-seo-meta-tag\" \/>\n<meta property=\"og:locale\" content=\"en_US\" class=\"yoast-seo-meta-tag\" \/>\n<meta property=\"og:type\" content=\"article\" class=\"yoast-seo-meta-tag\" \/>\n<meta property=\"og:title\" content=\"Stages - Sonam&#039; - Skol Sonerezh\" class=\"yoast-seo-meta-tag\" \/>\n<meta property=\"og:description\" content=\"non disponible For the sake of viewer convenience, the content is shown below in the alternative language. You may click the link to switch the active language. Les stages \u00e0 l&rsquo;\u00e9cole de musique &laquo;&nbsp;Le stage de musique, de chant, c&rsquo;est un peu un moment hors du temps : on stoppe son quotidien. Pratique individuelle, collective, [&hellip;]\" class=\"yoast-seo-meta-tag\" \/>\n<meta property=\"og:url\" content=\"https:\/\/sonam.bzh\/stages-2\/\" class=\"yoast-seo-meta-tag\" \/>\n<meta property=\"og:site_name\" content=\"Sonam&#039; - Skol Sonerezh\" class=\"yoast-seo-meta-tag\" \/>\n<meta property=\"article:publisher\" content=\"https:\/\/www.facebook.com\/SonamEcoleDeMusique\/\" class=\"yoast-seo-meta-tag\" \/>\n<meta property=\"article:modified_time\" content=\"2025-08-21T17:12:10+00:00\" class=\"yoast-seo-meta-tag\" \/>\n<meta property=\"og:image\" content=\"https:\/\/sonam.bzh\/WP\/wp-content\/uploads\/2024\/09\/IMG_20240204_111249-scaled.jpg\" class=\"yoast-seo-meta-tag\" \/>\n\t<meta property=\"og:image:width\" content=\"2560\" class=\"yoast-seo-meta-tag\" \/>\n\t<meta property=\"og:image:height\" content=\"1053\" class=\"yoast-seo-meta-tag\" \/>\n\t<meta property=\"og:image:type\" content=\"image\/jpeg\" class=\"yoast-seo-meta-tag\" \/>\n<meta name=\"twitter:card\" content=\"summary_large_image\" class=\"yoast-seo-meta-tag\" \/>\n<meta name=\"twitter:label1\" content=\"Est. reading time\" class=\"yoast-seo-meta-tag\" \/>\n\t<meta name=\"twitter:data1\" content=\"2 minutes\" class=\"yoast-seo-meta-tag\" \/>\n<script type=\"application\/ld+json\" class=\"yoast-schema-graph\">{\"@context\":\"https:\\\/\\\/schema.org\",\"@graph\":[{\"@type\":\"WebPage\",\"@id\":\"https:\\\/\\\/sonam.bzh\\\/stages-2\\\/\",\"url\":\"https:\\\/\\\/sonam.bzh\\\/stages-2\\\/\",\"name\":\"Stages - Sonam&#039; - Skol Sonerezh\",\"isPartOf\":{\"@id\":\"https:\\\/\\\/sonam.bzh\\\/#website\"},\"primaryImageOfPage\":{\"@id\":\"https:\\\/\\\/sonam.bzh\\\/stages-2\\\/#primaryimage\"},\"image\":{\"@id\":\"https:\\\/\\\/sonam.bzh\\\/stages-2\\\/#primaryimage\"},\"thumbnailUrl\":\"https:\\\/\\\/sonam.bzh\\\/WP\\\/wp-content\\\/uploads\\\/2024\\\/09\\\/IMG_20240204_111249-300x123.jpg\",\"datePublished\":\"2024-09-15T15:17:15+00:00\",\"dateModified\":\"2025-08-21T17:12:10+00:00\",\"breadcrumb\":{\"@id\":\"https:\\\/\\\/sonam.bzh\\\/stages-2\\\/#breadcrumb\"},\"inLanguage\":\"br\",\"potentialAction\":[{\"@type\":\"ReadAction\",\"target\":[\"https:\\\/\\\/sonam.bzh\\\/stages-2\\\/\"]}]},{\"@type\":\"ImageObject\",\"inLanguage\":\"br\",\"@id\":\"https:\\\/\\\/sonam.bzh\\\/stages-2\\\/#primaryimage\",\"url\":\"https:\\\/\\\/sonam.bzh\\\/WP\\\/wp-content\\\/uploads\\\/2024\\\/09\\\/IMG_20240204_111249-300x123.jpg\",\"contentUrl\":\"https:\\\/\\\/sonam.bzh\\\/WP\\\/wp-content\\\/uploads\\\/2024\\\/09\\\/IMG_20240204_111249-300x123.jpg\"},{\"@type\":\"BreadcrumbList\",\"@id\":\"https:\\\/\\\/sonam.bzh\\\/stages-2\\\/#breadcrumb\",\"itemListElement\":[{\"@type\":\"ListItem\",\"position\":1,\"name\":\"Accueil\",\"item\":\"https:\\\/\\\/sonam.bzh\\\/\"},{\"@type\":\"ListItem\",\"position\":2,\"name\":\"Stages\"}]},{\"@type\":\"WebSite\",\"@id\":\"https:\\\/\\\/sonam.bzh\\\/#website\",\"url\":\"https:\\\/\\\/sonam.bzh\\\/\",\"name\":\"Sonam - Ecole de Musique\",\"description\":\"Sonam&#039; - Skol Sonerezh\",\"potentialAction\":[{\"@type\":\"SearchAction\",\"target\":{\"@type\":\"EntryPoint\",\"urlTemplate\":\"https:\\\/\\\/sonam.bzh\\\/?s={search_term_string}\"},\"query-input\":{\"@type\":\"PropertyValueSpecification\",\"valueRequired\":true,\"valueName\":\"search_term_string\"}}],\"inLanguage\":\"br\"}]}<\/script>\n<!-- \/ Yoast SEO plugin. -->","yoast_head_json":{"title":"Stages - Sonam&#039; - Skol Sonerezh","robots":{"index":"index","follow":"follow","max-snippet":"max-snippet:-1","max-image-preview":"max-image-preview:large","max-video-preview":"max-video-preview:-1"},"canonical":"https:\/\/sonam.bzh\/stages-2\/","og_locale":"en_US","og_type":"article","og_title":"Stages - Sonam&#039; - Skol Sonerezh","og_description":"non disponible For the sake of viewer convenience, the content is shown below in the alternative language. You may click the link to switch the active language. Les stages \u00e0 l&rsquo;\u00e9cole de musique &laquo;&nbsp;Le stage de musique, de chant, c&rsquo;est un peu un moment hors du temps : on stoppe son quotidien. Pratique individuelle, collective, [&hellip;]","og_url":"https:\/\/sonam.bzh\/stages-2\/","og_site_name":"Sonam&#039; - Skol Sonerezh","article_publisher":"https:\/\/www.facebook.com\/SonamEcoleDeMusique\/","article_modified_time":"2025-08-21T17:12:10+00:00","og_image":[{"width":2560,"height":1053,"url":"https:\/\/sonam.bzh\/WP\/wp-content\/uploads\/2024\/09\/IMG_20240204_111249-scaled.jpg","type":"image\/jpeg"}],"twitter_card":"summary_large_image","twitter_misc":{"Est. reading time":"2 minutes"},"schema":{"@context":"https:\/\/schema.org","@graph":[{"@type":"WebPage","@id":"https:\/\/sonam.bzh\/stages-2\/","url":"https:\/\/sonam.bzh\/stages-2\/","name":"Stages - Sonam&#039; - Skol Sonerezh","isPartOf":{"@id":"https:\/\/sonam.bzh\/#website"},"primaryImageOfPage":{"@id":"https:\/\/sonam.bzh\/stages-2\/#primaryimage"},"image":{"@id":"https:\/\/sonam.bzh\/stages-2\/#primaryimage"},"thumbnailUrl":"https:\/\/sonam.bzh\/WP\/wp-content\/uploads\/2024\/09\/IMG_20240204_111249-300x123.jpg","datePublished":"2024-09-15T15:17:15+00:00","dateModified":"2025-08-21T17:12:10+00:00","breadcrumb":{"@id":"https:\/\/sonam.bzh\/stages-2\/#breadcrumb"},"inLanguage":"br","potentialAction":[{"@type":"ReadAction","target":["https:\/\/sonam.bzh\/stages-2\/"]}]},{"@type":"ImageObject","inLanguage":"br","@id":"https:\/\/sonam.bzh\/stages-2\/#primaryimage","url":"https:\/\/sonam.bzh\/WP\/wp-content\/uploads\/2024\/09\/IMG_20240204_111249-300x123.jpg","contentUrl":"https:\/\/sonam.bzh\/WP\/wp-content\/uploads\/2024\/09\/IMG_20240204_111249-300x123.jpg"},{"@type":"BreadcrumbList","@id":"https:\/\/sonam.bzh\/stages-2\/#breadcrumb","itemListElement":[{"@type":"ListItem","position":1,"name":"Accueil","item":"https:\/\/sonam.bzh\/"},{"@type":"ListItem","position":2,"name":"Stages"}]},{"@type":"WebSite","@id":"https:\/\/sonam.bzh\/#website","url":"https:\/\/sonam.bzh\/","name":"Sonam - Ecole de Musique","description":"Sonam&#039; - Skol Sonerezh","potentialAction":[{"@type":"SearchAction","target":{"@type":"EntryPoint","urlTemplate":"https:\/\/sonam.bzh\/?s={search_term_string}"},"query-input":{"@type":"PropertyValueSpecification","valueRequired":true,"valueName":"search_term_string"}}],"inLanguage":"br"}]}},"jetpack_sharing_enabled":true,"_links":{"self":[{"href":"https:\/\/sonam.bzh\/br\/wp-json\/wp\/v2\/pages\/1690","targetHints":{"allow":["GET"]}}],"collection":[{"href":"https:\/\/sonam.bzh\/br\/wp-json\/wp\/v2\/pages"}],"about":[{"href":"https:\/\/sonam.bzh\/br\/wp-json\/wp\/v2\/types\/page"}],"author":[{"embeddable":true,"href":"https:\/\/sonam.bzh\/br\/wp-json\/wp\/v2\/users\/6"}],"replies":[{"embeddable":true,"href":"https:\/\/sonam.bzh\/br\/wp-json\/wp\/v2\/comments?post=1690"}],"version-history":[{"count":0,"href":"https:\/\/sonam.bzh\/br\/wp-json\/wp\/v2\/pages\/1690\/revisions"}],"wp:attachment":[{"href":"https:\/\/sonam.bzh\/br\/wp-json\/wp\/v2\/media?parent=1690"}],"curies":[{"name":"wp","href":"https:\/\/api.w.org\/{rel}","templated":true}]}}