{"id":1688,"date":"2024-09-15T17:17:15","date_gmt":"2024-09-15T15:17:15","guid":{"rendered":"https:\/\/sonam.bzh\/?page_id=1688"},"modified":"2025-09-05T09:48:48","modified_gmt":"2025-09-05T07:48:48","slug":"ateliers-multi-instrumentaux","status":"publish","type":"page","link":"https:\/\/sonam.bzh\/br\/ateliers-collectifs\/ateliers-multi-instrumentaux\/","title":{"rendered":"Ateliers multi-instrumentaux"},"content":{"rendered":"<p class=\"qtranxs-available-languages-message qtranxs-available-languages-message-br\">non disponible For the sake of viewer convenience, the content is shown below in the alternative language. You may click the link to switch the active language.<\/p><p><\/p>\n<h3 style=\"text-align: center\"><span style=\"color: #ff0000\"><strong>Les ateliers collectifs multi-instrumentaux<\/strong><\/span><\/h3>\n<p style=\"text-align: center\"><em>&laquo;&nbsp;Pratiquer son instrument et\/ou chanter dans un atelier collectif, c&rsquo;est LE chemin pour devenir un musicien complet et autonome. Les ateliers permettent de mettre les \u00e9l\u00e8ves en situation de pratique musicale, de donner du sens, de la motivation \u00e0 la pratique d&rsquo;un instrument, de cr\u00e9er une \u00e9mulation au sein du groupe,&#8230; Jouer avec les autres, \u00e9couter, construire ensemble, faire partie d&rsquo;un groupe, permet un r\u00e9el \u00e9panouissement personnel dans le cadre d&rsquo;une pratique artistique.&nbsp;&raquo;<\/em><\/p>\n<p><img loading=\"lazy\" decoding=\"async\" class=\"size-medium wp-image-1710 aligncenter\" src=\"https:\/\/sonam.bzh\/WP\/wp-content\/uploads\/2024\/09\/IMG_20240608_163604-300x155.jpg\" alt=\"\" width=\"300\" height=\"155\" srcset=\"https:\/\/sonam.bzh\/WP\/wp-content\/uploads\/2024\/09\/IMG_20240608_163604-300x155.jpg 300w, https:\/\/sonam.bzh\/WP\/wp-content\/uploads\/2024\/09\/IMG_20240608_163604-1024x528.jpg 1024w, https:\/\/sonam.bzh\/WP\/wp-content\/uploads\/2024\/09\/IMG_20240608_163604-768x396.jpg 768w, https:\/\/sonam.bzh\/WP\/wp-content\/uploads\/2024\/09\/IMG_20240608_163604-1536x792.jpg 1536w, https:\/\/sonam.bzh\/WP\/wp-content\/uploads\/2024\/09\/IMG_20240608_163604-2048x1057.jpg 2048w\" sizes=\"auto, (max-width: 300px) 100vw, 300px\" \/><\/p>\n<h3>L\u2019\u00e9cole de musique Sonam&rsquo; propose des <span style=\"color: #800080\"><strong>ateliers collectifs multi-instrumentaux dans une pluralit\u00e9 de styles<\/strong><\/span> accessibles \u00e0 tous et int\u00e9gr\u00e9s au parcours &laquo;&nbsp;Chemin du musicien&nbsp;&raquo; : <strong>en compl\u00e9ment de votre cours d&rsquo;instrument, vous pouvez vous inscrire, sans surco\u00fbt, \u00e0 un atelier collectif.<\/strong><\/h3>\n<p>* <em>Possibilit\u00e9 \u00e9galement de s&rsquo;inscrire uniquement \u00e0 un atelier collectif (voir pages tarifs)<\/em><\/p>\n<ul>\n<li><strong>Atelier Fanfare<\/strong>, avec Gweltas Rault<img loading=\"lazy\" decoding=\"async\" class=\"size-medium wp-image-1711 alignright\" src=\"https:\/\/sonam.bzh\/WP\/wp-content\/uploads\/2024\/09\/IMG_20240417_180512-300x205.jpg\" alt=\"\" width=\"300\" height=\"205\" srcset=\"https:\/\/sonam.bzh\/WP\/wp-content\/uploads\/2024\/09\/IMG_20240417_180512-300x205.jpg 300w, https:\/\/sonam.bzh\/WP\/wp-content\/uploads\/2024\/09\/IMG_20240417_180512-1024x700.jpg 1024w, https:\/\/sonam.bzh\/WP\/wp-content\/uploads\/2024\/09\/IMG_20240417_180512-768x525.jpg 768w, https:\/\/sonam.bzh\/WP\/wp-content\/uploads\/2024\/09\/IMG_20240417_180512-1536x1051.jpg 1536w, https:\/\/sonam.bzh\/WP\/wp-content\/uploads\/2024\/09\/IMG_20240417_180512.jpg 1601w\" sizes=\"auto, (max-width: 300px) 100vw, 300px\" \/><\/li>\n<li><strong>Atelier Ensemble \u00e0 vents,<\/strong>\u00a0avec Beno\u00eet Marty<\/li>\n<li><strong>Atelier Cordissimo<\/strong>, avec Marion Delorme,<\/li>\n<li><strong>Atelier Musique bretonne<\/strong>, avec Brewen Le Guellec<\/li>\n<li><strong>Atelier Musiques actuelles,<\/strong>\u00a0avec Fred Gauter,<\/li>\n<li><strong>Formation musicale<\/strong>\u00a0(de la th\u00e9orie \u00e0 la pratique) avec Marion Delorme<\/li>\n<li><strong>Atelier Orchestre des possibles,<\/strong> avec Laurent Le Meur (1\/mois, dimanches 19 octobre,<span style=\"font-weight: inherit\">16 novembre<\/span><span style=\"font-weight: inherit\">, 14 d\u00e9cembre &#8230;)<\/span><\/li>\n<\/ul>\n<p><img loading=\"lazy\" decoding=\"async\" class=\"size-medium wp-image-1709 alignleft\" src=\"https:\/\/sonam.bzh\/WP\/wp-content\/uploads\/2024\/09\/IMG_20240608_161709-1-300x193.jpg\" alt=\"\" width=\"300\" height=\"193\" srcset=\"https:\/\/sonam.bzh\/WP\/wp-content\/uploads\/2024\/09\/IMG_20240608_161709-1-300x193.jpg 300w, https:\/\/sonam.bzh\/WP\/wp-content\/uploads\/2024\/09\/IMG_20240608_161709-1-1024x660.jpg 1024w, https:\/\/sonam.bzh\/WP\/wp-content\/uploads\/2024\/09\/IMG_20240608_161709-1-768x495.jpg 768w, https:\/\/sonam.bzh\/WP\/wp-content\/uploads\/2024\/09\/IMG_20240608_161709-1-1536x990.jpg 1536w, https:\/\/sonam.bzh\/WP\/wp-content\/uploads\/2024\/09\/IMG_20240608_161709-1-2048x1320.jpg 2048w\" sizes=\"auto, (max-width: 300px) 100vw, 300px\" \/><br \/>\n<img loading=\"lazy\" decoding=\"async\" class=\" wp-image-1707 alignright\" src=\"https:\/\/sonam.bzh\/WP\/wp-content\/uploads\/2024\/09\/IMG_20240413_135954-3-300x178.jpg\" alt=\"\" width=\"342\" height=\"203\" srcset=\"https:\/\/sonam.bzh\/WP\/wp-content\/uploads\/2024\/09\/IMG_20240413_135954-3-300x178.jpg 300w, https:\/\/sonam.bzh\/WP\/wp-content\/uploads\/2024\/09\/IMG_20240413_135954-3-1024x609.jpg 1024w, https:\/\/sonam.bzh\/WP\/wp-content\/uploads\/2024\/09\/IMG_20240413_135954-3-768x457.jpg 768w, https:\/\/sonam.bzh\/WP\/wp-content\/uploads\/2024\/09\/IMG_20240413_135954-3-1536x913.jpg 1536w, https:\/\/sonam.bzh\/WP\/wp-content\/uploads\/2024\/09\/IMG_20240413_135954-3-2048x1218.jpg 2048w\" sizes=\"auto, (max-width: 342px) 100vw, 342px\" \/><\/p>\n<h3>\u00a0<\/h3>\n<p><\/p>","protected":false},"excerpt":{"rendered":"<p>non disponible For the sake of viewer convenience, the content is shown below in the alternative language. You may click the link to switch the active language. Les ateliers collectifs multi-instrumentaux &laquo;&nbsp;Pratiquer son instrument et\/ou chanter dans un atelier collectif, c&rsquo;est LE chemin pour devenir un musicien complet et autonome. Les ateliers permettent de mettre [&hellip;]<\/p>\n","protected":false},"author":6,"featured_media":0,"parent":124,"menu_order":3,"comment_status":"closed","ping_status":"closed","template":"","meta":{"_bbp_topic_count":0,"_bbp_reply_count":0,"_bbp_total_topic_count":0,"_bbp_total_reply_count":0,"_bbp_voice_count":0,"_bbp_anonymous_reply_count":0,"_bbp_topic_count_hidden":0,"_bbp_reply_count_hidden":0,"_bbp_forum_subforum_count":0,"ngg_post_thumbnail":0,"footnotes":""},"class_list":["post-1688","page","type-page","status-publish","czr-hentry"],"yoast_head":"<!-- This site is optimized with the Yoast SEO plugin v27.6 - https:\/\/yoast.com\/product\/yoast-seo-wordpress\/ -->\n<title>Ateliers multi-instrumentaux - Sonam&#039; - Skol Sonerezh<\/title>\n<meta name=\"robots\" content=\"index, follow, max-snippet:-1, max-image-preview:large, max-video-preview:-1\" \/>\n<link rel=\"canonical\" href=\"https:\/\/sonam.bzh\/ateliers-collectifs\/ateliers-multi-instrumentaux\/\" class=\"yoast-seo-meta-tag\" \/>\n<meta property=\"og:locale\" content=\"en_US\" class=\"yoast-seo-meta-tag\" \/>\n<meta property=\"og:type\" content=\"article\" class=\"yoast-seo-meta-tag\" \/>\n<meta property=\"og:title\" content=\"Ateliers multi-instrumentaux - Sonam&#039; - Skol Sonerezh\" class=\"yoast-seo-meta-tag\" \/>\n<meta property=\"og:description\" content=\"non disponible For the sake of viewer convenience, the content is shown below in the alternative language. You may click the link to switch the active language. Les ateliers collectifs multi-instrumentaux &laquo;&nbsp;Pratiquer son instrument et\/ou chanter dans un atelier collectif, c&rsquo;est LE chemin pour devenir un musicien complet et autonome. Les ateliers permettent de mettre [&hellip;]\" class=\"yoast-seo-meta-tag\" \/>\n<meta property=\"og:url\" content=\"https:\/\/sonam.bzh\/ateliers-collectifs\/ateliers-multi-instrumentaux\/\" class=\"yoast-seo-meta-tag\" \/>\n<meta property=\"og:site_name\" content=\"Sonam&#039; - Skol Sonerezh\" class=\"yoast-seo-meta-tag\" \/>\n<meta property=\"article:publisher\" content=\"https:\/\/www.facebook.com\/SonamEcoleDeMusique\/\" class=\"yoast-seo-meta-tag\" \/>\n<meta property=\"article:modified_time\" content=\"2025-09-05T07:48:48+00:00\" class=\"yoast-seo-meta-tag\" \/>\n<meta property=\"og:image\" content=\"https:\/\/sonam.bzh\/WP\/wp-content\/uploads\/2024\/09\/IMG_20240608_163604-scaled.jpg\" class=\"yoast-seo-meta-tag\" \/>\n\t<meta property=\"og:image:width\" content=\"2560\" class=\"yoast-seo-meta-tag\" \/>\n\t<meta property=\"og:image:height\" content=\"1321\" class=\"yoast-seo-meta-tag\" \/>\n\t<meta property=\"og:image:type\" content=\"image\/jpeg\" class=\"yoast-seo-meta-tag\" \/>\n<meta name=\"twitter:card\" content=\"summary_large_image\" class=\"yoast-seo-meta-tag\" \/>\n<meta name=\"twitter:label1\" content=\"Est. reading time\" class=\"yoast-seo-meta-tag\" \/>\n\t<meta name=\"twitter:data1\" content=\"2 minutes\" class=\"yoast-seo-meta-tag\" \/>\n<script type=\"application\/ld+json\" class=\"yoast-schema-graph\">{\"@context\":\"https:\\\/\\\/schema.org\",\"@graph\":[{\"@type\":\"WebPage\",\"@id\":\"https:\\\/\\\/sonam.bzh\\\/ateliers-collectifs\\\/ateliers-multi-instrumentaux\\\/\",\"url\":\"https:\\\/\\\/sonam.bzh\\\/ateliers-collectifs\\\/ateliers-multi-instrumentaux\\\/\",\"name\":\"Ateliers multi-instrumentaux - Sonam&#039; - Skol Sonerezh\",\"isPartOf\":{\"@id\":\"https:\\\/\\\/sonam.bzh\\\/#website\"},\"primaryImageOfPage\":{\"@id\":\"https:\\\/\\\/sonam.bzh\\\/ateliers-collectifs\\\/ateliers-multi-instrumentaux\\\/#primaryimage\"},\"image\":{\"@id\":\"https:\\\/\\\/sonam.bzh\\\/ateliers-collectifs\\\/ateliers-multi-instrumentaux\\\/#primaryimage\"},\"thumbnailUrl\":\"https:\\\/\\\/sonam.bzh\\\/WP\\\/wp-content\\\/uploads\\\/2024\\\/09\\\/IMG_20240608_163604-300x155.jpg\",\"datePublished\":\"2024-09-15T15:17:15+00:00\",\"dateModified\":\"2025-09-05T07:48:48+00:00\",\"breadcrumb\":{\"@id\":\"https:\\\/\\\/sonam.bzh\\\/ateliers-collectifs\\\/ateliers-multi-instrumentaux\\\/#breadcrumb\"},\"inLanguage\":\"br\",\"potentialAction\":[{\"@type\":\"ReadAction\",\"target\":[\"https:\\\/\\\/sonam.bzh\\\/ateliers-collectifs\\\/ateliers-multi-instrumentaux\\\/\"]}]},{\"@type\":\"ImageObject\",\"inLanguage\":\"br\",\"@id\":\"https:\\\/\\\/sonam.bzh\\\/ateliers-collectifs\\\/ateliers-multi-instrumentaux\\\/#primaryimage\",\"url\":\"https:\\\/\\\/sonam.bzh\\\/WP\\\/wp-content\\\/uploads\\\/2024\\\/09\\\/IMG_20240608_163604-300x155.jpg\",\"contentUrl\":\"https:\\\/\\\/sonam.bzh\\\/WP\\\/wp-content\\\/uploads\\\/2024\\\/09\\\/IMG_20240608_163604-300x155.jpg\"},{\"@type\":\"BreadcrumbList\",\"@id\":\"https:\\\/\\\/sonam.bzh\\\/ateliers-collectifs\\\/ateliers-multi-instrumentaux\\\/#breadcrumb\",\"itemListElement\":[{\"@type\":\"ListItem\",\"position\":1,\"name\":\"Accueil\",\"item\":\"https:\\\/\\\/sonam.bzh\\\/\"},{\"@type\":\"ListItem\",\"position\":2,\"name\":\"Ateliers collectifs\",\"item\":\"https:\\\/\\\/sonam.bzh\\\/ateliers-collectifs\\\/\"},{\"@type\":\"ListItem\",\"position\":3,\"name\":\"Ateliers multi-instrumentaux\"}]},{\"@type\":\"WebSite\",\"@id\":\"https:\\\/\\\/sonam.bzh\\\/#website\",\"url\":\"https:\\\/\\\/sonam.bzh\\\/\",\"name\":\"Sonam - Ecole de Musique\",\"description\":\"Sonam&#039; - Skol Sonerezh\",\"potentialAction\":[{\"@type\":\"SearchAction\",\"target\":{\"@type\":\"EntryPoint\",\"urlTemplate\":\"https:\\\/\\\/sonam.bzh\\\/?s={search_term_string}\"},\"query-input\":{\"@type\":\"PropertyValueSpecification\",\"valueRequired\":true,\"valueName\":\"search_term_string\"}}],\"inLanguage\":\"br\"}]}<\/script>\n<!-- \/ Yoast SEO plugin. -->","yoast_head_json":{"title":"Ateliers multi-instrumentaux - Sonam&#039; - Skol Sonerezh","robots":{"index":"index","follow":"follow","max-snippet":"max-snippet:-1","max-image-preview":"max-image-preview:large","max-video-preview":"max-video-preview:-1"},"canonical":"https:\/\/sonam.bzh\/ateliers-collectifs\/ateliers-multi-instrumentaux\/","og_locale":"en_US","og_type":"article","og_title":"Ateliers multi-instrumentaux - Sonam&#039; - Skol Sonerezh","og_description":"non disponible For the sake of viewer convenience, the content is shown below in the alternative language. You may click the link to switch the active language. Les ateliers collectifs multi-instrumentaux &laquo;&nbsp;Pratiquer son instrument et\/ou chanter dans un atelier collectif, c&rsquo;est LE chemin pour devenir un musicien complet et autonome. Les ateliers permettent de mettre [&hellip;]","og_url":"https:\/\/sonam.bzh\/ateliers-collectifs\/ateliers-multi-instrumentaux\/","og_site_name":"Sonam&#039; - Skol Sonerezh","article_publisher":"https:\/\/www.facebook.com\/SonamEcoleDeMusique\/","article_modified_time":"2025-09-05T07:48:48+00:00","og_image":[{"width":2560,"height":1321,"url":"https:\/\/sonam.bzh\/WP\/wp-content\/uploads\/2024\/09\/IMG_20240608_163604-scaled.jpg","type":"image\/jpeg"}],"twitter_card":"summary_large_image","twitter_misc":{"Est. reading time":"2 minutes"},"schema":{"@context":"https:\/\/schema.org","@graph":[{"@type":"WebPage","@id":"https:\/\/sonam.bzh\/ateliers-collectifs\/ateliers-multi-instrumentaux\/","url":"https:\/\/sonam.bzh\/ateliers-collectifs\/ateliers-multi-instrumentaux\/","name":"Ateliers multi-instrumentaux - Sonam&#039; - Skol Sonerezh","isPartOf":{"@id":"https:\/\/sonam.bzh\/#website"},"primaryImageOfPage":{"@id":"https:\/\/sonam.bzh\/ateliers-collectifs\/ateliers-multi-instrumentaux\/#primaryimage"},"image":{"@id":"https:\/\/sonam.bzh\/ateliers-collectifs\/ateliers-multi-instrumentaux\/#primaryimage"},"thumbnailUrl":"https:\/\/sonam.bzh\/WP\/wp-content\/uploads\/2024\/09\/IMG_20240608_163604-300x155.jpg","datePublished":"2024-09-15T15:17:15+00:00","dateModified":"2025-09-05T07:48:48+00:00","breadcrumb":{"@id":"https:\/\/sonam.bzh\/ateliers-collectifs\/ateliers-multi-instrumentaux\/#breadcrumb"},"inLanguage":"br","potentialAction":[{"@type":"ReadAction","target":["https:\/\/sonam.bzh\/ateliers-collectifs\/ateliers-multi-instrumentaux\/"]}]},{"@type":"ImageObject","inLanguage":"br","@id":"https:\/\/sonam.bzh\/ateliers-collectifs\/ateliers-multi-instrumentaux\/#primaryimage","url":"https:\/\/sonam.bzh\/WP\/wp-content\/uploads\/2024\/09\/IMG_20240608_163604-300x155.jpg","contentUrl":"https:\/\/sonam.bzh\/WP\/wp-content\/uploads\/2024\/09\/IMG_20240608_163604-300x155.jpg"},{"@type":"BreadcrumbList","@id":"https:\/\/sonam.bzh\/ateliers-collectifs\/ateliers-multi-instrumentaux\/#breadcrumb","itemListElement":[{"@type":"ListItem","position":1,"name":"Accueil","item":"https:\/\/sonam.bzh\/"},{"@type":"ListItem","position":2,"name":"Ateliers collectifs","item":"https:\/\/sonam.bzh\/ateliers-collectifs\/"},{"@type":"ListItem","position":3,"name":"Ateliers multi-instrumentaux"}]},{"@type":"WebSite","@id":"https:\/\/sonam.bzh\/#website","url":"https:\/\/sonam.bzh\/","name":"Sonam - Ecole de Musique","description":"Sonam&#039; - Skol Sonerezh","potentialAction":[{"@type":"SearchAction","target":{"@type":"EntryPoint","urlTemplate":"https:\/\/sonam.bzh\/?s={search_term_string}"},"query-input":{"@type":"PropertyValueSpecification","valueRequired":true,"valueName":"search_term_string"}}],"inLanguage":"br"}]}},"jetpack_sharing_enabled":true,"_links":{"self":[{"href":"https:\/\/sonam.bzh\/br\/wp-json\/wp\/v2\/pages\/1688","targetHints":{"allow":["GET"]}}],"collection":[{"href":"https:\/\/sonam.bzh\/br\/wp-json\/wp\/v2\/pages"}],"about":[{"href":"https:\/\/sonam.bzh\/br\/wp-json\/wp\/v2\/types\/page"}],"author":[{"embeddable":true,"href":"https:\/\/sonam.bzh\/br\/wp-json\/wp\/v2\/users\/6"}],"replies":[{"embeddable":true,"href":"https:\/\/sonam.bzh\/br\/wp-json\/wp\/v2\/comments?post=1688"}],"version-history":[{"count":0,"href":"https:\/\/sonam.bzh\/br\/wp-json\/wp\/v2\/pages\/1688\/revisions"}],"up":[{"embeddable":true,"href":"https:\/\/sonam.bzh\/br\/wp-json\/wp\/v2\/pages\/124"}],"wp:attachment":[{"href":"https:\/\/sonam.bzh\/br\/wp-json\/wp\/v2\/media?parent=1688"}],"curies":[{"name":"wp","href":"https:\/\/api.w.org\/{rel}","templated":true}]}}