{"id":1503,"date":"2023-08-20T17:37:34","date_gmt":"2023-08-20T15:37:34","guid":{"rendered":"https:\/\/sonam.bzh\/?page_id=1503"},"modified":"2023-08-30T19:25:57","modified_gmt":"2023-08-30T17:25:57","slug":"elodie-jaffre","status":"publish","type":"page","link":"https:\/\/sonam.bzh\/br\/ecole-de-musique\/professeurs\/elodie-jaffre\/","title":{"rendered":"Elodie Jaffr\u00e9"},"content":{"rendered":"<p><\/p>\n<p>ELODIE JAFFRE<\/p>\n<p><img loading=\"lazy\" decoding=\"async\" class=\"alignnone size-medium wp-image-1522\" src=\"https:\/\/sonam.bzh\/WP\/wp-content\/uploads\/2023\/08\/PhotoElodie-FIL-2021-Myriam-200x300.jpg\" alt=\"\" width=\"200\" height=\"300\" srcset=\"https:\/\/sonam.bzh\/WP\/wp-content\/uploads\/2023\/08\/PhotoElodie-FIL-2021-Myriam-200x300.jpg 200w, https:\/\/sonam.bzh\/WP\/wp-content\/uploads\/2023\/08\/PhotoElodie-FIL-2021-Myriam-684x1024.jpg 684w, https:\/\/sonam.bzh\/WP\/wp-content\/uploads\/2023\/08\/PhotoElodie-FIL-2021-Myriam-768x1150.jpg 768w, https:\/\/sonam.bzh\/WP\/wp-content\/uploads\/2023\/08\/PhotoElodie-FIL-2021-Myriam-1026x1536.jpg 1026w, https:\/\/sonam.bzh\/WP\/wp-content\/uploads\/2023\/08\/PhotoElodie-FIL-2021-Myriam.jpg 1352w\" sizes=\"auto, (max-width: 200px) 100vw, 200px\" \/><\/p>\n<p>Kanii\u00f1 a ra Elodie Jaffr\u00e9 e Kreiz Breizh Akademi 7, get an delennourez Awena Lucas, get ar sonour gourrebed Yann Le Bozec ha get kanourion ha kanourezed e kan ha diskan.<\/p>\n<p><strong>Stal kan e brezhoneg evit ar vugale<\/strong> (6-12 vlez) get Elodie Jaffr\u00e9. 2 euriad d\u2019ar merc\u2019her 27\/09, 18\/10, 15\/11, 13\/12 (deiziadur da resisaat evit 2024) e Rianteg pe Kervignag (Kernours).<\/p>\n<p><img loading=\"lazy\" decoding=\"async\" class=\"alignnone size-medium wp-image-1521\" src=\"https:\/\/sonam.bzh\/WP\/wp-content\/uploads\/2023\/08\/photo-ti-ar-vro-300x200.jpg\" alt=\"\" width=\"300\" height=\"200\" srcset=\"https:\/\/sonam.bzh\/WP\/wp-content\/uploads\/2023\/08\/photo-ti-ar-vro-300x200.jpg 300w, https:\/\/sonam.bzh\/WP\/wp-content\/uploads\/2023\/08\/photo-ti-ar-vro-1024x683.jpg 1024w, https:\/\/sonam.bzh\/WP\/wp-content\/uploads\/2023\/08\/photo-ti-ar-vro-768x512.jpg 768w, https:\/\/sonam.bzh\/WP\/wp-content\/uploads\/2023\/08\/photo-ti-ar-vro-1536x1024.jpg 1536w, https:\/\/sonam.bzh\/WP\/wp-content\/uploads\/2023\/08\/photo-ti-ar-vro.jpg 1944w\" sizes=\"auto, (max-width: 300px) 100vw, 300px\" \/><\/p>\n<p>Palio\u00f9 ar stalio\u00f9: <br \/>\n-Dizoloi\u00f1 e vouezh ha santout e gorf gant c&rsquo;hoario\u00f9 ha poelladenno\u00f9 <br \/>\n-Kanii\u00f1 sonenno\u00f9 e brezhoneg <br \/>\n-Kanii\u00f1 e-unan, dre gouplad pe a-stroll <br \/>\n-Selaou dastumadego\u00f9 ar re gozh evit dizoloi\u00f1 hor glad ha pinvidikaat e bleustr <br \/>\n-Labourat \u00e0r an doare da lavar ha sonerezh ar yezh Breizh <br \/>\n-Kompren ha santout lusk an da\u00f1s evit kanii\u00f1 <\/p>\n<p><img loading=\"lazy\" decoding=\"async\" class=\"alignnone size-medium wp-image-1523\" src=\"https:\/\/sonam.bzh\/WP\/wp-content\/uploads\/2023\/08\/foto-ti-ar-vro-300x200.jpg\" alt=\"\" width=\"300\" height=\"200\" srcset=\"https:\/\/sonam.bzh\/WP\/wp-content\/uploads\/2023\/08\/foto-ti-ar-vro-300x200.jpg 300w, https:\/\/sonam.bzh\/WP\/wp-content\/uploads\/2023\/08\/foto-ti-ar-vro-768x512.jpg 768w, https:\/\/sonam.bzh\/WP\/wp-content\/uploads\/2023\/08\/foto-ti-ar-vro.jpg 810w\" sizes=\"auto, (max-width: 300px) 100vw, 300px\" \/><\/p>\n<p>&nbsp;<\/p>\n<p><\/p>","protected":false},"excerpt":{"rendered":"<p>ELODIE JAFFRE Kanii\u00f1 a ra Elodie Jaffr\u00e9 e Kreiz Breizh Akademi 7, get an delennourez Awena Lucas, get ar sonour gourrebed Yann Le Bozec ha get kanourion ha kanourezed e kan ha diskan. Stal kan e brezhoneg evit ar vugale (6-12 vlez) get Elodie Jaffr\u00e9. 2 euriad d\u2019ar merc\u2019her 27\/09, 18\/10, 15\/11, 13\/12 (deiziadur da [&hellip;]<\/p>\n","protected":false},"author":6,"featured_media":1522,"parent":42,"menu_order":10,"comment_status":"closed","ping_status":"closed","template":"","meta":{"_bbp_topic_count":0,"_bbp_reply_count":0,"_bbp_total_topic_count":0,"_bbp_total_reply_count":0,"_bbp_voice_count":0,"_bbp_anonymous_reply_count":0,"_bbp_topic_count_hidden":0,"_bbp_reply_count_hidden":0,"_bbp_forum_subforum_count":0,"ngg_post_thumbnail":0,"footnotes":""},"class_list":["post-1503","page","type-page","status-publish","has-post-thumbnail","czr-hentry"],"yoast_head":"<!-- This site is optimized with the Yoast SEO plugin v27.4 - https:\/\/yoast.com\/product\/yoast-seo-wordpress\/ -->\n<title>Elodie Jaffr\u00e9 - Sonam&#039; - Skol Sonerezh<\/title>\n<meta name=\"robots\" content=\"index, follow, max-snippet:-1, max-image-preview:large, max-video-preview:-1\" \/>\n<link rel=\"canonical\" href=\"https:\/\/sonam.bzh\/ecole-de-musique\/professeurs\/elodie-jaffre\/\" class=\"yoast-seo-meta-tag\" \/>\n<meta property=\"og:locale\" content=\"en_US\" class=\"yoast-seo-meta-tag\" \/>\n<meta property=\"og:type\" content=\"article\" class=\"yoast-seo-meta-tag\" \/>\n<meta property=\"og:title\" content=\"Elodie Jaffr\u00e9 - Sonam&#039; - Skol Sonerezh\" class=\"yoast-seo-meta-tag\" \/>\n<meta property=\"og:description\" content=\"ELODIE JAFFRE Kanii\u00f1 a ra Elodie Jaffr\u00e9 e Kreiz Breizh Akademi 7, get an delennourez Awena Lucas, get ar sonour gourrebed Yann Le Bozec ha get kanourion ha kanourezed e kan ha diskan. Stal kan e brezhoneg evit ar vugale (6-12 vlez) get Elodie Jaffr\u00e9. 2 euriad d\u2019ar merc\u2019her 27\/09, 18\/10, 15\/11, 13\/12 (deiziadur da [&hellip;]\" class=\"yoast-seo-meta-tag\" \/>\n<meta property=\"og:url\" content=\"https:\/\/sonam.bzh\/ecole-de-musique\/professeurs\/elodie-jaffre\/\" class=\"yoast-seo-meta-tag\" \/>\n<meta property=\"og:site_name\" content=\"Sonam&#039; - Skol Sonerezh\" class=\"yoast-seo-meta-tag\" \/>\n<meta property=\"article:publisher\" content=\"https:\/\/www.facebook.com\/SonamEcoleDeMusique\/\" class=\"yoast-seo-meta-tag\" \/>\n<meta property=\"article:modified_time\" content=\"2023-08-30T17:25:57+00:00\" class=\"yoast-seo-meta-tag\" \/>\n<meta property=\"og:image\" content=\"https:\/\/sonam.bzh\/WP\/wp-content\/uploads\/2023\/08\/PhotoElodie-FIL-2021-Myriam.jpg\" class=\"yoast-seo-meta-tag\" \/>\n\t<meta property=\"og:image:width\" content=\"1352\" class=\"yoast-seo-meta-tag\" \/>\n\t<meta property=\"og:image:height\" content=\"2025\" class=\"yoast-seo-meta-tag\" \/>\n\t<meta property=\"og:image:type\" content=\"image\/jpeg\" class=\"yoast-seo-meta-tag\" \/>\n<meta name=\"twitter:card\" content=\"summary_large_image\" class=\"yoast-seo-meta-tag\" \/>\n<meta name=\"twitter:label1\" content=\"Est. reading time\" class=\"yoast-seo-meta-tag\" \/>\n\t<meta name=\"twitter:data1\" content=\"2 minutes\" class=\"yoast-seo-meta-tag\" \/>\n<script type=\"application\/ld+json\" class=\"yoast-schema-graph\">{\"@context\":\"https:\\\/\\\/schema.org\",\"@graph\":[{\"@type\":\"WebPage\",\"@id\":\"https:\\\/\\\/sonam.bzh\\\/ecole-de-musique\\\/professeurs\\\/elodie-jaffre\\\/\",\"url\":\"https:\\\/\\\/sonam.bzh\\\/ecole-de-musique\\\/professeurs\\\/elodie-jaffre\\\/\",\"name\":\"Elodie Jaffr\u00e9 - Sonam&#039; - Skol Sonerezh\",\"isPartOf\":{\"@id\":\"https:\\\/\\\/sonam.bzh\\\/#website\"},\"primaryImageOfPage\":{\"@id\":\"https:\\\/\\\/sonam.bzh\\\/ecole-de-musique\\\/professeurs\\\/elodie-jaffre\\\/#primaryimage\"},\"image\":{\"@id\":\"https:\\\/\\\/sonam.bzh\\\/ecole-de-musique\\\/professeurs\\\/elodie-jaffre\\\/#primaryimage\"},\"thumbnailUrl\":\"https:\\\/\\\/sonam.bzh\\\/WP\\\/wp-content\\\/uploads\\\/2023\\\/08\\\/PhotoElodie-FIL-2021-Myriam.jpg\",\"datePublished\":\"2023-08-20T15:37:34+00:00\",\"dateModified\":\"2023-08-30T17:25:57+00:00\",\"breadcrumb\":{\"@id\":\"https:\\\/\\\/sonam.bzh\\\/ecole-de-musique\\\/professeurs\\\/elodie-jaffre\\\/#breadcrumb\"},\"inLanguage\":\"br\",\"potentialAction\":[{\"@type\":\"ReadAction\",\"target\":[\"https:\\\/\\\/sonam.bzh\\\/ecole-de-musique\\\/professeurs\\\/elodie-jaffre\\\/\"]}]},{\"@type\":\"ImageObject\",\"inLanguage\":\"br\",\"@id\":\"https:\\\/\\\/sonam.bzh\\\/ecole-de-musique\\\/professeurs\\\/elodie-jaffre\\\/#primaryimage\",\"url\":\"https:\\\/\\\/sonam.bzh\\\/WP\\\/wp-content\\\/uploads\\\/2023\\\/08\\\/PhotoElodie-FIL-2021-Myriam.jpg\",\"contentUrl\":\"https:\\\/\\\/sonam.bzh\\\/WP\\\/wp-content\\\/uploads\\\/2023\\\/08\\\/PhotoElodie-FIL-2021-Myriam.jpg\",\"width\":1352,\"height\":2025},{\"@type\":\"BreadcrumbList\",\"@id\":\"https:\\\/\\\/sonam.bzh\\\/ecole-de-musique\\\/professeurs\\\/elodie-jaffre\\\/#breadcrumb\",\"itemListElement\":[{\"@type\":\"ListItem\",\"position\":1,\"name\":\"Accueil\",\"item\":\"https:\\\/\\\/sonam.bzh\\\/\"},{\"@type\":\"ListItem\",\"position\":2,\"name\":\"L&rsquo;\u00e9cole de musique Sonam&rsquo;\",\"item\":\"https:\\\/\\\/sonam.bzh\\\/ecole-de-musique\\\/\"},{\"@type\":\"ListItem\",\"position\":3,\"name\":\"Les professeurs\",\"item\":\"https:\\\/\\\/sonam.bzh\\\/ecole-de-musique\\\/professeurs\\\/\"},{\"@type\":\"ListItem\",\"position\":4,\"name\":\"Elodie Jaffr\u00e9\"}]},{\"@type\":\"WebSite\",\"@id\":\"https:\\\/\\\/sonam.bzh\\\/#website\",\"url\":\"https:\\\/\\\/sonam.bzh\\\/\",\"name\":\"Sonam - Ecole de Musique\",\"description\":\"Sonam&#039; - Skol Sonerezh\",\"potentialAction\":[{\"@type\":\"SearchAction\",\"target\":{\"@type\":\"EntryPoint\",\"urlTemplate\":\"https:\\\/\\\/sonam.bzh\\\/?s={search_term_string}\"},\"query-input\":{\"@type\":\"PropertyValueSpecification\",\"valueRequired\":true,\"valueName\":\"search_term_string\"}}],\"inLanguage\":\"br\"}]}<\/script>\n<!-- \/ Yoast SEO plugin. -->","yoast_head_json":{"title":"Elodie Jaffr\u00e9 - Sonam&#039; - Skol Sonerezh","robots":{"index":"index","follow":"follow","max-snippet":"max-snippet:-1","max-image-preview":"max-image-preview:large","max-video-preview":"max-video-preview:-1"},"canonical":"https:\/\/sonam.bzh\/ecole-de-musique\/professeurs\/elodie-jaffre\/","og_locale":"en_US","og_type":"article","og_title":"Elodie Jaffr\u00e9 - Sonam&#039; - Skol Sonerezh","og_description":"ELODIE JAFFRE Kanii\u00f1 a ra Elodie Jaffr\u00e9 e Kreiz Breizh Akademi 7, get an delennourez Awena Lucas, get ar sonour gourrebed Yann Le Bozec ha get kanourion ha kanourezed e kan ha diskan. Stal kan e brezhoneg evit ar vugale (6-12 vlez) get Elodie Jaffr\u00e9. 2 euriad d\u2019ar merc\u2019her 27\/09, 18\/10, 15\/11, 13\/12 (deiziadur da [&hellip;]","og_url":"https:\/\/sonam.bzh\/ecole-de-musique\/professeurs\/elodie-jaffre\/","og_site_name":"Sonam&#039; - Skol Sonerezh","article_publisher":"https:\/\/www.facebook.com\/SonamEcoleDeMusique\/","article_modified_time":"2023-08-30T17:25:57+00:00","og_image":[{"width":1352,"height":2025,"url":"https:\/\/sonam.bzh\/WP\/wp-content\/uploads\/2023\/08\/PhotoElodie-FIL-2021-Myriam.jpg","type":"image\/jpeg"}],"twitter_card":"summary_large_image","twitter_misc":{"Est. reading time":"2 minutes"},"schema":{"@context":"https:\/\/schema.org","@graph":[{"@type":"WebPage","@id":"https:\/\/sonam.bzh\/ecole-de-musique\/professeurs\/elodie-jaffre\/","url":"https:\/\/sonam.bzh\/ecole-de-musique\/professeurs\/elodie-jaffre\/","name":"Elodie Jaffr\u00e9 - Sonam&#039; - Skol Sonerezh","isPartOf":{"@id":"https:\/\/sonam.bzh\/#website"},"primaryImageOfPage":{"@id":"https:\/\/sonam.bzh\/ecole-de-musique\/professeurs\/elodie-jaffre\/#primaryimage"},"image":{"@id":"https:\/\/sonam.bzh\/ecole-de-musique\/professeurs\/elodie-jaffre\/#primaryimage"},"thumbnailUrl":"https:\/\/sonam.bzh\/WP\/wp-content\/uploads\/2023\/08\/PhotoElodie-FIL-2021-Myriam.jpg","datePublished":"2023-08-20T15:37:34+00:00","dateModified":"2023-08-30T17:25:57+00:00","breadcrumb":{"@id":"https:\/\/sonam.bzh\/ecole-de-musique\/professeurs\/elodie-jaffre\/#breadcrumb"},"inLanguage":"br","potentialAction":[{"@type":"ReadAction","target":["https:\/\/sonam.bzh\/ecole-de-musique\/professeurs\/elodie-jaffre\/"]}]},{"@type":"ImageObject","inLanguage":"br","@id":"https:\/\/sonam.bzh\/ecole-de-musique\/professeurs\/elodie-jaffre\/#primaryimage","url":"https:\/\/sonam.bzh\/WP\/wp-content\/uploads\/2023\/08\/PhotoElodie-FIL-2021-Myriam.jpg","contentUrl":"https:\/\/sonam.bzh\/WP\/wp-content\/uploads\/2023\/08\/PhotoElodie-FIL-2021-Myriam.jpg","width":1352,"height":2025},{"@type":"BreadcrumbList","@id":"https:\/\/sonam.bzh\/ecole-de-musique\/professeurs\/elodie-jaffre\/#breadcrumb","itemListElement":[{"@type":"ListItem","position":1,"name":"Accueil","item":"https:\/\/sonam.bzh\/"},{"@type":"ListItem","position":2,"name":"L&rsquo;\u00e9cole de musique Sonam&rsquo;","item":"https:\/\/sonam.bzh\/ecole-de-musique\/"},{"@type":"ListItem","position":3,"name":"Les professeurs","item":"https:\/\/sonam.bzh\/ecole-de-musique\/professeurs\/"},{"@type":"ListItem","position":4,"name":"Elodie Jaffr\u00e9"}]},{"@type":"WebSite","@id":"https:\/\/sonam.bzh\/#website","url":"https:\/\/sonam.bzh\/","name":"Sonam - Ecole de Musique","description":"Sonam&#039; - Skol Sonerezh","potentialAction":[{"@type":"SearchAction","target":{"@type":"EntryPoint","urlTemplate":"https:\/\/sonam.bzh\/?s={search_term_string}"},"query-input":{"@type":"PropertyValueSpecification","valueRequired":true,"valueName":"search_term_string"}}],"inLanguage":"br"}]}},"jetpack_sharing_enabled":true,"_links":{"self":[{"href":"https:\/\/sonam.bzh\/br\/wp-json\/wp\/v2\/pages\/1503","targetHints":{"allow":["GET"]}}],"collection":[{"href":"https:\/\/sonam.bzh\/br\/wp-json\/wp\/v2\/pages"}],"about":[{"href":"https:\/\/sonam.bzh\/br\/wp-json\/wp\/v2\/types\/page"}],"author":[{"embeddable":true,"href":"https:\/\/sonam.bzh\/br\/wp-json\/wp\/v2\/users\/6"}],"replies":[{"embeddable":true,"href":"https:\/\/sonam.bzh\/br\/wp-json\/wp\/v2\/comments?post=1503"}],"version-history":[{"count":0,"href":"https:\/\/sonam.bzh\/br\/wp-json\/wp\/v2\/pages\/1503\/revisions"}],"up":[{"embeddable":true,"href":"https:\/\/sonam.bzh\/br\/wp-json\/wp\/v2\/pages\/42"}],"wp:featuredmedia":[{"embeddable":true,"href":"https:\/\/sonam.bzh\/br\/wp-json\/wp\/v2\/media\/1522"}],"wp:attachment":[{"href":"https:\/\/sonam.bzh\/br\/wp-json\/wp\/v2\/media?parent=1503"}],"curies":[{"name":"wp","href":"https:\/\/api.w.org\/{rel}","templated":true}]}}