{"id":1497,"date":"2023-08-18T21:53:33","date_gmt":"2023-08-18T19:53:33","guid":{"rendered":"https:\/\/sonam.bzh\/?page_id=1497"},"modified":"2025-08-18T20:22:12","modified_gmt":"2025-08-18T18:22:12","slug":"charles-quimbert","status":"publish","type":"page","link":"https:\/\/sonam.bzh\/br\/ecole-de-musique\/professeurs\/charles-quimbert\/","title":{"rendered":"Ch"},"content":{"rendered":"<p class=\"qtranxs-available-languages-message qtranxs-available-languages-message-br\">non disponible For the sake of viewer convenience, the content is shown below in the alternative language. You may click the link to switch the active language.<\/p><p><\/p>\n<header class=\"tc-header clearfix row-fluid tc-tagline-on tc-title-logo-on tc-sticky-logo-on tc-shrink-off tc-menu-on logo-left tc-second-menu-in-sn-before-when-mobile\">\n<div class=\"navbar-wrapper clearfix span9 tc-submenu-move tc-open-on-hover pull-menu-right tc-submenu-fade\">\n<div class=\"navbar resp\">\n<div class=\"navbar-inner\" role=\"navigation\">\n<div class=\"row-fluid\">\n<div class=\"nav-collapse collapse tc-hover-menu-wrapper\">\n<div class=\"menu-cours-et-ateliers-container\">\n<p>&nbsp;<\/p>\n<\/div>\n<\/div>\n<\/div>\n<\/div>\n<\/div>\n<\/div>\n<\/header>\n<div id=\"main-wrapper\" class=\"container\">\n<div class=\"container\" role=\"main\">\n<div class=\"row column-content-wrapper\">\n<div id=\"content\" class=\"span9 article-container tc-gallery-style\">\n<article id=\"post-1251\" class=\"row-fluid post-1251 post type-post status-publish format-standard has-post-thumbnail category-stages czr-hentry hover\">\n<section class=\"entry-content \">\n<div id=\"attachment_887\" class=\"wp-caption alignright\"><img loading=\"lazy\" decoding=\"async\" class=\"alignnone size-medium wp-image-1646\" src=\"https:\/\/sonam.bzh\/WP\/wp-content\/uploads\/2024\/07\/Photo-Charles-Quimbert_ok-300x200.jpg\" alt=\"\" width=\"300\" height=\"200\" srcset=\"https:\/\/sonam.bzh\/WP\/wp-content\/uploads\/2024\/07\/Photo-Charles-Quimbert_ok-300x200.jpg 300w, https:\/\/sonam.bzh\/WP\/wp-content\/uploads\/2024\/07\/Photo-Charles-Quimbert_ok-1024x683.jpg 1024w, https:\/\/sonam.bzh\/WP\/wp-content\/uploads\/2024\/07\/Photo-Charles-Quimbert_ok-768x512.jpg 768w, https:\/\/sonam.bzh\/WP\/wp-content\/uploads\/2024\/07\/Photo-Charles-Quimbert_ok-1536x1024.jpg 1536w, https:\/\/sonam.bzh\/WP\/wp-content\/uploads\/2024\/07\/Photo-Charles-Quimbert_ok-2048x1365.jpg 2048w\" sizes=\"auto, (max-width: 300px) 100vw, 300px\" \/><\/p>\n<p id=\"caption-attachment-887\" class=\"wp-caption-text\"><em>Chanteur et p\u00e9dagogue d\u2019exp\u00e9rience!<\/em><\/p>\n<\/div>\n<p class=\"western\">\u2018\u2019<b>Voix en chantier\u2019\u2019<\/b><\/p>\n<p class=\"western\"><i>Cycle de six ateliers avec Charles Quimbert.<\/i><\/p>\n<p class=\"western\"><u>Parcours d\u00e9couverte et d\u00e9veloppement de la voix, du geste vocal.<\/u><\/p>\n<p class=\"western\">La voix, quelle que soit l\u2019esth\u00e9tique dans laquelle on l\u2019utilise, s\u2019exerce pour trouver aisance, plaisir et ma\u00eetrise du geste. Nous vous proposons un parcours construit autour de six ateliers o\u00f9 posture, respiration, vocalisation, articulation, r\u00e9sonance, registration, justesse seront abord\u00e9es et illustr\u00e9es \u00e0 partir d\u2019exercices physiques qui permettent de nous mettre en voie de r\u00e9aliser le geste le plus juste possible. Nous partirons du r\u00e9pertoire de chacun, au besoin nous nous appuierons sur des chansons issues du r\u00e9pertoire traditionnel francophone.<\/p>\n<p class=\"western\">Charles Quimbert, chanteur sp\u00e9cialiste du r\u00e9pertoire du pays gallo a mis en place et anim\u00e9 depuis quelques trente ans, de nombreux ateliers de transmission et de technique vocale en Bretagne, en France et au Qu\u00e9bec . Il est l\u2019un des fondateurs de l\u2019\u00e9cole du musique du Sel-de-Bretagne et de la f\u00eate du chant de Bovel.<\/p>\n<p class=\"western\"><strong>Une journ\u00e9e par mois de octobre \u00e0 mars de 9h30 \u00e0 17h.<\/strong><\/p>\n<p class=\"western\">Tarif : 45,30 \u20ac\/mois\/6 mois + 30 euros d\u2019adh\u00e9sion \u00e0 l\u2019\u00e9cole de musique associative Sonam\u2019. Ch\u00e8ques vacances, bons CAF&nbsp; possibles.<\/p>\n<\/section>\n<\/article>\n<\/div>\n<\/div>\n<\/div>\n<\/div>\n<p>Contact par mail : \n<div class=\"wpcf7 no-js\" id=\"wpcf7-f1518-o1\" lang=\"fr-FR\" dir=\"ltr\" data-wpcf7-id=\"1518\">\n<div class=\"screen-reader-response\"><p role=\"status\" aria-live=\"polite\" aria-atomic=\"true\"><\/p> <ul><\/ul><\/div>\n<form action=\"\/br\/wp-json\/wp\/v2\/pages\/1497#wpcf7-f1518-o1\" method=\"post\" class=\"wpcf7-form init\" aria-label=\"Formulaire de contact\" novalidate=\"novalidate\" data-status=\"init\">\n<fieldset class=\"hidden-fields-container\"><input type=\"hidden\" name=\"_wpcf7\" value=\"1518\" \/><input type=\"hidden\" name=\"_wpcf7_version\" value=\"6.1.6\" \/><input type=\"hidden\" name=\"_wpcf7_locale\" value=\"fr_FR\" \/><input type=\"hidden\" name=\"_wpcf7_unit_tag\" value=\"wpcf7-f1518-o1\" \/><input type=\"hidden\" name=\"_wpcf7_container_post\" value=\"0\" \/><input type=\"hidden\" name=\"_wpcf7_posted_data_hash\" value=\"\" \/>\n<\/fieldset>\n<p><label> Votre nom*<br \/>\n<span class=\"wpcf7-form-control-wrap\" data-name=\"your-name\"><input size=\"40\" maxlength=\"400\" class=\"wpcf7-form-control wpcf7-text wpcf7-validates-as-required\" autocomplete=\"name\" aria-required=\"true\" aria-invalid=\"false\" value=\"\" type=\"text\" name=\"your-name\" \/><\/span> <\/label>\n<\/p>\n<p><label> Votre e-mail*<br \/>\n<span class=\"wpcf7-form-control-wrap\" data-name=\"your-email\"><input size=\"40\" maxlength=\"400\" class=\"wpcf7-form-control wpcf7-email wpcf7-validates-as-required wpcf7-text wpcf7-validates-as-email\" autocomplete=\"email\" aria-required=\"true\" aria-invalid=\"false\" value=\"\" type=\"email\" name=\"your-email\" \/><\/span> <\/label>\n<\/p>\n<p><label> Votre message (facultatif)<br \/>\n<span class=\"wpcf7-form-control-wrap\" data-name=\"your-message\"><textarea cols=\"40\" rows=\"10\" maxlength=\"2000\" class=\"wpcf7-form-control wpcf7-textarea\" aria-invalid=\"false\" name=\"your-message\"><\/textarea><\/span> <\/label>\n<\/p>\n<p><input class=\"wpcf7-form-control wpcf7-submit has-spinner\" type=\"submit\" value=\"Envoyer\" \/>\n<\/p><p style=\"display: none !important;\" class=\"akismet-fields-container\" data-prefix=\"_wpcf7_ak_\"><label>&#916;<textarea name=\"_wpcf7_ak_hp_textarea\" cols=\"45\" rows=\"8\" maxlength=\"100\"><\/textarea><\/label><input type=\"hidden\" id=\"ak_js_1\" name=\"_wpcf7_ak_js\" value=\"16\"\/><script type=\"text\/javascript\">\n\/* <![CDATA[ *\/\ndocument.getElementById( \"ak_js_1\" ).setAttribute( \"value\", ( new Date() ).getTime() );\n\/* ]]> *\/\n<\/script>\n<\/p><div class=\"wpcf7-response-output\" aria-hidden=\"true\"><\/div>\n<\/form>\n<\/div>\n<\/p>\n<p><\/p>","protected":false},"excerpt":{"rendered":"<p>non disponible For the sake of viewer convenience, the content is shown below in the alternative language. You may click the link to switch the active language. &nbsp; Chanteur et p\u00e9dagogue d\u2019exp\u00e9rience! \u2018\u2019Voix en chantier\u2019\u2019 Cycle de six ateliers avec Charles Quimbert. Parcours d\u00e9couverte et d\u00e9veloppement de la voix, du geste vocal. La voix, quelle [&hellip;]<\/p>\n","protected":false},"author":6,"featured_media":0,"parent":42,"menu_order":0,"comment_status":"closed","ping_status":"closed","template":"","meta":{"_bbp_topic_count":0,"_bbp_reply_count":0,"_bbp_total_topic_count":0,"_bbp_total_reply_count":0,"_bbp_voice_count":0,"_bbp_anonymous_reply_count":0,"_bbp_topic_count_hidden":0,"_bbp_reply_count_hidden":0,"_bbp_forum_subforum_count":0,"ngg_post_thumbnail":0,"footnotes":""},"class_list":["post-1497","page","type-page","status-publish","czr-hentry"],"yoast_head":"<!-- This site is optimized with the Yoast SEO plugin v27.6 - https:\/\/yoast.com\/product\/yoast-seo-wordpress\/ -->\n<title>Ch - Sonam&#039; - Skol Sonerezh<\/title>\n<meta name=\"robots\" content=\"index, follow, max-snippet:-1, max-image-preview:large, max-video-preview:-1\" \/>\n<link rel=\"canonical\" href=\"https:\/\/sonam.bzh\/ecole-de-musique\/professeurs\/charles-quimbert\/\" class=\"yoast-seo-meta-tag\" \/>\n<meta property=\"og:locale\" content=\"en_US\" class=\"yoast-seo-meta-tag\" \/>\n<meta property=\"og:type\" content=\"article\" class=\"yoast-seo-meta-tag\" \/>\n<meta property=\"og:title\" content=\"Ch - Sonam&#039; - Skol Sonerezh\" class=\"yoast-seo-meta-tag\" \/>\n<meta property=\"og:description\" content=\"non disponible For the sake of viewer convenience, the content is shown below in the alternative language. You may click the link to switch the active language. &nbsp; Chanteur et p\u00e9dagogue d\u2019exp\u00e9rience! \u2018\u2019Voix en chantier\u2019\u2019 Cycle de six ateliers avec Charles Quimbert. Parcours d\u00e9couverte et d\u00e9veloppement de la voix, du geste vocal. La voix, quelle [&hellip;]\" class=\"yoast-seo-meta-tag\" \/>\n<meta property=\"og:url\" content=\"https:\/\/sonam.bzh\/ecole-de-musique\/professeurs\/charles-quimbert\/\" class=\"yoast-seo-meta-tag\" \/>\n<meta property=\"og:site_name\" content=\"Sonam&#039; - Skol Sonerezh\" class=\"yoast-seo-meta-tag\" \/>\n<meta property=\"article:publisher\" content=\"https:\/\/www.facebook.com\/SonamEcoleDeMusique\/\" class=\"yoast-seo-meta-tag\" \/>\n<meta property=\"article:modified_time\" content=\"2025-08-18T18:22:12+00:00\" class=\"yoast-seo-meta-tag\" \/>\n<meta property=\"og:image\" content=\"https:\/\/sonam.bzh\/WP\/wp-content\/uploads\/2024\/07\/Photo-Charles-Quimbert_ok-300x200.jpg\" class=\"yoast-seo-meta-tag\" \/>\n<meta name=\"twitter:card\" content=\"summary_large_image\" class=\"yoast-seo-meta-tag\" \/>\n<meta name=\"twitter:label1\" content=\"Est. reading time\" class=\"yoast-seo-meta-tag\" \/>\n\t<meta name=\"twitter:data1\" content=\"2 minutes\" class=\"yoast-seo-meta-tag\" \/>\n<script type=\"application\/ld+json\" class=\"yoast-schema-graph\">{\"@context\":\"https:\\\/\\\/schema.org\",\"@graph\":[{\"@type\":\"WebPage\",\"@id\":\"https:\\\/\\\/sonam.bzh\\\/ecole-de-musique\\\/professeurs\\\/charles-quimbert\\\/\",\"url\":\"https:\\\/\\\/sonam.bzh\\\/ecole-de-musique\\\/professeurs\\\/charles-quimbert\\\/\",\"name\":\"Ch - Sonam&#039; - Skol Sonerezh\",\"isPartOf\":{\"@id\":\"https:\\\/\\\/sonam.bzh\\\/#website\"},\"primaryImageOfPage\":{\"@id\":\"https:\\\/\\\/sonam.bzh\\\/ecole-de-musique\\\/professeurs\\\/charles-quimbert\\\/#primaryimage\"},\"image\":{\"@id\":\"https:\\\/\\\/sonam.bzh\\\/ecole-de-musique\\\/professeurs\\\/charles-quimbert\\\/#primaryimage\"},\"thumbnailUrl\":\"https:\\\/\\\/sonam.bzh\\\/WP\\\/wp-content\\\/uploads\\\/2024\\\/07\\\/Photo-Charles-Quimbert_ok-300x200.jpg\",\"datePublished\":\"2023-08-18T19:53:33+00:00\",\"dateModified\":\"2025-08-18T18:22:12+00:00\",\"breadcrumb\":{\"@id\":\"https:\\\/\\\/sonam.bzh\\\/ecole-de-musique\\\/professeurs\\\/charles-quimbert\\\/#breadcrumb\"},\"inLanguage\":\"br\",\"potentialAction\":[{\"@type\":\"ReadAction\",\"target\":[\"https:\\\/\\\/sonam.bzh\\\/ecole-de-musique\\\/professeurs\\\/charles-quimbert\\\/\"]}]},{\"@type\":\"ImageObject\",\"inLanguage\":\"br\",\"@id\":\"https:\\\/\\\/sonam.bzh\\\/ecole-de-musique\\\/professeurs\\\/charles-quimbert\\\/#primaryimage\",\"url\":\"https:\\\/\\\/sonam.bzh\\\/WP\\\/wp-content\\\/uploads\\\/2024\\\/07\\\/Photo-Charles-Quimbert_ok-300x200.jpg\",\"contentUrl\":\"https:\\\/\\\/sonam.bzh\\\/WP\\\/wp-content\\\/uploads\\\/2024\\\/07\\\/Photo-Charles-Quimbert_ok-300x200.jpg\"},{\"@type\":\"BreadcrumbList\",\"@id\":\"https:\\\/\\\/sonam.bzh\\\/ecole-de-musique\\\/professeurs\\\/charles-quimbert\\\/#breadcrumb\",\"itemListElement\":[{\"@type\":\"ListItem\",\"position\":1,\"name\":\"Accueil\",\"item\":\"https:\\\/\\\/sonam.bzh\\\/\"},{\"@type\":\"ListItem\",\"position\":2,\"name\":\"L&rsquo;\u00e9cole de musique Sonam&rsquo;\",\"item\":\"https:\\\/\\\/sonam.bzh\\\/ecole-de-musique\\\/\"},{\"@type\":\"ListItem\",\"position\":3,\"name\":\"Les professeurs\",\"item\":\"https:\\\/\\\/sonam.bzh\\\/ecole-de-musique\\\/professeurs\\\/\"},{\"@type\":\"ListItem\",\"position\":4,\"name\":\"Charles Quimbert\"}]},{\"@type\":\"WebSite\",\"@id\":\"https:\\\/\\\/sonam.bzh\\\/#website\",\"url\":\"https:\\\/\\\/sonam.bzh\\\/\",\"name\":\"Sonam - Ecole de Musique\",\"description\":\"Sonam&#039; - Skol Sonerezh\",\"potentialAction\":[{\"@type\":\"SearchAction\",\"target\":{\"@type\":\"EntryPoint\",\"urlTemplate\":\"https:\\\/\\\/sonam.bzh\\\/?s={search_term_string}\"},\"query-input\":{\"@type\":\"PropertyValueSpecification\",\"valueRequired\":true,\"valueName\":\"search_term_string\"}}],\"inLanguage\":\"br\"}]}<\/script>\n<!-- \/ Yoast SEO plugin. -->","yoast_head_json":{"title":"Ch - Sonam&#039; - Skol Sonerezh","robots":{"index":"index","follow":"follow","max-snippet":"max-snippet:-1","max-image-preview":"max-image-preview:large","max-video-preview":"max-video-preview:-1"},"canonical":"https:\/\/sonam.bzh\/ecole-de-musique\/professeurs\/charles-quimbert\/","og_locale":"en_US","og_type":"article","og_title":"Ch - Sonam&#039; - Skol Sonerezh","og_description":"non disponible For the sake of viewer convenience, the content is shown below in the alternative language. You may click the link to switch the active language. &nbsp; Chanteur et p\u00e9dagogue d\u2019exp\u00e9rience! \u2018\u2019Voix en chantier\u2019\u2019 Cycle de six ateliers avec Charles Quimbert. Parcours d\u00e9couverte et d\u00e9veloppement de la voix, du geste vocal. La voix, quelle [&hellip;]","og_url":"https:\/\/sonam.bzh\/ecole-de-musique\/professeurs\/charles-quimbert\/","og_site_name":"Sonam&#039; - Skol Sonerezh","article_publisher":"https:\/\/www.facebook.com\/SonamEcoleDeMusique\/","article_modified_time":"2025-08-18T18:22:12+00:00","og_image":[{"url":"https:\/\/sonam.bzh\/WP\/wp-content\/uploads\/2024\/07\/Photo-Charles-Quimbert_ok-300x200.jpg","type":"","width":"","height":""}],"twitter_card":"summary_large_image","twitter_misc":{"Est. reading time":"2 minutes"},"schema":{"@context":"https:\/\/schema.org","@graph":[{"@type":"WebPage","@id":"https:\/\/sonam.bzh\/ecole-de-musique\/professeurs\/charles-quimbert\/","url":"https:\/\/sonam.bzh\/ecole-de-musique\/professeurs\/charles-quimbert\/","name":"Ch - Sonam&#039; - Skol Sonerezh","isPartOf":{"@id":"https:\/\/sonam.bzh\/#website"},"primaryImageOfPage":{"@id":"https:\/\/sonam.bzh\/ecole-de-musique\/professeurs\/charles-quimbert\/#primaryimage"},"image":{"@id":"https:\/\/sonam.bzh\/ecole-de-musique\/professeurs\/charles-quimbert\/#primaryimage"},"thumbnailUrl":"https:\/\/sonam.bzh\/WP\/wp-content\/uploads\/2024\/07\/Photo-Charles-Quimbert_ok-300x200.jpg","datePublished":"2023-08-18T19:53:33+00:00","dateModified":"2025-08-18T18:22:12+00:00","breadcrumb":{"@id":"https:\/\/sonam.bzh\/ecole-de-musique\/professeurs\/charles-quimbert\/#breadcrumb"},"inLanguage":"br","potentialAction":[{"@type":"ReadAction","target":["https:\/\/sonam.bzh\/ecole-de-musique\/professeurs\/charles-quimbert\/"]}]},{"@type":"ImageObject","inLanguage":"br","@id":"https:\/\/sonam.bzh\/ecole-de-musique\/professeurs\/charles-quimbert\/#primaryimage","url":"https:\/\/sonam.bzh\/WP\/wp-content\/uploads\/2024\/07\/Photo-Charles-Quimbert_ok-300x200.jpg","contentUrl":"https:\/\/sonam.bzh\/WP\/wp-content\/uploads\/2024\/07\/Photo-Charles-Quimbert_ok-300x200.jpg"},{"@type":"BreadcrumbList","@id":"https:\/\/sonam.bzh\/ecole-de-musique\/professeurs\/charles-quimbert\/#breadcrumb","itemListElement":[{"@type":"ListItem","position":1,"name":"Accueil","item":"https:\/\/sonam.bzh\/"},{"@type":"ListItem","position":2,"name":"L&rsquo;\u00e9cole de musique Sonam&rsquo;","item":"https:\/\/sonam.bzh\/ecole-de-musique\/"},{"@type":"ListItem","position":3,"name":"Les professeurs","item":"https:\/\/sonam.bzh\/ecole-de-musique\/professeurs\/"},{"@type":"ListItem","position":4,"name":"Charles Quimbert"}]},{"@type":"WebSite","@id":"https:\/\/sonam.bzh\/#website","url":"https:\/\/sonam.bzh\/","name":"Sonam - Ecole de Musique","description":"Sonam&#039; - Skol Sonerezh","potentialAction":[{"@type":"SearchAction","target":{"@type":"EntryPoint","urlTemplate":"https:\/\/sonam.bzh\/?s={search_term_string}"},"query-input":{"@type":"PropertyValueSpecification","valueRequired":true,"valueName":"search_term_string"}}],"inLanguage":"br"}]}},"jetpack_sharing_enabled":true,"_links":{"self":[{"href":"https:\/\/sonam.bzh\/br\/wp-json\/wp\/v2\/pages\/1497","targetHints":{"allow":["GET"]}}],"collection":[{"href":"https:\/\/sonam.bzh\/br\/wp-json\/wp\/v2\/pages"}],"about":[{"href":"https:\/\/sonam.bzh\/br\/wp-json\/wp\/v2\/types\/page"}],"author":[{"embeddable":true,"href":"https:\/\/sonam.bzh\/br\/wp-json\/wp\/v2\/users\/6"}],"replies":[{"embeddable":true,"href":"https:\/\/sonam.bzh\/br\/wp-json\/wp\/v2\/comments?post=1497"}],"version-history":[{"count":0,"href":"https:\/\/sonam.bzh\/br\/wp-json\/wp\/v2\/pages\/1497\/revisions"}],"up":[{"embeddable":true,"href":"https:\/\/sonam.bzh\/br\/wp-json\/wp\/v2\/pages\/42"}],"wp:attachment":[{"href":"https:\/\/sonam.bzh\/br\/wp-json\/wp\/v2\/media?parent=1497"}],"curies":[{"name":"wp","href":"https:\/\/api.w.org\/{rel}","templated":true}]}}