{"id":1331,"date":"2022-07-15T14:50:29","date_gmt":"2022-07-15T12:50:29","guid":{"rendered":"http:\/\/sonam.bzh\/?page_id=1331"},"modified":"2022-07-20T15:46:45","modified_gmt":"2022-07-20T13:46:45","slug":"gwenn-daniel","status":"publish","type":"page","link":"https:\/\/sonam.bzh\/br\/ecole-de-musique\/professeurs\/gwenn-daniel\/","title":{"rendered":"Gwenn Daniel"},"content":{"rendered":"<ul style=\"list-style-type: disc\">\n<li>Cours de piano<\/li>\n<\/ul>\n<div><span style=\"color: #000000\"><img loading=\"lazy\" decoding=\"async\" class=\"size-medium wp-image-1332 alignleft\" src=\"http:\/\/sonam.bzh\/WP\/wp-content\/uploads\/2022\/07\/GwennPiano2-296x300.jpeg\" alt=\"\" width=\"296\" height=\"300\" srcset=\"https:\/\/sonam.bzh\/WP\/wp-content\/uploads\/2022\/07\/GwennPiano2-296x300.jpeg 296w, https:\/\/sonam.bzh\/WP\/wp-content\/uploads\/2022\/07\/GwennPiano2-1011x1024.jpeg 1011w, https:\/\/sonam.bzh\/WP\/wp-content\/uploads\/2022\/07\/GwennPiano2-768x778.jpeg 768w, https:\/\/sonam.bzh\/WP\/wp-content\/uploads\/2022\/07\/GwennPiano2.jpeg 1080w\" sizes=\"auto, (max-width: 296px) 100vw, 296px\" \/><\/span><\/div>\n<div>\u00a0<\/div>\n<div><span style=\"color: #000000\">Passionn\u00e9e par la musique depuis son plus jeune \u00e2ge,\u00a0Gwenn\u00a0Daniel\u00a0a \u00e9tudi\u00e9 le piano classique au conservatoire Darius Milhaud \u00e0 Lanester jusqu&rsquo;au dipl\u00f4me de fin d&rsquo;\u00e9tude, tout en ayant une activit\u00e9 musicale soutenue en dehors, notamment autour du rock et des musiques actuelles. Son oreille musicale lui permit de d\u00e9velopper un sens de l&rsquo;arrangement et de l&rsquo;improvisation, offrant une libert\u00e9 et un espace d&rsquo;expression compl\u00e9mentaires \u00e0\u00a0<\/span>la rigueur des morceaux de r\u00e9pertoire et \u00e0 la technique, auxquels\u00a0Gwenn\u00a0reste tr\u00e8s attach\u00e9e &#8211; ces derniers ouvrant la voie vers la si d\u00e9licate sensibilit\u00e9 du pianiste soliste.<\/div>\n<div><span style=\"color: #000000\">\u00a0<\/span><\/div>\n<div><span style=\"color: #000000\">Parce qu&rsquo;elle consid\u00e8re que savoir lire une partition est un tr\u00e9sor essentiel,\u00a0Gwenn\u00a0int\u00e8gre de mani\u00e8re simple et fluide le solf\u00e8ge \u00e0 ses cours \u00e0 travers des oeuvres de r\u00e9pertoire choisies avec les \u00e9l\u00e8ves, et les aide \u00e9galement \u00e0 d\u00e9velopper \u00e0 leur demande d&rsquo;autres capacit\u00e9s comme la composition, l&rsquo;arrangement, l&rsquo;improvisation, et bien s\u00fbr l&rsquo;\u00e9tude de titres de tous styles choisis par les \u00e9tudiants, afin d&rsquo;apprendre efficacement et dans la joie !<\/span><\/div>\n<p>Contact par mail : \n<div class=\"wpcf7 no-js\" id=\"wpcf7-f1343-o1\" lang=\"fr-FR\" dir=\"ltr\" data-wpcf7-id=\"1343\">\n<div class=\"screen-reader-response\"><p role=\"status\" aria-live=\"polite\" aria-atomic=\"true\"><\/p> <ul><\/ul><\/div>\n<form action=\"\/br\/wp-json\/wp\/v2\/pages\/1331#wpcf7-f1343-o1\" method=\"post\" class=\"wpcf7-form init\" aria-label=\"Formulaire de contact\" novalidate=\"novalidate\" data-status=\"init\">\n<fieldset class=\"hidden-fields-container\"><input type=\"hidden\" name=\"_wpcf7\" value=\"1343\" \/><input type=\"hidden\" name=\"_wpcf7_version\" value=\"6.1.6\" \/><input type=\"hidden\" name=\"_wpcf7_locale\" value=\"fr_FR\" \/><input type=\"hidden\" name=\"_wpcf7_unit_tag\" value=\"wpcf7-f1343-o1\" \/><input type=\"hidden\" name=\"_wpcf7_container_post\" value=\"0\" \/><input type=\"hidden\" name=\"_wpcf7_posted_data_hash\" value=\"\" \/>\n<\/fieldset>\n<table class=\"sonam-form-prof\">\n\t<tr>\n\t\t<th class=\"sfp-right\">\n\t\t\t<p>Anv&nbsp;*&nbsp;<span class=\"wpcf7-form-control-wrap\" data-name=\"your-name\"><input size=\"40\" maxlength=\"400\" class=\"wpcf7-form-control wpcf7-text wpcf7-validates-as-required\" aria-required=\"true\" aria-invalid=\"false\" value=\"\" type=\"text\" name=\"your-name\" \/><\/span><br \/>\nPostel&nbsp;*&nbsp;<span class=\"wpcf7-form-control-wrap\" data-name=\"your-email\"><input size=\"40\" maxlength=\"400\" class=\"wpcf7-form-control wpcf7-email wpcf7-validates-as-required wpcf7-text wpcf7-validates-as-email\" aria-required=\"true\" aria-invalid=\"false\" value=\"\" type=\"email\" name=\"your-email\" \/><\/span>\n\t\t\t<\/p>\n\t\t<\/th>\n\t<\/tr>\n\t<tr>\n\t\t<td>\n\t\t\t<p><span class=\"wpcf7-form-control-wrap\" data-name=\"your-message\"><textarea cols=\"40\" rows=\"3\" maxlength=\"2000\" class=\"wpcf7-form-control wpcf7-textarea\" aria-invalid=\"false\" name=\"your-message\">Ho kemennad...<\/textarea><\/span>\n\t\t\t<\/p>\n\t\t<\/td>\n\t<\/tr>\n\t<tr>\n\t\t<th>\n\t\t\t<p><span id=\"wpcf7-6a09ffd3eeebb-wrapper\" class=\"wpcf7-form-control-wrap sonamhp-256-wrap\" style=\"display: block;\n\t\t    width: 0px;\n\t\t    height: 0px;\n\t\t    padding: 0px;\n\t\t    border: 1px solid transparent;\n\t\t    display: block;\n\t\t    overflow: hidden;\n\t\t    \"><input type=\"hidden\" name=\"sonamhp-256-random-hash\" value=\"56817289\"><label\n\t\t    for=\"wpcf7-6a09ffd3eeebb-field\"\n\t\t    class=\"hp-message\"\n        >Veuillez laisser ce champ vide.<\/label><input\n\t    id=\"wpcf7-6a09ffd3eeebb-field\"\n\t    \n\t    class=\"wpcf7-form-control wpcf7-text\"\n\t    type=\"text\"\n\t    name=\"ctcfrauv7ni7\"\n\t    value=\"\"\n\t    size=\"40\"\n\t    autocomplete=\"new-password\"\n\t    tabindex=\"1000\"\n    \/><\/span><input class=\"wpcf7-form-control wpcf7-submit has-spinner\" type=\"submit\" value=\"Kas\" \/>\n\t\t\t<\/p>\n\t\t<\/th>\n\t<\/tr>\n<\/table><p style=\"display: none !important;\" class=\"akismet-fields-container\" data-prefix=\"_wpcf7_ak_\"><label>&#916;<textarea name=\"_wpcf7_ak_hp_textarea\" cols=\"45\" rows=\"8\" maxlength=\"100\"><\/textarea><\/label><input type=\"hidden\" id=\"ak_js_1\" name=\"_wpcf7_ak_js\" value=\"7\"\/><script type=\"text\/javascript\">\n\/* <![CDATA[ *\/\ndocument.getElementById( \"ak_js_1\" ).setAttribute( \"value\", ( new Date() ).getTime() );\n\/* ]]> *\/\n<\/script>\n<\/p><div class=\"wpcf7-response-output\" aria-hidden=\"true\"><\/div>\n<\/form>\n<\/div>\n<\/p>\n","protected":false},"excerpt":{"rendered":"<p>Cours de piano \u00a0 Passionn\u00e9e par la musique depuis son plus jeune \u00e2ge,\u00a0Gwenn\u00a0Daniel\u00a0a \u00e9tudi\u00e9 le piano classique au conservatoire Darius Milhaud \u00e0 Lanester jusqu&rsquo;au dipl\u00f4me de fin d&rsquo;\u00e9tude, tout en ayant une activit\u00e9 musicale soutenue en dehors, notamment autour du rock et des musiques actuelles. Son oreille musicale lui permit de d\u00e9velopper un sens de [&hellip;]<\/p>\n","protected":false},"author":85,"featured_media":1332,"parent":42,"menu_order":14,"comment_status":"closed","ping_status":"closed","template":"","meta":{"_bbp_topic_count":0,"_bbp_reply_count":0,"_bbp_total_topic_count":0,"_bbp_total_reply_count":0,"_bbp_voice_count":0,"_bbp_anonymous_reply_count":0,"_bbp_topic_count_hidden":0,"_bbp_reply_count_hidden":0,"_bbp_forum_subforum_count":0,"ngg_post_thumbnail":0,"footnotes":""},"class_list":["post-1331","page","type-page","status-publish","has-post-thumbnail","czr-hentry"],"yoast_head":"<!-- This site is optimized with the Yoast SEO plugin v27.6 - https:\/\/yoast.com\/product\/yoast-seo-wordpress\/ -->\n<title>Gwenn Daniel - Sonam&#039; - Skol Sonerezh<\/title>\n<meta name=\"robots\" content=\"index, follow, max-snippet:-1, max-image-preview:large, max-video-preview:-1\" \/>\n<link rel=\"canonical\" href=\"https:\/\/sonam.bzh\/ecole-de-musique\/professeurs\/gwenn-daniel\/\" class=\"yoast-seo-meta-tag\" \/>\n<meta property=\"og:locale\" content=\"en_US\" class=\"yoast-seo-meta-tag\" \/>\n<meta property=\"og:type\" content=\"article\" class=\"yoast-seo-meta-tag\" \/>\n<meta property=\"og:title\" content=\"Gwenn Daniel - Sonam&#039; - Skol Sonerezh\" class=\"yoast-seo-meta-tag\" \/>\n<meta property=\"og:description\" content=\"Cours de piano \u00a0 Passionn\u00e9e par la musique depuis son plus jeune \u00e2ge,\u00a0Gwenn\u00a0Daniel\u00a0a \u00e9tudi\u00e9 le piano classique au conservatoire Darius Milhaud \u00e0 Lanester jusqu&rsquo;au dipl\u00f4me de fin d&rsquo;\u00e9tude, tout en ayant une activit\u00e9 musicale soutenue en dehors, notamment autour du rock et des musiques actuelles. Son oreille musicale lui permit de d\u00e9velopper un sens de [&hellip;]\" class=\"yoast-seo-meta-tag\" \/>\n<meta property=\"og:url\" content=\"https:\/\/sonam.bzh\/ecole-de-musique\/professeurs\/gwenn-daniel\/\" class=\"yoast-seo-meta-tag\" \/>\n<meta property=\"og:site_name\" content=\"Sonam&#039; - Skol Sonerezh\" class=\"yoast-seo-meta-tag\" \/>\n<meta property=\"article:publisher\" content=\"https:\/\/www.facebook.com\/SonamEcoleDeMusique\/\" class=\"yoast-seo-meta-tag\" \/>\n<meta property=\"article:modified_time\" content=\"2022-07-20T13:46:45+00:00\" class=\"yoast-seo-meta-tag\" \/>\n<meta property=\"og:image\" content=\"https:\/\/sonam.bzh\/WP\/wp-content\/uploads\/2022\/07\/GwennPiano2.jpeg\" class=\"yoast-seo-meta-tag\" \/>\n\t<meta property=\"og:image:width\" content=\"1080\" class=\"yoast-seo-meta-tag\" \/>\n\t<meta property=\"og:image:height\" content=\"1094\" class=\"yoast-seo-meta-tag\" \/>\n\t<meta property=\"og:image:type\" content=\"image\/jpeg\" class=\"yoast-seo-meta-tag\" \/>\n<meta name=\"twitter:card\" content=\"summary_large_image\" class=\"yoast-seo-meta-tag\" \/>\n<script type=\"application\/ld+json\" class=\"yoast-schema-graph\">{\"@context\":\"https:\\\/\\\/schema.org\",\"@graph\":[{\"@type\":\"WebPage\",\"@id\":\"https:\\\/\\\/sonam.bzh\\\/ecole-de-musique\\\/professeurs\\\/gwenn-daniel\\\/\",\"url\":\"https:\\\/\\\/sonam.bzh\\\/ecole-de-musique\\\/professeurs\\\/gwenn-daniel\\\/\",\"name\":\"Gwenn Daniel - Sonam&#039; - Skol Sonerezh\",\"isPartOf\":{\"@id\":\"https:\\\/\\\/sonam.bzh\\\/#website\"},\"primaryImageOfPage\":{\"@id\":\"https:\\\/\\\/sonam.bzh\\\/ecole-de-musique\\\/professeurs\\\/gwenn-daniel\\\/#primaryimage\"},\"image\":{\"@id\":\"https:\\\/\\\/sonam.bzh\\\/ecole-de-musique\\\/professeurs\\\/gwenn-daniel\\\/#primaryimage\"},\"thumbnailUrl\":\"https:\\\/\\\/sonam.bzh\\\/WP\\\/wp-content\\\/uploads\\\/2022\\\/07\\\/GwennPiano2.jpeg\",\"datePublished\":\"2022-07-15T12:50:29+00:00\",\"dateModified\":\"2022-07-20T13:46:45+00:00\",\"breadcrumb\":{\"@id\":\"https:\\\/\\\/sonam.bzh\\\/ecole-de-musique\\\/professeurs\\\/gwenn-daniel\\\/#breadcrumb\"},\"inLanguage\":\"br\",\"potentialAction\":[{\"@type\":\"ReadAction\",\"target\":[\"https:\\\/\\\/sonam.bzh\\\/ecole-de-musique\\\/professeurs\\\/gwenn-daniel\\\/\"]}]},{\"@type\":\"ImageObject\",\"inLanguage\":\"br\",\"@id\":\"https:\\\/\\\/sonam.bzh\\\/ecole-de-musique\\\/professeurs\\\/gwenn-daniel\\\/#primaryimage\",\"url\":\"https:\\\/\\\/sonam.bzh\\\/WP\\\/wp-content\\\/uploads\\\/2022\\\/07\\\/GwennPiano2.jpeg\",\"contentUrl\":\"https:\\\/\\\/sonam.bzh\\\/WP\\\/wp-content\\\/uploads\\\/2022\\\/07\\\/GwennPiano2.jpeg\",\"width\":1080,\"height\":1094},{\"@type\":\"BreadcrumbList\",\"@id\":\"https:\\\/\\\/sonam.bzh\\\/ecole-de-musique\\\/professeurs\\\/gwenn-daniel\\\/#breadcrumb\",\"itemListElement\":[{\"@type\":\"ListItem\",\"position\":1,\"name\":\"Accueil\",\"item\":\"https:\\\/\\\/sonam.bzh\\\/\"},{\"@type\":\"ListItem\",\"position\":2,\"name\":\"L&rsquo;\u00e9cole de musique Sonam&rsquo;\",\"item\":\"https:\\\/\\\/sonam.bzh\\\/ecole-de-musique\\\/\"},{\"@type\":\"ListItem\",\"position\":3,\"name\":\"Les professeurs\",\"item\":\"https:\\\/\\\/sonam.bzh\\\/ecole-de-musique\\\/professeurs\\\/\"},{\"@type\":\"ListItem\",\"position\":4,\"name\":\"Gwenn Daniel\"}]},{\"@type\":\"WebSite\",\"@id\":\"https:\\\/\\\/sonam.bzh\\\/#website\",\"url\":\"https:\\\/\\\/sonam.bzh\\\/\",\"name\":\"Sonam - Ecole de Musique\",\"description\":\"Sonam&#039; - Skol Sonerezh\",\"potentialAction\":[{\"@type\":\"SearchAction\",\"target\":{\"@type\":\"EntryPoint\",\"urlTemplate\":\"https:\\\/\\\/sonam.bzh\\\/?s={search_term_string}\"},\"query-input\":{\"@type\":\"PropertyValueSpecification\",\"valueRequired\":true,\"valueName\":\"search_term_string\"}}],\"inLanguage\":\"br\"}]}<\/script>\n<!-- \/ Yoast SEO plugin. -->","yoast_head_json":{"title":"Gwenn Daniel - Sonam&#039; - Skol Sonerezh","robots":{"index":"index","follow":"follow","max-snippet":"max-snippet:-1","max-image-preview":"max-image-preview:large","max-video-preview":"max-video-preview:-1"},"canonical":"https:\/\/sonam.bzh\/ecole-de-musique\/professeurs\/gwenn-daniel\/","og_locale":"en_US","og_type":"article","og_title":"Gwenn Daniel - Sonam&#039; - Skol Sonerezh","og_description":"Cours de piano \u00a0 Passionn\u00e9e par la musique depuis son plus jeune \u00e2ge,\u00a0Gwenn\u00a0Daniel\u00a0a \u00e9tudi\u00e9 le piano classique au conservatoire Darius Milhaud \u00e0 Lanester jusqu&rsquo;au dipl\u00f4me de fin d&rsquo;\u00e9tude, tout en ayant une activit\u00e9 musicale soutenue en dehors, notamment autour du rock et des musiques actuelles. Son oreille musicale lui permit de d\u00e9velopper un sens de [&hellip;]","og_url":"https:\/\/sonam.bzh\/ecole-de-musique\/professeurs\/gwenn-daniel\/","og_site_name":"Sonam&#039; - Skol Sonerezh","article_publisher":"https:\/\/www.facebook.com\/SonamEcoleDeMusique\/","article_modified_time":"2022-07-20T13:46:45+00:00","og_image":[{"width":1080,"height":1094,"url":"https:\/\/sonam.bzh\/WP\/wp-content\/uploads\/2022\/07\/GwennPiano2.jpeg","type":"image\/jpeg"}],"twitter_card":"summary_large_image","schema":{"@context":"https:\/\/schema.org","@graph":[{"@type":"WebPage","@id":"https:\/\/sonam.bzh\/ecole-de-musique\/professeurs\/gwenn-daniel\/","url":"https:\/\/sonam.bzh\/ecole-de-musique\/professeurs\/gwenn-daniel\/","name":"Gwenn Daniel - Sonam&#039; - Skol Sonerezh","isPartOf":{"@id":"https:\/\/sonam.bzh\/#website"},"primaryImageOfPage":{"@id":"https:\/\/sonam.bzh\/ecole-de-musique\/professeurs\/gwenn-daniel\/#primaryimage"},"image":{"@id":"https:\/\/sonam.bzh\/ecole-de-musique\/professeurs\/gwenn-daniel\/#primaryimage"},"thumbnailUrl":"https:\/\/sonam.bzh\/WP\/wp-content\/uploads\/2022\/07\/GwennPiano2.jpeg","datePublished":"2022-07-15T12:50:29+00:00","dateModified":"2022-07-20T13:46:45+00:00","breadcrumb":{"@id":"https:\/\/sonam.bzh\/ecole-de-musique\/professeurs\/gwenn-daniel\/#breadcrumb"},"inLanguage":"br","potentialAction":[{"@type":"ReadAction","target":["https:\/\/sonam.bzh\/ecole-de-musique\/professeurs\/gwenn-daniel\/"]}]},{"@type":"ImageObject","inLanguage":"br","@id":"https:\/\/sonam.bzh\/ecole-de-musique\/professeurs\/gwenn-daniel\/#primaryimage","url":"https:\/\/sonam.bzh\/WP\/wp-content\/uploads\/2022\/07\/GwennPiano2.jpeg","contentUrl":"https:\/\/sonam.bzh\/WP\/wp-content\/uploads\/2022\/07\/GwennPiano2.jpeg","width":1080,"height":1094},{"@type":"BreadcrumbList","@id":"https:\/\/sonam.bzh\/ecole-de-musique\/professeurs\/gwenn-daniel\/#breadcrumb","itemListElement":[{"@type":"ListItem","position":1,"name":"Accueil","item":"https:\/\/sonam.bzh\/"},{"@type":"ListItem","position":2,"name":"L&rsquo;\u00e9cole de musique Sonam&rsquo;","item":"https:\/\/sonam.bzh\/ecole-de-musique\/"},{"@type":"ListItem","position":3,"name":"Les professeurs","item":"https:\/\/sonam.bzh\/ecole-de-musique\/professeurs\/"},{"@type":"ListItem","position":4,"name":"Gwenn Daniel"}]},{"@type":"WebSite","@id":"https:\/\/sonam.bzh\/#website","url":"https:\/\/sonam.bzh\/","name":"Sonam - Ecole de Musique","description":"Sonam&#039; - Skol Sonerezh","potentialAction":[{"@type":"SearchAction","target":{"@type":"EntryPoint","urlTemplate":"https:\/\/sonam.bzh\/?s={search_term_string}"},"query-input":{"@type":"PropertyValueSpecification","valueRequired":true,"valueName":"search_term_string"}}],"inLanguage":"br"}]}},"jetpack_sharing_enabled":true,"_links":{"self":[{"href":"https:\/\/sonam.bzh\/br\/wp-json\/wp\/v2\/pages\/1331","targetHints":{"allow":["GET"]}}],"collection":[{"href":"https:\/\/sonam.bzh\/br\/wp-json\/wp\/v2\/pages"}],"about":[{"href":"https:\/\/sonam.bzh\/br\/wp-json\/wp\/v2\/types\/page"}],"author":[{"embeddable":true,"href":"https:\/\/sonam.bzh\/br\/wp-json\/wp\/v2\/users\/85"}],"replies":[{"embeddable":true,"href":"https:\/\/sonam.bzh\/br\/wp-json\/wp\/v2\/comments?post=1331"}],"version-history":[{"count":0,"href":"https:\/\/sonam.bzh\/br\/wp-json\/wp\/v2\/pages\/1331\/revisions"}],"up":[{"embeddable":true,"href":"https:\/\/sonam.bzh\/br\/wp-json\/wp\/v2\/pages\/42"}],"wp:featuredmedia":[{"embeddable":true,"href":"https:\/\/sonam.bzh\/br\/wp-json\/wp\/v2\/media\/1332"}],"wp:attachment":[{"href":"https:\/\/sonam.bzh\/br\/wp-json\/wp\/v2\/media?parent=1331"}],"curies":[{"name":"wp","href":"https:\/\/api.w.org\/{rel}","templated":true}]}}