{"id":1114,"date":"2020-09-04T08:08:36","date_gmt":"2020-09-04T06:08:36","guid":{"rendered":"http:\/\/sonam.bzh\/?page_id=1114"},"modified":"2020-09-16T16:18:18","modified_gmt":"2020-09-16T14:18:18","slug":"eliza-perrin","status":"publish","type":"page","link":"https:\/\/sonam.bzh\/br\/ecole-de-musique\/professeurs\/eliza-perrin\/","title":{"rendered":"Eliza Perrin"},"content":{"rendered":"<ul>\n<li><strong>Cours de fl\u00fbte traversi\u00e8re en bois et m\u00e9tal, low whistle et tin whistle\u00a0<\/strong><\/li>\n<\/ul>\n<p><strong><img loading=\"lazy\" decoding=\"async\" class=\"size-medium wp-image-1115 alignleft\" src=\"http:\/\/sonam.bzh\/WP\/wp-content\/uploads\/2020\/09\/Eliza-Fanfare-principale-222x300.jpg\" alt=\"\" width=\"222\" height=\"300\" srcset=\"https:\/\/sonam.bzh\/WP\/wp-content\/uploads\/2020\/09\/Eliza-Fanfare-principale-222x300.jpg 222w, https:\/\/sonam.bzh\/WP\/wp-content\/uploads\/2020\/09\/Eliza-Fanfare-principale.jpg 446w\" sizes=\"auto, (max-width: 222px) 100vw, 222px\" \/>Mon parcours musical et artistique\u00a0:<\/strong><\/p>\n<p>J&rsquo;ai commenc\u00e9 la musique en \u00e9cole de musique vers l&rsquo;\u00e2ge de 6-7 ans en chorale et fl\u00fbte traversi\u00e8re. J&rsquo;y ai jou\u00e9 \u00e0 l&rsquo;orchestre harmonique pendant une quinzaine d&rsquo;ann\u00e9e. J&rsquo;ai continu\u00e9 en musique de rue sur un mode tr\u00e8s festif en rejoignant la Fanfare du Bono ainsi que les batucadas R\u00e9percussion et les F\u00e9es No Men \u00e0 Auray, en percussions br\u00e9siliennes. En parall\u00e8le, avec quelques musiciens passionn\u00e9s de musiques traditionnelles celtiques, nous avons cr\u00e9\u00e9 le groupe Sterenn avec lequel je joue depuis plus de dix ans. Ces diff\u00e9rents groupes m\u2019ont donn\u00e9 l\u2019occasion de jouer dans des contextes vari\u00e9s\u00a0: spectacles d\u2019art de rue, fest-noz, jam sessions, sc\u00e8ne, caf\u00e9s, intervention musicale en Ehpad\u2026 Aujourd\u2019hui je suis toujours dans divers groupes de musiques et sur des projets artistiques en cr\u00e9ation.<\/p>\n<audio class=\"wp-audio-shortcode\" id=\"audio-1114-1\" autoplay preload=\"none\" style=\"width: 100%;\" controls=\"controls\"><source type=\"audio\/mpeg\" src=\"http:\/\/sonam.bzh\/WP\/wp-content\/uploads\/2020\/09\/Sterenn-Beograd-Bianca-principal.mp3?_=1\" \/><a href=\"http:\/\/sonam.bzh\/WP\/wp-content\/uploads\/2020\/09\/Sterenn-Beograd-Bianca-principal.mp3\">http:\/\/sonam.bzh\/WP\/wp-content\/uploads\/2020\/09\/Sterenn-Beograd-Bianca-principal.mp3<\/a><\/audio>\n<p>&nbsp;<\/p>\n<p><strong>\u00a0<\/strong><strong>Travail p\u00e9dagogique autour de la transmission musicale orale et \u00e9crite\u00a0:<\/strong><\/p>\n<p>Je souhaite aborder la musique \u00e0 travers diff\u00e9rents styles musicaux, permettant d\u2019utiliser diverses techniques et jeux instrumentaux, et de d\u00e9couvrir diff\u00e9rentes cultures musicales\u00a0: musique traditionnelle folk et celtique, musique du monde, musique classique et musique actuelle\u2026<\/p>\n<p><strong><em>Technique instrumentale et musicale abord\u00e9e\u00a0:<\/em><\/strong><\/p>\n<ul>\n<li>Travail de respiration, posture du musicien et prise en main de l\u2019instrument, technique d\u2019embouchure et travail du son.<\/li>\n<li>D\u00e9velopper la dext\u00e9rit\u00e9 dans le jeu des doigts et travail sur les notes et ornementations.<\/li>\n<li>\u00a0Exercices rythmiques et travail en polyphonie pour ressentir la musique dans son corps, d\u00e9velopper l\u2019\u00e9coute et la sensibilit\u00e9 musicale, seul et \u00e0 plusieurs.<\/li>\n<li>Jeux d\u2019improvisation et travail sur l\u2019harmonisation, pour d\u00e9velopper la cr\u00e9ativit\u00e9.<\/li>\n<\/ul>\n<p>Contact par mail :<\/p>\n\n<div class=\"wpcf7 no-js\" id=\"wpcf7-f1119-o1\" lang=\"fr-FR\" dir=\"ltr\" data-wpcf7-id=\"1119\">\n<div class=\"screen-reader-response\"><p role=\"status\" aria-live=\"polite\" aria-atomic=\"true\"><\/p> <ul><\/ul><\/div>\n<form action=\"\/br\/wp-json\/wp\/v2\/pages\/1114#wpcf7-f1119-o1\" method=\"post\" class=\"wpcf7-form init\" aria-label=\"Formulaire de contact\" novalidate=\"novalidate\" data-status=\"init\">\n<fieldset class=\"hidden-fields-container\"><input type=\"hidden\" name=\"_wpcf7\" value=\"1119\" \/><input type=\"hidden\" name=\"_wpcf7_version\" value=\"6.1.5\" \/><input type=\"hidden\" name=\"_wpcf7_locale\" value=\"fr_FR\" \/><input type=\"hidden\" name=\"_wpcf7_unit_tag\" value=\"wpcf7-f1119-o1\" \/><input type=\"hidden\" name=\"_wpcf7_container_post\" value=\"0\" \/><input type=\"hidden\" name=\"_wpcf7_posted_data_hash\" value=\"\" \/>\n<\/fieldset>\n<table class=\"sonam-form-prof\">\n\t<tr>\n\t\t<th class=\"sfp-right\">\n\t\t\t<p>Anv&nbsp;*&nbsp;<span class=\"wpcf7-form-control-wrap\" data-name=\"your-name\"><input size=\"40\" maxlength=\"400\" class=\"wpcf7-form-control wpcf7-text wpcf7-validates-as-required\" aria-required=\"true\" aria-invalid=\"false\" value=\"\" type=\"text\" name=\"your-name\" \/><\/span><br \/>\nPostel&nbsp;*&nbsp;<span class=\"wpcf7-form-control-wrap\" data-name=\"your-email\"><input size=\"40\" maxlength=\"400\" class=\"wpcf7-form-control wpcf7-email wpcf7-validates-as-required wpcf7-text wpcf7-validates-as-email\" aria-required=\"true\" aria-invalid=\"false\" value=\"\" type=\"email\" name=\"your-email\" \/><\/span>\n\t\t\t<\/p>\n\t\t<\/th>\n\t<\/tr>\n\t<tr>\n\t\t<td>\n\t\t\t<p><span class=\"wpcf7-form-control-wrap\" data-name=\"your-message\"><textarea cols=\"40\" rows=\"3\" maxlength=\"2000\" class=\"wpcf7-form-control wpcf7-textarea\" aria-invalid=\"false\" name=\"your-message\">Ho kemennad...<\/textarea><\/span>\n\t\t\t<\/p>\n\t\t<\/td>\n\t<\/tr>\n\t<tr>\n\t\t<th>\n\t\t\t<p><span id=\"wpcf7-69e754c10e70a-wrapper\" class=\"wpcf7-form-control-wrap sonamhp-256-wrap\" style=\"display:none !important; visibility:hidden !important;\"><label for=\"wpcf7-69e754c10e70a-field\" class=\"hp-message\">Veuillez laisser ce champ vide.<\/label><input id=\"wpcf7-69e754c10e70a-field\"  class=\"wpcf7-form-control wpcf7-text\" type=\"text\" name=\"sonamhp-256\" value=\"\" size=\"40\" tabindex=\"-1\" autocomplete=\"new-password\" \/><\/span><input class=\"wpcf7-form-control wpcf7-submit has-spinner\" type=\"submit\" value=\"Kas\" \/>\n\t\t\t<\/p>\n\t\t<\/th>\n\t<\/tr>\n<\/table><p style=\"display: none !important;\" class=\"akismet-fields-container\" data-prefix=\"_wpcf7_ak_\"><label>&#916;<textarea name=\"_wpcf7_ak_hp_textarea\" cols=\"45\" rows=\"8\" maxlength=\"100\"><\/textarea><\/label><input type=\"hidden\" id=\"ak_js_1\" name=\"_wpcf7_ak_js\" value=\"38\"\/><script>document.getElementById( \"ak_js_1\" ).setAttribute( \"value\", ( new Date() ).getTime() );<\/script><\/p><div class=\"wpcf7-response-output\" aria-hidden=\"true\"><\/div>\n<\/form>\n<\/div>\n\n","protected":false},"excerpt":{"rendered":"<p>Cours de fl\u00fbte traversi\u00e8re en bois et m\u00e9tal, low whistle et tin whistle\u00a0 Mon parcours musical et artistique\u00a0: J&rsquo;ai commenc\u00e9 la musique en \u00e9cole de musique vers l&rsquo;\u00e2ge de 6-7 ans en chorale et fl\u00fbte traversi\u00e8re. J&rsquo;y ai jou\u00e9 \u00e0 l&rsquo;orchestre harmonique pendant une quinzaine d&rsquo;ann\u00e9e. J&rsquo;ai continu\u00e9 en musique de rue sur un mode [&hellip;]<\/p>\n","protected":false},"author":85,"featured_media":1115,"parent":42,"menu_order":7,"comment_status":"closed","ping_status":"closed","template":"","meta":{"_bbp_topic_count":0,"_bbp_reply_count":0,"_bbp_total_topic_count":0,"_bbp_total_reply_count":0,"_bbp_voice_count":0,"_bbp_anonymous_reply_count":0,"_bbp_topic_count_hidden":0,"_bbp_reply_count_hidden":0,"_bbp_forum_subforum_count":0,"ngg_post_thumbnail":0,"footnotes":""},"class_list":["post-1114","page","type-page","status-publish","has-post-thumbnail","czr-hentry"],"yoast_head":"<!-- This site is optimized with the Yoast SEO plugin v27.4 - https:\/\/yoast.com\/product\/yoast-seo-wordpress\/ -->\n<title>Eliza Perrin - Sonam&#039; - Skol Sonerezh<\/title>\n<meta name=\"robots\" content=\"index, follow, max-snippet:-1, max-image-preview:large, max-video-preview:-1\" \/>\n<link rel=\"canonical\" href=\"https:\/\/sonam.bzh\/ecole-de-musique\/professeurs\/eliza-perrin\/\" class=\"yoast-seo-meta-tag\" \/>\n<meta property=\"og:locale\" content=\"en_US\" class=\"yoast-seo-meta-tag\" \/>\n<meta property=\"og:type\" content=\"article\" class=\"yoast-seo-meta-tag\" \/>\n<meta property=\"og:title\" content=\"Eliza Perrin - Sonam&#039; - Skol Sonerezh\" class=\"yoast-seo-meta-tag\" \/>\n<meta property=\"og:description\" content=\"Cours de fl\u00fbte traversi\u00e8re en bois et m\u00e9tal, low whistle et tin whistle\u00a0 Mon parcours musical et artistique\u00a0: J&rsquo;ai commenc\u00e9 la musique en \u00e9cole de musique vers l&rsquo;\u00e2ge de 6-7 ans en chorale et fl\u00fbte traversi\u00e8re. J&rsquo;y ai jou\u00e9 \u00e0 l&rsquo;orchestre harmonique pendant une quinzaine d&rsquo;ann\u00e9e. J&rsquo;ai continu\u00e9 en musique de rue sur un mode [&hellip;]\" class=\"yoast-seo-meta-tag\" \/>\n<meta property=\"og:url\" content=\"https:\/\/sonam.bzh\/ecole-de-musique\/professeurs\/eliza-perrin\/\" class=\"yoast-seo-meta-tag\" \/>\n<meta property=\"og:site_name\" content=\"Sonam&#039; - Skol Sonerezh\" class=\"yoast-seo-meta-tag\" \/>\n<meta property=\"article:publisher\" content=\"https:\/\/www.facebook.com\/SonamEcoleDeMusique\/\" class=\"yoast-seo-meta-tag\" \/>\n<meta property=\"article:modified_time\" content=\"2020-09-16T14:18:18+00:00\" class=\"yoast-seo-meta-tag\" \/>\n<meta property=\"og:image\" content=\"https:\/\/sonam.bzh\/WP\/wp-content\/uploads\/2020\/09\/Eliza-Fanfare-principale.jpg\" class=\"yoast-seo-meta-tag\" \/>\n\t<meta property=\"og:image:width\" content=\"446\" class=\"yoast-seo-meta-tag\" \/>\n\t<meta property=\"og:image:height\" content=\"604\" class=\"yoast-seo-meta-tag\" \/>\n\t<meta property=\"og:image:type\" content=\"image\/jpeg\" class=\"yoast-seo-meta-tag\" \/>\n<meta name=\"twitter:card\" content=\"summary_large_image\" class=\"yoast-seo-meta-tag\" \/>\n<meta name=\"twitter:label1\" content=\"Est. reading time\" class=\"yoast-seo-meta-tag\" \/>\n\t<meta name=\"twitter:data1\" content=\"2 minutes\" class=\"yoast-seo-meta-tag\" \/>\n<script type=\"application\/ld+json\" class=\"yoast-schema-graph\">{\"@context\":\"https:\\\/\\\/schema.org\",\"@graph\":[{\"@type\":\"WebPage\",\"@id\":\"https:\\\/\\\/sonam.bzh\\\/ecole-de-musique\\\/professeurs\\\/eliza-perrin\\\/\",\"url\":\"https:\\\/\\\/sonam.bzh\\\/ecole-de-musique\\\/professeurs\\\/eliza-perrin\\\/\",\"name\":\"Eliza Perrin - Sonam&#039; - Skol Sonerezh\",\"isPartOf\":{\"@id\":\"https:\\\/\\\/sonam.bzh\\\/#website\"},\"primaryImageOfPage\":{\"@id\":\"https:\\\/\\\/sonam.bzh\\\/ecole-de-musique\\\/professeurs\\\/eliza-perrin\\\/#primaryimage\"},\"image\":{\"@id\":\"https:\\\/\\\/sonam.bzh\\\/ecole-de-musique\\\/professeurs\\\/eliza-perrin\\\/#primaryimage\"},\"thumbnailUrl\":\"https:\\\/\\\/sonam.bzh\\\/WP\\\/wp-content\\\/uploads\\\/2020\\\/09\\\/Eliza-Fanfare-principale.jpg\",\"datePublished\":\"2020-09-04T06:08:36+00:00\",\"dateModified\":\"2020-09-16T14:18:18+00:00\",\"breadcrumb\":{\"@id\":\"https:\\\/\\\/sonam.bzh\\\/ecole-de-musique\\\/professeurs\\\/eliza-perrin\\\/#breadcrumb\"},\"inLanguage\":\"br\",\"potentialAction\":[{\"@type\":\"ReadAction\",\"target\":[\"https:\\\/\\\/sonam.bzh\\\/ecole-de-musique\\\/professeurs\\\/eliza-perrin\\\/\"]}]},{\"@type\":\"ImageObject\",\"inLanguage\":\"br\",\"@id\":\"https:\\\/\\\/sonam.bzh\\\/ecole-de-musique\\\/professeurs\\\/eliza-perrin\\\/#primaryimage\",\"url\":\"https:\\\/\\\/sonam.bzh\\\/WP\\\/wp-content\\\/uploads\\\/2020\\\/09\\\/Eliza-Fanfare-principale.jpg\",\"contentUrl\":\"https:\\\/\\\/sonam.bzh\\\/WP\\\/wp-content\\\/uploads\\\/2020\\\/09\\\/Eliza-Fanfare-principale.jpg\",\"width\":446,\"height\":604},{\"@type\":\"BreadcrumbList\",\"@id\":\"https:\\\/\\\/sonam.bzh\\\/ecole-de-musique\\\/professeurs\\\/eliza-perrin\\\/#breadcrumb\",\"itemListElement\":[{\"@type\":\"ListItem\",\"position\":1,\"name\":\"Accueil\",\"item\":\"https:\\\/\\\/sonam.bzh\\\/\"},{\"@type\":\"ListItem\",\"position\":2,\"name\":\"L&rsquo;\u00e9cole de musique Sonam&rsquo;\",\"item\":\"https:\\\/\\\/sonam.bzh\\\/ecole-de-musique\\\/\"},{\"@type\":\"ListItem\",\"position\":3,\"name\":\"Les professeurs\",\"item\":\"https:\\\/\\\/sonam.bzh\\\/ecole-de-musique\\\/professeurs\\\/\"},{\"@type\":\"ListItem\",\"position\":4,\"name\":\"Eliza Perrin\"}]},{\"@type\":\"WebSite\",\"@id\":\"https:\\\/\\\/sonam.bzh\\\/#website\",\"url\":\"https:\\\/\\\/sonam.bzh\\\/\",\"name\":\"Sonam - Ecole de Musique\",\"description\":\"Sonam&#039; - Skol Sonerezh\",\"potentialAction\":[{\"@type\":\"SearchAction\",\"target\":{\"@type\":\"EntryPoint\",\"urlTemplate\":\"https:\\\/\\\/sonam.bzh\\\/?s={search_term_string}\"},\"query-input\":{\"@type\":\"PropertyValueSpecification\",\"valueRequired\":true,\"valueName\":\"search_term_string\"}}],\"inLanguage\":\"br\"}]}<\/script>\n<!-- \/ Yoast SEO plugin. -->","yoast_head_json":{"title":"Eliza Perrin - Sonam&#039; - Skol Sonerezh","robots":{"index":"index","follow":"follow","max-snippet":"max-snippet:-1","max-image-preview":"max-image-preview:large","max-video-preview":"max-video-preview:-1"},"canonical":"https:\/\/sonam.bzh\/ecole-de-musique\/professeurs\/eliza-perrin\/","og_locale":"en_US","og_type":"article","og_title":"Eliza Perrin - Sonam&#039; - Skol Sonerezh","og_description":"Cours de fl\u00fbte traversi\u00e8re en bois et m\u00e9tal, low whistle et tin whistle\u00a0 Mon parcours musical et artistique\u00a0: J&rsquo;ai commenc\u00e9 la musique en \u00e9cole de musique vers l&rsquo;\u00e2ge de 6-7 ans en chorale et fl\u00fbte traversi\u00e8re. J&rsquo;y ai jou\u00e9 \u00e0 l&rsquo;orchestre harmonique pendant une quinzaine d&rsquo;ann\u00e9e. J&rsquo;ai continu\u00e9 en musique de rue sur un mode [&hellip;]","og_url":"https:\/\/sonam.bzh\/ecole-de-musique\/professeurs\/eliza-perrin\/","og_site_name":"Sonam&#039; - Skol Sonerezh","article_publisher":"https:\/\/www.facebook.com\/SonamEcoleDeMusique\/","article_modified_time":"2020-09-16T14:18:18+00:00","og_image":[{"width":446,"height":604,"url":"https:\/\/sonam.bzh\/WP\/wp-content\/uploads\/2020\/09\/Eliza-Fanfare-principale.jpg","type":"image\/jpeg"}],"twitter_card":"summary_large_image","twitter_misc":{"Est. reading time":"2 minutes"},"schema":{"@context":"https:\/\/schema.org","@graph":[{"@type":"WebPage","@id":"https:\/\/sonam.bzh\/ecole-de-musique\/professeurs\/eliza-perrin\/","url":"https:\/\/sonam.bzh\/ecole-de-musique\/professeurs\/eliza-perrin\/","name":"Eliza Perrin - Sonam&#039; - Skol Sonerezh","isPartOf":{"@id":"https:\/\/sonam.bzh\/#website"},"primaryImageOfPage":{"@id":"https:\/\/sonam.bzh\/ecole-de-musique\/professeurs\/eliza-perrin\/#primaryimage"},"image":{"@id":"https:\/\/sonam.bzh\/ecole-de-musique\/professeurs\/eliza-perrin\/#primaryimage"},"thumbnailUrl":"https:\/\/sonam.bzh\/WP\/wp-content\/uploads\/2020\/09\/Eliza-Fanfare-principale.jpg","datePublished":"2020-09-04T06:08:36+00:00","dateModified":"2020-09-16T14:18:18+00:00","breadcrumb":{"@id":"https:\/\/sonam.bzh\/ecole-de-musique\/professeurs\/eliza-perrin\/#breadcrumb"},"inLanguage":"br","potentialAction":[{"@type":"ReadAction","target":["https:\/\/sonam.bzh\/ecole-de-musique\/professeurs\/eliza-perrin\/"]}]},{"@type":"ImageObject","inLanguage":"br","@id":"https:\/\/sonam.bzh\/ecole-de-musique\/professeurs\/eliza-perrin\/#primaryimage","url":"https:\/\/sonam.bzh\/WP\/wp-content\/uploads\/2020\/09\/Eliza-Fanfare-principale.jpg","contentUrl":"https:\/\/sonam.bzh\/WP\/wp-content\/uploads\/2020\/09\/Eliza-Fanfare-principale.jpg","width":446,"height":604},{"@type":"BreadcrumbList","@id":"https:\/\/sonam.bzh\/ecole-de-musique\/professeurs\/eliza-perrin\/#breadcrumb","itemListElement":[{"@type":"ListItem","position":1,"name":"Accueil","item":"https:\/\/sonam.bzh\/"},{"@type":"ListItem","position":2,"name":"L&rsquo;\u00e9cole de musique Sonam&rsquo;","item":"https:\/\/sonam.bzh\/ecole-de-musique\/"},{"@type":"ListItem","position":3,"name":"Les professeurs","item":"https:\/\/sonam.bzh\/ecole-de-musique\/professeurs\/"},{"@type":"ListItem","position":4,"name":"Eliza Perrin"}]},{"@type":"WebSite","@id":"https:\/\/sonam.bzh\/#website","url":"https:\/\/sonam.bzh\/","name":"Sonam - Ecole de Musique","description":"Sonam&#039; - Skol Sonerezh","potentialAction":[{"@type":"SearchAction","target":{"@type":"EntryPoint","urlTemplate":"https:\/\/sonam.bzh\/?s={search_term_string}"},"query-input":{"@type":"PropertyValueSpecification","valueRequired":true,"valueName":"search_term_string"}}],"inLanguage":"br"}]}},"jetpack_sharing_enabled":true,"_links":{"self":[{"href":"https:\/\/sonam.bzh\/br\/wp-json\/wp\/v2\/pages\/1114","targetHints":{"allow":["GET"]}}],"collection":[{"href":"https:\/\/sonam.bzh\/br\/wp-json\/wp\/v2\/pages"}],"about":[{"href":"https:\/\/sonam.bzh\/br\/wp-json\/wp\/v2\/types\/page"}],"author":[{"embeddable":true,"href":"https:\/\/sonam.bzh\/br\/wp-json\/wp\/v2\/users\/85"}],"replies":[{"embeddable":true,"href":"https:\/\/sonam.bzh\/br\/wp-json\/wp\/v2\/comments?post=1114"}],"version-history":[{"count":0,"href":"https:\/\/sonam.bzh\/br\/wp-json\/wp\/v2\/pages\/1114\/revisions"}],"up":[{"embeddable":true,"href":"https:\/\/sonam.bzh\/br\/wp-json\/wp\/v2\/pages\/42"}],"wp:featuredmedia":[{"embeddable":true,"href":"https:\/\/sonam.bzh\/br\/wp-json\/wp\/v2\/media\/1115"}],"wp:attachment":[{"href":"https:\/\/sonam.bzh\/br\/wp-json\/wp\/v2\/media?parent=1114"}],"curies":[{"name":"wp","href":"https:\/\/api.w.org\/{rel}","templated":true}]}}